{"id":410467,"date":"2025-05-09T10:48:01","date_gmt":"2025-05-09T07:48:01","guid":{"rendered":"https:\/\/nbg.eu\/product\/surefire-csp-07-push-button-switch\/"},"modified":"2026-05-13T16:02:09","modified_gmt":"2026-05-13T13:02:09","slug":"surefire-csp-07-tipkalno-stikalo","status":"publish","type":"product","link":"https:\/\/nbg.eu\/sl\/izdelek\/surefire-csp-07-tipkalno-stikalo\/","title":{"rendered":"Surefire CSP-07 tipkalno stikalo"},"content":{"rendered":"<div class=\"product-description\">\n<h2>Surefire CSP-07 Pritisno Stikalo<\/h2>\n<h2>Daljinsko upravljanje. Prihranek prostora.<\/h2>\n<p>CSP-07 pritisno stikalo je re\u0161itev za daljinsko aktiviranje SureFire WeaponLight in ohranjanje prostora na oro\u017eju. To kompaktno stikalo omogo\u010da trenutni vklop in stalni vklop z enim upravljanjem.<\/p>\n<h3>Klju\u010dne lastnosti:<\/h3>\n<ul>\n<li>Daljinska aktivacija za SureFire WeaponLights z vti\u010dnicami<\/li>\n<li>Kompaktna zasnova za u\u010dinkovito uporabo prostora na vodilu<\/li>\n<li>Trenutni vklop z rahlim pritiskom, stalni vklop s polnim klikom<\/li>\n<li>Ohi\u0161je iz trpe\u017enega polimera<\/li>\n<li>Enostavna pritrditev na Picatinny vodila<\/li>\n<li>7-pal\u010dni kabel primeren za ve\u010dino pu\u0161k\/karabin<\/li>\n<li>Vodoodporno stikalo in vti\u010d za zanesljivost v vseh pogojih<\/li>\n<\/ul>\n<h3>Zdru\u017eljivost:<\/h3>\n<p>CSP-07 je zdru\u017eljiv s SureFire WeaponLights z vti\u010dnicami, vklju\u010dno z:<\/p>\n<ul>\n<li>Millennium Universal<\/li>\n<li>Classic Universal<\/li>\n<li>Scout Light (z zadnjim pokrov\u010dkom z vti\u010dnico)<\/li>\n<li>X300<\/li>\n<li>X400 (s XT zadnjim sklopom)<\/li>\n<\/ul>\n<h3>Zakaj izbrati CSP-07?<\/h3>\n<p>CSP-07 zagotavlja, da je va\u0161 WeaponLight pripravljen, ko ga potrebujete. Njegova prostorsko var\u010dna zasnova in namestitev brez orodja ga naredita primerno izbiro za takti\u010dne strokovnjake in navdu\u0161ence. CSP-07 zagotavlja takoj\u0161njo in zanesljivo osvetlitev v vseh situacijah.<\/p>\n<\/div>\n","protected":false},"excerpt":{"rendered":"<p>Daljinsko aktiviranje svetilke na oro\u017eju. Kompaktna zasnova. Trenutni in stalni na\u010dini delovanja.<\/p>\n","protected":false},"featured_media":399948,"template":"","meta":{"_acf_changed":false},"product_brand":[11879],"product_cat":[13435,13414,13472],"product_tag":[],"class_list":{"0":"post-410467","1":"product","2":"type-product","3":"status-publish","4":"has-post-thumbnail","6":"product_brand-surefire","7":"product_cat-dodatki-za-luci","8":"product_cat-luci","9":"product_cat-luci-za-puske","11":"first","12":"instock","13":"taxable","14":"shipping-taxable","15":"purchasable","16":"product-type-simple"},"acf":[],"_links":{"self":[{"href":"https:\/\/nbg.eu\/sl\/wp-json\/wp\/v2\/product\/410467","targetHints":{"allow":["GET"]}}],"collection":[{"href":"https:\/\/nbg.eu\/sl\/wp-json\/wp\/v2\/product"}],"about":[{"href":"https:\/\/nbg.eu\/sl\/wp-json\/wp\/v2\/types\/product"}],"wp:featuredmedia":[{"embeddable":true,"href":"https:\/\/nbg.eu\/sl\/wp-json\/wp\/v2\/media\/399948"}],"wp:attachment":[{"href":"https:\/\/nbg.eu\/sl\/wp-json\/wp\/v2\/media?parent=410467"}],"wp:term":[{"taxonomy":"product_brand","embeddable":true,"href":"https:\/\/nbg.eu\/sl\/wp-json\/wp\/v2\/product_brand?post=410467"},{"taxonomy":"product_cat","embeddable":true,"href":"https:\/\/nbg.eu\/sl\/wp-json\/wp\/v2\/product_cat?post=410467"},{"taxonomy":"product_tag","embeddable":true,"href":"https:\/\/nbg.eu\/sl\/wp-json\/wp\/v2\/product_tag?post=410467"}],"curies":[{"name":"wp","href":"https:\/\/api.w.org\/{rel}","templated":true}]}}