{"id":44654,"date":"2024-08-18T12:37:34","date_gmt":"2024-08-18T09:37:34","guid":{"rendered":"https:\/\/nbg.eu\/product\/flex-holster-spare-slide-lock-teeth-set\/"},"modified":"2026-05-13T16:47:52","modified_gmt":"2026-05-13T13:47:52","slug":"flex-torbica-nadomestni-komplet-zob-za-drsno-zaklepanje","status":"publish","type":"product","link":"https:\/\/nbg.eu\/sl\/izdelek\/flex-torbica-nadomestni-komplet-zob-za-drsno-zaklepanje\/","title":{"rendered":"Flex Torbica &#8211; Nadomestni Komplet Zob Za Drsno Zaklepanje"},"content":{"rendered":"<div class=\"product-description\">\n<h2>Flex Holster &#8211; Komplet nadomestnih zob za drsno zapiranje<\/h2>\n<p>Izbolj\u0161ajte svoj Flex holster s tem nadomestnim kompletom rde\u010dih zob za drsno zapiranje. Zdru\u017eljiv z obema vrstama vstavnih blokov, A in B, ta komplet vklju\u010duje:<\/p>\n<ul>\n<li>Rde\u010de zobe za drsno zapiranje<\/li>\n<li>Monta\u017eno opremo (vijaki in matice)<\/li>\n<\/ul>\n<p>Enostavno nadgradite ali zamenjajte obstoje\u010de zobe za optimalno delovanje in varno prileganje.<\/p>\n<\/div>\n","protected":false},"excerpt":{"rendered":"<p>Nadomestni rde\u010di zobje za drsno zaklepanje za tok Flex, s prilo\u017eeno strojno opremo.<\/p>\n","protected":false},"featured_media":30510,"template":"","meta":{"_acf_changed":false},"product_brand":[11274],"product_cat":[13464,13470,13489],"product_tag":[],"class_list":{"0":"post-44654","1":"product","2":"type-product","3":"status-publish","4":"has-post-thumbnail","6":"product_brand-doublealpha","7":"product_cat-dodatki-za-toke","8":"product_cat-sportna-tok","9":"product_cat-tok","11":"first","12":"instock","13":"taxable","14":"shipping-taxable","15":"purchasable","16":"product-type-simple"},"acf":[],"_links":{"self":[{"href":"https:\/\/nbg.eu\/sl\/wp-json\/wp\/v2\/product\/44654","targetHints":{"allow":["GET"]}}],"collection":[{"href":"https:\/\/nbg.eu\/sl\/wp-json\/wp\/v2\/product"}],"about":[{"href":"https:\/\/nbg.eu\/sl\/wp-json\/wp\/v2\/types\/product"}],"wp:featuredmedia":[{"embeddable":true,"href":"https:\/\/nbg.eu\/sl\/wp-json\/wp\/v2\/media\/30510"}],"wp:attachment":[{"href":"https:\/\/nbg.eu\/sl\/wp-json\/wp\/v2\/media?parent=44654"}],"wp:term":[{"taxonomy":"product_brand","embeddable":true,"href":"https:\/\/nbg.eu\/sl\/wp-json\/wp\/v2\/product_brand?post=44654"},{"taxonomy":"product_cat","embeddable":true,"href":"https:\/\/nbg.eu\/sl\/wp-json\/wp\/v2\/product_cat?post=44654"},{"taxonomy":"product_tag","embeddable":true,"href":"https:\/\/nbg.eu\/sl\/wp-json\/wp\/v2\/product_tag?post=44654"}],"curies":[{"name":"wp","href":"https:\/\/api.w.org\/{rel}","templated":true}]}}