{"id":45076,"date":"2024-08-18T12:28:37","date_gmt":"2024-08-18T09:28:37","guid":{"rendered":"https:\/\/nbg.eu\/product\/lynx-belt-steel-mini-punch-tool\/"},"modified":"2026-05-13T16:02:20","modified_gmt":"2026-05-13T13:02:20","slug":"lynx-pas-jekleno-mini-prebijalo","status":"publish","type":"product","link":"https:\/\/nbg.eu\/sl\/izdelek\/lynx-pas-jekleno-mini-prebijalo\/","title":{"rendered":"Lynx Pas: Jekleno Mini Prebijalo"},"content":{"rendered":"<p>Orodje Lynx Belt: jekleno mini kladivo je kompaktno, po meri izdelano jekleno kladivo, zasnovano za hitro in enostavno odstranjevanje valj\u010dnih zati\u010dev. Popolno za prilagajanje \u010dlenov pasu, to lahko orodje meri 70 mm v dol\u017eino s premerom glave 6 mm in premerom gredi 2,5 mm. Idealno za va\u0161o torbo z orodjem na streli\u0161\u010du.<\/p>\n","protected":false},"excerpt":{"rendered":"<p>Kompaktno jekleno orodje za hitro in enostavno prilagajanje \u010dlenov pasu.<\/p>\n","protected":false},"featured_media":26719,"template":"","meta":{"_acf_changed":false},"product_brand":[11274],"product_cat":[13417],"product_tag":[],"class_list":{"0":"post-45076","1":"product","2":"type-product","3":"status-publish","4":"has-post-thumbnail","6":"product_brand-doublealpha","7":"product_cat-sportni-pasovi","9":"first","10":"outofstock","11":"taxable","12":"shipping-taxable","13":"purchasable","14":"product-type-simple"},"acf":[],"_links":{"self":[{"href":"https:\/\/nbg.eu\/sl\/wp-json\/wp\/v2\/product\/45076","targetHints":{"allow":["GET"]}}],"collection":[{"href":"https:\/\/nbg.eu\/sl\/wp-json\/wp\/v2\/product"}],"about":[{"href":"https:\/\/nbg.eu\/sl\/wp-json\/wp\/v2\/types\/product"}],"wp:featuredmedia":[{"embeddable":true,"href":"https:\/\/nbg.eu\/sl\/wp-json\/wp\/v2\/media\/26719"}],"wp:attachment":[{"href":"https:\/\/nbg.eu\/sl\/wp-json\/wp\/v2\/media?parent=45076"}],"wp:term":[{"taxonomy":"product_brand","embeddable":true,"href":"https:\/\/nbg.eu\/sl\/wp-json\/wp\/v2\/product_brand?post=45076"},{"taxonomy":"product_cat","embeddable":true,"href":"https:\/\/nbg.eu\/sl\/wp-json\/wp\/v2\/product_cat?post=45076"},{"taxonomy":"product_tag","embeddable":true,"href":"https:\/\/nbg.eu\/sl\/wp-json\/wp\/v2\/product_tag?post=45076"}],"curies":[{"name":"wp","href":"https:\/\/api.w.org\/{rel}","templated":true}]}}