{"id":45505,"date":"2024-08-16T17:52:19","date_gmt":"2024-08-16T17:52:19","guid":{"rendered":"https:\/\/nbg.eu\/product\/rhh-backpack\/"},"modified":"2026-01-21T12:01:47","modified_gmt":"2026-01-21T09:01:47","slug":"rhh-nahrbtnik","status":"publish","type":"product","link":"https:\/\/nbg.eu\/sl\/izdelek\/rhh-nahrbtnik\/","title":{"rendered":"RHH Nahrbtnik"},"content":{"rendered":"<div class=\"product-description\">\n<h2>RHH Strelski nahrbtnik<\/h2>\n<p>Oblikovan s strani strelcev za strelce, RHH nahrbtnik je popoln za ve\u010ddnevne tekme, ne glede na to, ali uporabljate eno ali dve pu\u0161ki.<\/p>\n<ul>\n<li>Glavni \u017eep za pu\u0161ko s sistemom zaklepanja za enostaven dostop<\/li>\n<li>Ustreza IPSC pravilom<\/li>\n<li>Velcro panel in MOLLE pritrditev za dodatke<\/li>\n<li>Dovolj prostora za shranjevanje z organiziranimi predali<\/li>\n<li>\u017dep za nabojnike primeren za 30-strelne nabojnike s podalj\u0161animi plo\u0161\u010dicami<\/li>\n<li>Odstranljivi trakovi, ki se lahko uporabijo kot strelska torba<\/li>\n<\/ul>\n<p>Velikost: 100cm x 40cm x 20cm<br \/>\n  \u017dep za pu\u0161ko: do 95cm<br \/>\n  Te\u017ea: 2,9 kg<\/p>\n<p>Pakirajte pametno, streljajte bolje z RHH strelskim nahrbtnikom!<\/p>\n<\/div>\n","protected":false},"excerpt":{"rendered":"<p>RHH nahrbtnik: Zasnovan s strani strelcev, vsestranski, pripravljen za ve\u010ddnevne tekme.<\/p>\n","protected":false},"featured_media":22683,"template":"","meta":{"_acf_changed":false},"product_brand":[11648],"product_cat":[13427],"product_tag":[],"class_list":{"0":"post-45505","1":"product","2":"type-product","3":"status-publish","4":"has-post-thumbnail","6":"product_brand-rh-holsters","7":"product_cat-nahrbtniki","9":"first","10":"instock","11":"taxable","12":"shipping-taxable","13":"purchasable","14":"product-type-simple"},"acf":[],"_links":{"self":[{"href":"https:\/\/nbg.eu\/sl\/wp-json\/wp\/v2\/product\/45505","targetHints":{"allow":["GET"]}}],"collection":[{"href":"https:\/\/nbg.eu\/sl\/wp-json\/wp\/v2\/product"}],"about":[{"href":"https:\/\/nbg.eu\/sl\/wp-json\/wp\/v2\/types\/product"}],"wp:featuredmedia":[{"embeddable":true,"href":"https:\/\/nbg.eu\/sl\/wp-json\/wp\/v2\/media\/22683"}],"wp:attachment":[{"href":"https:\/\/nbg.eu\/sl\/wp-json\/wp\/v2\/media?parent=45505"}],"wp:term":[{"taxonomy":"product_brand","embeddable":true,"href":"https:\/\/nbg.eu\/sl\/wp-json\/wp\/v2\/product_brand?post=45505"},{"taxonomy":"product_cat","embeddable":true,"href":"https:\/\/nbg.eu\/sl\/wp-json\/wp\/v2\/product_cat?post=45505"},{"taxonomy":"product_tag","embeddable":true,"href":"https:\/\/nbg.eu\/sl\/wp-json\/wp\/v2\/product_tag?post=45505"}],"curies":[{"name":"wp","href":"https:\/\/api.w.org\/{rel}","templated":true}]}}