{"id":45735,"date":"2024-08-03T14:57:22","date_gmt":"2024-09-10T14:57:07","guid":{"rendered":"https:\/\/nbg.eu\/product\/rh-sport-pistol-mag-holder\/"},"modified":"2026-01-21T11:33:04","modified_gmt":"2026-01-21T08:33:04","slug":"rh-sport-drzalo-za-nabojnik-pistole","status":"publish","type":"product","link":"https:\/\/nbg.eu\/sl\/izdelek\/rh-sport-drzalo-za-nabojnik-pistole\/","title":{"rendered":"RH Sport Dr\u017ealo za Nabojnik Pi\u0161tole"},"content":{"rendered":"<p>Nosilec za nabojnik pi\u0161tole RH Sport je premium zunanja re\u0161itev za prikrito no\u0161enje in uporabo na streli\u0161\u010du. Zna\u010dilnosti:<\/p>\n<ul>\n<li>Vakuumsko stisnjena 2 mm Kydex konstrukcija<\/li>\n<li>Natan\u010dno prileganje za no\u0161enje enega ali dveh nabojnikov<\/li>\n<li>Ostri robovi z gladkimi, ro\u010dno obdelanimi zaklju\u010dki<\/li>\n<li>Trpe\u017ena konstrukcija z votlimi zakovicami<\/li>\n<li>Enostavna dostopnost za hitro menjavo nabojnikov<\/li>\n<\/ul>\n<p>Zasnovan za udobje in zanesljivost, je popoln spremljevalec va\u0161ega strelnega oro\u017eja.<\/p>\n","protected":false},"excerpt":{"rendered":"<p>Varen OWB Kydex nosilec za nabojnik za hiter dostop na streli\u0161\u010du ali pri prikritemu no\u0161enju oro\u017eja.<\/p>\n","protected":false},"featured_media":45736,"template":"","meta":{"_acf_changed":false},"product_brand":[11648],"product_cat":[13474,13489],"product_tag":[],"class_list":{"0":"post-45735","1":"product","2":"type-product","3":"status-publish","4":"has-post-thumbnail","6":"product_brand-rh-holsters","7":"product_cat-drzala-za-nabojnike","8":"product_cat-tok","10":"first","11":"instock","12":"taxable","13":"shipping-taxable","14":"purchasable","15":"product-type-variable","16":"wvs-archive-product-wrapper"},"acf":[],"_links":{"self":[{"href":"https:\/\/nbg.eu\/sl\/wp-json\/wp\/v2\/product\/45735","targetHints":{"allow":["GET"]}}],"collection":[{"href":"https:\/\/nbg.eu\/sl\/wp-json\/wp\/v2\/product"}],"about":[{"href":"https:\/\/nbg.eu\/sl\/wp-json\/wp\/v2\/types\/product"}],"wp:featuredmedia":[{"embeddable":true,"href":"https:\/\/nbg.eu\/sl\/wp-json\/wp\/v2\/media\/45736"}],"wp:attachment":[{"href":"https:\/\/nbg.eu\/sl\/wp-json\/wp\/v2\/media?parent=45735"}],"wp:term":[{"taxonomy":"product_brand","embeddable":true,"href":"https:\/\/nbg.eu\/sl\/wp-json\/wp\/v2\/product_brand?post=45735"},{"taxonomy":"product_cat","embeddable":true,"href":"https:\/\/nbg.eu\/sl\/wp-json\/wp\/v2\/product_cat?post=45735"},{"taxonomy":"product_tag","embeddable":true,"href":"https:\/\/nbg.eu\/sl\/wp-json\/wp\/v2\/product_tag?post=45735"}],"curies":[{"name":"wp","href":"https:\/\/api.w.org\/{rel}","templated":true}]}}