{"id":46013,"date":"2024-08-03T17:10:30","date_gmt":"2024-08-03T14:10:30","guid":{"rendered":"https:\/\/nbg.eu\/product\/rh-classic-iwb-holster\/"},"modified":"2026-01-21T12:14:35","modified_gmt":"2026-01-21T09:14:35","slug":"rh-classic-iwb-tok","status":"publish","type":"product","link":"https:\/\/nbg.eu\/sl\/izdelek\/rh-classic-iwb-tok\/","title":{"rendered":"RH Classic IWB Tok"},"content":{"rendered":"<p>RH Classic IWB tok za oro\u017eje nudi udobno prikrito no\u0161enje. Zna\u010dilnosti vklju\u010dujejo:<\/p>\n<ul>\n<li>Vakuumsko stisnjeni kydex za natan\u010dno prileganje oro\u017eju<\/li>\n<li>Nastavljiv prijem in naklon<\/li>\n<li>Mo\u017enost pritrditve kremplja in ERC dodatkov<\/li>\n<li>Tanek profil za minimalno vidnost<\/li>\n<li>Ro\u010dno rezani robovi za udobje<\/li>\n<li>Konstrukcija iz enega kosa<\/li>\n<li>Odprto dno za ve\u010djo prilagodljivost<\/li>\n<\/ul>\n<p>Primerno za vsakodnevno prikrito no\u0161enje.<\/p>\n","protected":false},"excerpt":{"rendered":"<p>Tanek IWB pas za oro\u017eje: Nastavljiv, za prikrito no\u0161enje z mo\u017enostjo kremplja in ERC.<\/p>\n","protected":false},"featured_media":46015,"template":"","meta":{"_acf_changed":false},"product_brand":[11648],"product_cat":[13456,13489],"product_tag":[],"class_list":{"0":"post-46013","1":"product","2":"type-product","3":"status-publish","4":"has-post-thumbnail","6":"product_brand-rh-holsters","7":"product_cat-takticne-kabure","8":"product_cat-tok","10":"first","11":"instock","12":"taxable","13":"shipping-taxable","14":"purchasable","15":"product-type-variable","16":"wvs-archive-product-wrapper"},"acf":[],"_links":{"self":[{"href":"https:\/\/nbg.eu\/sl\/wp-json\/wp\/v2\/product\/46013","targetHints":{"allow":["GET"]}}],"collection":[{"href":"https:\/\/nbg.eu\/sl\/wp-json\/wp\/v2\/product"}],"about":[{"href":"https:\/\/nbg.eu\/sl\/wp-json\/wp\/v2\/types\/product"}],"wp:featuredmedia":[{"embeddable":true,"href":"https:\/\/nbg.eu\/sl\/wp-json\/wp\/v2\/media\/46015"}],"wp:attachment":[{"href":"https:\/\/nbg.eu\/sl\/wp-json\/wp\/v2\/media?parent=46013"}],"wp:term":[{"taxonomy":"product_brand","embeddable":true,"href":"https:\/\/nbg.eu\/sl\/wp-json\/wp\/v2\/product_brand?post=46013"},{"taxonomy":"product_cat","embeddable":true,"href":"https:\/\/nbg.eu\/sl\/wp-json\/wp\/v2\/product_cat?post=46013"},{"taxonomy":"product_tag","embeddable":true,"href":"https:\/\/nbg.eu\/sl\/wp-json\/wp\/v2\/product_tag?post=46013"}],"curies":[{"name":"wp","href":"https:\/\/api.w.org\/{rel}","templated":true}]}}