{"id":46906,"date":"2024-07-30T19:11:42","date_gmt":"2024-07-30T19:11:42","guid":{"rendered":"https:\/\/nbg.eu\/product\/surefire-csm-07-weaponlight-switch\/"},"modified":"2026-01-21T11:28:58","modified_gmt":"2026-01-21T08:28:58","slug":"surefire-csm-07-stikalo-za-orozno-svetilko","status":"publish","type":"product","link":"https:\/\/nbg.eu\/sl\/izdelek\/surefire-csm-07-stikalo-za-orozno-svetilko\/","title":{"rendered":"SureFire CSM-07 STIKALO ZA ORO\u017dNO SVETILKO"},"content":{"rendered":"<h2>SureFire CSM-07 STIKALO ZA ORO\u017dNO SVETILKO<\/h2>\n<p>SureFire CSM-07 STIKALO ZA ORO\u017dNO SVETILKO je daljinski aktivacijski sistem za vse SureFire oro\u017ene svetilke z vti\u010dnico za stikalo.<\/p>\n<h2>Glavne lastnosti:<\/h2>\n<ul>\n<li>Eno stikalo za trenutno in stalno aktivacijo<\/li>\n<li>Pritrditev na M-LOK vodilo s prilo\u017eeno objemko<\/li>\n<li>Kompaktna zasnova<\/li>\n<li>Ohi\u0161je iz trpe\u017enega polimera<\/li>\n<li>Izdelano po SureFire standardih<\/li>\n<\/ul>\n<p>CSM-07 omogo\u010da nadzor: rahel pritisk za trenutno delovanje ali klik za stalno delovanje. Kompaktna zasnova prihrani prostor na vodilu.<\/p>\n<h2>Zdru\u017eljivost:<\/h2>\n<p>Primerno za SureFire oro\u017ene svetilke z vti\u010dnicami, vklju\u010dno z Millennium Universal, Classic Universal, Scout Light (z vti\u010dnim repnim pokrovom), X300 in X400 (s XT repnim pokrovom).<\/p>\n<p>CSM-07 je zanesljiv za aktivacijo svetilke.<\/p>\n","protected":false},"excerpt":{"rendered":"<p>Daljinski stikalo SureFire WeaponLight za M-LOK tirnice. Kompaktna zasnova.<\/p>\n","protected":false},"featured_media":46907,"template":"","meta":{"_acf_changed":false},"product_brand":[11879],"product_cat":[13435,13414,13472],"product_tag":[],"class_list":{"0":"post-46906","1":"product","2":"type-product","3":"status-publish","4":"has-post-thumbnail","6":"product_brand-surefire","7":"product_cat-dodatki-za-luci","8":"product_cat-luci","9":"product_cat-luci-za-puske","11":"first","12":"instock","13":"taxable","14":"shipping-taxable","15":"purchasable","16":"product-type-simple"},"acf":[],"_links":{"self":[{"href":"https:\/\/nbg.eu\/sl\/wp-json\/wp\/v2\/product\/46906","targetHints":{"allow":["GET"]}}],"collection":[{"href":"https:\/\/nbg.eu\/sl\/wp-json\/wp\/v2\/product"}],"about":[{"href":"https:\/\/nbg.eu\/sl\/wp-json\/wp\/v2\/types\/product"}],"wp:featuredmedia":[{"embeddable":true,"href":"https:\/\/nbg.eu\/sl\/wp-json\/wp\/v2\/media\/46907"}],"wp:attachment":[{"href":"https:\/\/nbg.eu\/sl\/wp-json\/wp\/v2\/media?parent=46906"}],"wp:term":[{"taxonomy":"product_brand","embeddable":true,"href":"https:\/\/nbg.eu\/sl\/wp-json\/wp\/v2\/product_brand?post=46906"},{"taxonomy":"product_cat","embeddable":true,"href":"https:\/\/nbg.eu\/sl\/wp-json\/wp\/v2\/product_cat?post=46906"},{"taxonomy":"product_tag","embeddable":true,"href":"https:\/\/nbg.eu\/sl\/wp-json\/wp\/v2\/product_tag?post=46906"}],"curies":[{"name":"wp","href":"https:\/\/api.w.org\/{rel}","templated":true}]}}