{"id":47089,"date":"2024-07-30T19:06:10","date_gmt":"2024-09-12T12:56:22","guid":{"rendered":"https:\/\/nbg.eu\/product\/iosso-ar-rifle-complete-cleaning-kit\/"},"modified":"2026-05-13T15:12:05","modified_gmt":"2026-05-13T12:12:05","slug":"iosso-ar-puska-kompletni-komplet-za-ciscenje","status":"publish","type":"product","link":"https:\/\/nbg.eu\/sl\/izdelek\/iosso-ar-puska-kompletni-komplet-za-ciscenje\/","title":{"rendered":"Iosso AR Puska Kompletni Komplet za Ciscenje"},"content":{"rendered":"<div class=\"product-description\">\n<h2>Iosso AR komplet za \u010di\u0161\u010denje pu\u0161ke<\/h2>\n<p>Vzdr\u017eujte svoje strelno oro\u017eje s tem kompletom za \u010di\u0161\u010denje. Zna\u010dilnosti:<\/p>\n<ul>\n<li>6 natan\u010dno prilegajo\u010dih se \u0161\u010detk za \u010di\u0161\u010denje<\/li>\n<li>\u010cisti zgornji sprejemnik, le\u017ei\u0161\u010de naboja, nosilec zaklepa, cev kalibra .223\/.30, cevko klju\u010da in plinsko cev<\/li>\n<li>\u0160\u010detka za plinsko cev \u010disti brez razstavljanja<\/li>\n<li>Vklju\u010duje vsa potrebna orodja, palico in vrvico<\/li>\n<li>Primerno za pi\u0161tole, pu\u0161ke in \u0161ibrenice<\/li>\n<li>Prilo\u017eena torba za prena\u0161anje<\/li>\n<\/ul>\n<p>Za optimalne rezultate uporabite skupaj z Iosso \u010distilom za cev in trojnim oljem (naprodaj posebej).<\/p>\n<\/div>\n","protected":false},"excerpt":{"rendered":"<p>Celovit komplet za \u010di\u0161\u010denje AR pu\u0161ke s 6 \u0161\u010detkami in osnovnimi orodji.<\/p>\n","protected":false},"featured_media":107647,"template":"","meta":{"_acf_changed":false},"product_brand":[11488],"product_cat":[13425,13432,13442],"product_tag":[],"class_list":{"0":"post-47089","1":"product","2":"type-product","3":"status-publish","4":"has-post-thumbnail","6":"product_brand-iosso","7":"product_cat-ciscenje-orozja","8":"product_cat-kompleti-za-ciscenje","9":"product_cat-krtace","11":"first","12":"instock","13":"taxable","14":"shipping-taxable","15":"purchasable","16":"product-type-variable","17":"wvs-archive-product-wrapper"},"acf":[],"_links":{"self":[{"href":"https:\/\/nbg.eu\/sl\/wp-json\/wp\/v2\/product\/47089","targetHints":{"allow":["GET"]}}],"collection":[{"href":"https:\/\/nbg.eu\/sl\/wp-json\/wp\/v2\/product"}],"about":[{"href":"https:\/\/nbg.eu\/sl\/wp-json\/wp\/v2\/types\/product"}],"wp:featuredmedia":[{"embeddable":true,"href":"https:\/\/nbg.eu\/sl\/wp-json\/wp\/v2\/media\/107647"}],"wp:attachment":[{"href":"https:\/\/nbg.eu\/sl\/wp-json\/wp\/v2\/media?parent=47089"}],"wp:term":[{"taxonomy":"product_brand","embeddable":true,"href":"https:\/\/nbg.eu\/sl\/wp-json\/wp\/v2\/product_brand?post=47089"},{"taxonomy":"product_cat","embeddable":true,"href":"https:\/\/nbg.eu\/sl\/wp-json\/wp\/v2\/product_cat?post=47089"},{"taxonomy":"product_tag","embeddable":true,"href":"https:\/\/nbg.eu\/sl\/wp-json\/wp\/v2\/product_tag?post=47089"}],"curies":[{"name":"wp","href":"https:\/\/api.w.org\/{rel}","templated":true}]}}