{"id":48690,"date":"2024-07-29T22:00:12","date_gmt":"2024-07-29T19:00:12","guid":{"rendered":"https:\/\/nbg.eu\/product\/ten-speed-single-pistol-mag-pouch\/"},"modified":"2026-01-21T11:58:15","modified_gmt":"2026-01-21T08:58:15","slug":"ten-speed-enojni-zepek-za-pistolski-nabojnik","status":"publish","type":"product","link":"https:\/\/nbg.eu\/sl\/izdelek\/ten-speed-enojni-zepek-za-pistolski-nabojnik\/","title":{"rendered":"Ten-Speed\u00ae Enojni \u017depek za Pi\u0161tolski Nabojnik"},"content":{"rendered":"<h2>Enojna torbica za pi\u0161tolski nabojnik Ten-Speed\u00ae<\/h2>\n<p>Na\u0161a torbica Ten-Speed\u00ae za en pi\u0161tolski nabojnik je zasnovana za sodobno takti\u010dno uporabo. Ta ve\u010dnamenska torbica sprejme:<\/p>\n<ul>\n<li>Enojne ali dvojne pi\u0161tolske nabojnike (do HK 45)<\/li>\n<li>Ve\u010dnamenska orodja<\/li>\n<li>Svetilke<\/li>\n<li>No\u017ee<\/li>\n<li>Majhne OC razpr\u0161ilce<\/li>\n<\/ul>\n<p>Izdelana je iz elastike voja\u0161ke kakovosti in materiala ULTRAcomp\u2122. Ko ni v uporabi, le\u017ei plosko. Sistem pritrditve Helium Whisper\u00ae omogo\u010da zdru\u017eljivost z MOLLE in zmanj\u0161a te\u017eo do 60 % brez zmanj\u0161anja vzdr\u017eljivosti.<\/p>\n<p>Velikost: 0,32 cm x 5,08 cm x 10,16 cm (potrebno 2&#215;1 MOLLE polje)<\/p>\n<p>Izdelana je iz najnovej\u0161ih materialov za bolj\u0161e zadr\u017eevanje in trajnost.<\/p>\n","protected":false},"excerpt":{"rendered":"<p>Hitro dostopna, ultra lahka torbica za pi\u0161tolske nabojnike za enojne\/dvojne nabojnike.<\/p>\n","protected":false},"featured_media":33980,"template":"","meta":{"_acf_changed":false},"product_brand":[11139],"product_cat":[13474,13489],"product_tag":[],"class_list":{"0":"post-48690","1":"product","2":"type-product","3":"status-publish","4":"has-post-thumbnail","6":"product_brand-blue-force-gear","7":"product_cat-drzala-za-nabojnike","8":"product_cat-tok","10":"first","11":"instock","12":"taxable","13":"shipping-taxable","14":"purchasable","15":"product-type-variable","16":"wvs-archive-product-wrapper"},"acf":[],"_links":{"self":[{"href":"https:\/\/nbg.eu\/sl\/wp-json\/wp\/v2\/product\/48690","targetHints":{"allow":["GET"]}}],"collection":[{"href":"https:\/\/nbg.eu\/sl\/wp-json\/wp\/v2\/product"}],"about":[{"href":"https:\/\/nbg.eu\/sl\/wp-json\/wp\/v2\/types\/product"}],"wp:featuredmedia":[{"embeddable":true,"href":"https:\/\/nbg.eu\/sl\/wp-json\/wp\/v2\/media\/33980"}],"wp:attachment":[{"href":"https:\/\/nbg.eu\/sl\/wp-json\/wp\/v2\/media?parent=48690"}],"wp:term":[{"taxonomy":"product_brand","embeddable":true,"href":"https:\/\/nbg.eu\/sl\/wp-json\/wp\/v2\/product_brand?post=48690"},{"taxonomy":"product_cat","embeddable":true,"href":"https:\/\/nbg.eu\/sl\/wp-json\/wp\/v2\/product_cat?post=48690"},{"taxonomy":"product_tag","embeddable":true,"href":"https:\/\/nbg.eu\/sl\/wp-json\/wp\/v2\/product_tag?post=48690"}],"curies":[{"name":"wp","href":"https:\/\/api.w.org\/{rel}","templated":true}]}}