{"id":50503,"date":"2024-04-18T10:53:56","date_gmt":"2024-09-13T08:59:36","guid":{"rendered":"https:\/\/nbg.eu\/product\/blue-force-gear-gmt-sling\/"},"modified":"2026-01-21T11:38:00","modified_gmt":"2026-01-21T08:38:00","slug":"blue-force-gear-gmt-jermen","status":"publish","type":"product","link":"https:\/\/nbg.eu\/sl\/izdelek\/blue-force-gear-gmt-jermen\/","title":{"rendered":"Blue Force Gear GMT Jermen"},"content":{"rendered":"<h2>Blue Force Gear GMT Pas za oro\u017eje<\/h2>\n<p>Blue Force Gear GMT pas za oro\u017eje re\u0161uje pomanjkljivosti starih pasov za oro\u017eje in ponuja udobje in funkcionalnost.<\/p>\n<h2>Klju\u010dne lastnosti:<\/h2>\n<ul>\n<li>Dvojna zaklepna zaponka iz trpe\u017enega najlona, oja\u010danega s steklenimi vlakni<\/li>\n<li>Trak iz CORDURA\u00ae najlona za udobje in zmanj\u0161ano zatikanje<\/li>\n<li>Enostavno prilagajanje: Povlecite rep za zategovanje, primite okroglo sprostitveno ro\u010dico za popu\u0161\u010danje<\/li>\n<li>V\u0161it zaustavljalec na koncu repa prepre\u010duje nenamerno sprostitev oro\u017eja<\/li>\n<\/ul>\n<h2>Specifikacije:<\/h2>\n<ul>\n<li>Na voljo v \u0161irinah traku 2,54 cm in 3,175 cm<\/li>\n<li>Zdru\u017eljiv z razli\u010dnimi strelnimi oro\u017eji, od lahkih pu\u0161k do \u0161ibrenic<\/li>\n<li>Dol\u017eina: 86,36 cm &#8211; 162,56 cm<\/li>\n<li>Material zaponke: Najlon DuPont Zytel\u00ae, oja\u010dan s steklenimi vlakni<\/li>\n<\/ul>\n<p>GMT pas za oro\u017eje predstavlja napredek v zasnovi takti\u010dnih pasov za oro\u017eje.<\/p>\n","protected":false},"excerpt":{"rendered":"<p>Inovativna takti\u010dna zanka z nerjave\u010dim regulatorjem in udobnim trakom.<\/p>\n","protected":false},"featured_media":50504,"template":"","meta":{"_acf_changed":false},"product_brand":[11139],"product_cat":[13419,13491],"product_tag":[],"class_list":{"0":"post-50503","1":"product","2":"type-product","3":"status-publish","4":"has-post-thumbnail","6":"product_brand-blue-force-gear","7":"product_cat-jermenice","8":"product_cat-oprema","10":"first","11":"instock","12":"taxable","13":"shipping-taxable","14":"purchasable","15":"product-type-variable","16":"wvs-archive-product-wrapper"},"acf":[],"_links":{"self":[{"href":"https:\/\/nbg.eu\/sl\/wp-json\/wp\/v2\/product\/50503","targetHints":{"allow":["GET"]}}],"collection":[{"href":"https:\/\/nbg.eu\/sl\/wp-json\/wp\/v2\/product"}],"about":[{"href":"https:\/\/nbg.eu\/sl\/wp-json\/wp\/v2\/types\/product"}],"wp:featuredmedia":[{"embeddable":true,"href":"https:\/\/nbg.eu\/sl\/wp-json\/wp\/v2\/media\/50504"}],"wp:attachment":[{"href":"https:\/\/nbg.eu\/sl\/wp-json\/wp\/v2\/media?parent=50503"}],"wp:term":[{"taxonomy":"product_brand","embeddable":true,"href":"https:\/\/nbg.eu\/sl\/wp-json\/wp\/v2\/product_brand?post=50503"},{"taxonomy":"product_cat","embeddable":true,"href":"https:\/\/nbg.eu\/sl\/wp-json\/wp\/v2\/product_cat?post=50503"},{"taxonomy":"product_tag","embeddable":true,"href":"https:\/\/nbg.eu\/sl\/wp-json\/wp\/v2\/product_tag?post=50503"}],"curies":[{"name":"wp","href":"https:\/\/api.w.org\/{rel}","templated":true}]}}