{"id":51014,"date":"2024-01-30T18:05:11","date_gmt":"2024-01-30T18:05:11","guid":{"rendered":"https:\/\/nbg.eu\/product\/blue-force-gear-vickers-padded-sling\/"},"modified":"2026-01-21T12:31:31","modified_gmt":"2026-01-21T09:31:31","slug":"blue-force-gear-vickers-blazinjen-jermen","status":"publish","type":"product","link":"https:\/\/nbg.eu\/sl\/izdelek\/blue-force-gear-vickers-blazinjen-jermen\/","title":{"rendered":"Blue Force Gear Vickers blazinjen jermen"},"content":{"rendered":"<h2>Blue Force Gear Vickers oblazinjen nosilni jermen<\/h2>\n<p>Patentirani Vickers oblazinjen bojni nosilni jermen\u2122. Razvit v sodelovanju z Larryjem Vickersom, nekdanjim operativnim \u010dlanom 1. SFOD-Delta, ta hitro prilagodljiv takti\u010dni nosilni jermen uporablja ameri\u0161ka vojska.<\/p>\n<h2>Klju\u010dne lastnosti:<\/h2>\n<ul>\n<li>5 cm vgrajena blazina za dodatno udobje<\/li>\n<li>Konstrukcija iz pene z zaprtimi celicami<\/li>\n<li>Hitri prilagojevalnik za takoj\u0161nje spremembe dol\u017eine<\/li>\n<li>Nemoten prehod iz no\u0161enja v bojno pripravljenost<\/li>\n<li>Izdelano v ZDA z kakovostnimi materiali<\/li>\n<\/ul>\n<p>Vickers oblazinjen nosilni jermen zdru\u017euje udobje in funkcionalnost.<\/p>\n","protected":false},"excerpt":{"rendered":"<p>Hitro nastavljiv takti\u010dni pas s podlo\u017eenim udobjem za pu\u0161ke.<\/p>\n","protected":false},"featured_media":50852,"template":"","meta":{"_acf_changed":false},"product_brand":[11139],"product_cat":[13419,13491],"product_tag":[],"class_list":{"0":"post-51014","1":"product","2":"type-product","3":"status-publish","4":"has-post-thumbnail","6":"product_brand-blue-force-gear","7":"product_cat-jermenice","8":"product_cat-oprema","10":"first","11":"instock","12":"taxable","13":"shipping-taxable","14":"purchasable","15":"product-type-variable","16":"wvs-archive-product-wrapper"},"acf":[],"_links":{"self":[{"href":"https:\/\/nbg.eu\/sl\/wp-json\/wp\/v2\/product\/51014","targetHints":{"allow":["GET"]}}],"collection":[{"href":"https:\/\/nbg.eu\/sl\/wp-json\/wp\/v2\/product"}],"about":[{"href":"https:\/\/nbg.eu\/sl\/wp-json\/wp\/v2\/types\/product"}],"wp:featuredmedia":[{"embeddable":true,"href":"https:\/\/nbg.eu\/sl\/wp-json\/wp\/v2\/media\/50852"}],"wp:attachment":[{"href":"https:\/\/nbg.eu\/sl\/wp-json\/wp\/v2\/media?parent=51014"}],"wp:term":[{"taxonomy":"product_brand","embeddable":true,"href":"https:\/\/nbg.eu\/sl\/wp-json\/wp\/v2\/product_brand?post=51014"},{"taxonomy":"product_cat","embeddable":true,"href":"https:\/\/nbg.eu\/sl\/wp-json\/wp\/v2\/product_cat?post=51014"},{"taxonomy":"product_tag","embeddable":true,"href":"https:\/\/nbg.eu\/sl\/wp-json\/wp\/v2\/product_tag?post=51014"}],"curies":[{"name":"wp","href":"https:\/\/api.w.org\/{rel}","templated":true}]}}