{"id":525794,"date":"2025-08-19T20:38:50","date_gmt":"2025-08-19T17:38:50","guid":{"rendered":"https:\/\/nbg.eu\/product\/hographic-sight-eotech-exps3\/"},"modified":"2026-01-21T11:45:41","modified_gmt":"2026-01-21T08:45:41","slug":"hographic-sight-eotech-exps3","status":"publish","type":"product","link":"https:\/\/nbg.eu\/sl\/izdelek\/hographic-sight-eotech-exps3\/","title":{"rendered":"Hographic sight EOTECH EXPS3"},"content":{"rendered":"<div class=\"product-description\">\n<h2>EOTECH HWS EXPS3\u2122 Holografski merek<\/h2>\n<p>EOTECH HWS EXPS3\u2122 je holografski merek, ki ponuja:<\/p>\n<ul>\n<li>Streljanje z obema o\u010desoma odprtima<\/li>\n<li>Zdru\u017eljivost z no\u010dnim vidom z 10 dodatnimi nastavitvami<\/li>\n<li>7mm dvignjena hitro snemljiva baza za soo\u010denje z \u017eeleznimi merki v spodnji tretjini<\/li>\n<li>Kompaktna zasnova: 3,8&#8243; x 2,3&#8243; x 2,9&#8243;<\/li>\n<li>Te\u017ea 11,2 oz<\/li>\n<li>Vodoodporen do globine 33 \u010devljev<\/li>\n<li>20 nastavitev svetlosti za dnevno svetlobo<\/li>\n<li>1.000-urna \u017eivljenjska doba baterije pri nominalni nastavitvi<\/li>\n<\/ul>\n<p>Izdelano v ZDA, EXPS3 se namesti na 1&#8243; Weaver ali MIL-STD-1913 tirnice in deluje pri temperaturah od -40\u00b0F do 140\u00b0F. Vklju\u010duje vodnik za hiter za\u010detek, garancijski list in baterijo CR123.<\/p>\n<\/div>\n","protected":false},"excerpt":{"rendered":"<p>Hitro zaznavanje tar\u010de, zdru\u017eljivo z no\u010dnim vidom, dvignjena osnova za hitro snemanje.<\/p>\n","protected":false},"featured_media":466380,"template":"","meta":{"_acf_changed":false},"product_brand":[],"product_cat":[13443,13434],"product_tag":[],"class_list":{"0":"post-525794","1":"product","2":"type-product","3":"status-publish","4":"has-post-thumbnail","6":"product_cat-kolimatorji-za-puske","7":"product_cat-nisanjenje","9":"first","10":"outofstock","11":"taxable","12":"shipping-taxable","13":"purchasable","14":"product-type-simple"},"acf":[],"_links":{"self":[{"href":"https:\/\/nbg.eu\/sl\/wp-json\/wp\/v2\/product\/525794","targetHints":{"allow":["GET"]}}],"collection":[{"href":"https:\/\/nbg.eu\/sl\/wp-json\/wp\/v2\/product"}],"about":[{"href":"https:\/\/nbg.eu\/sl\/wp-json\/wp\/v2\/types\/product"}],"wp:featuredmedia":[{"embeddable":true,"href":"https:\/\/nbg.eu\/sl\/wp-json\/wp\/v2\/media\/466380"}],"wp:attachment":[{"href":"https:\/\/nbg.eu\/sl\/wp-json\/wp\/v2\/media?parent=525794"}],"wp:term":[{"taxonomy":"product_brand","embeddable":true,"href":"https:\/\/nbg.eu\/sl\/wp-json\/wp\/v2\/product_brand?post=525794"},{"taxonomy":"product_cat","embeddable":true,"href":"https:\/\/nbg.eu\/sl\/wp-json\/wp\/v2\/product_cat?post=525794"},{"taxonomy":"product_tag","embeddable":true,"href":"https:\/\/nbg.eu\/sl\/wp-json\/wp\/v2\/product_tag?post=525794"}],"curies":[{"name":"wp","href":"https:\/\/api.w.org\/{rel}","templated":true}]}}