{"id":526442,"date":"2025-08-20T17:48:48","date_gmt":"2025-08-20T14:48:48","guid":{"rendered":"https:\/\/nbg.eu\/product\/recoil-spring-ismi-15-lb-spring-for-glock-17-gl15\/"},"modified":"2026-01-21T11:39:14","modified_gmt":"2026-01-21T08:39:14","slug":"recoil-spring-ismi-15-lb-spring-for-glock-17-gl15","status":"publish","type":"product","link":"https:\/\/nbg.eu\/sl\/izdelek\/recoil-spring-ismi-15-lb-spring-for-glock-17-gl15\/","title":{"rendered":"Recoil spring ISMI 15 lb. Spring for Glock 17 (GL15)"},"content":{"rendered":"<div class=\"product-description\">\n<h2>ISMI 15 lb. plo\u0161\u010data vzmetna povratna vzmet za Glock 17 (GL15)<\/h2>\n<p>ISMI-jeva povratna vzmet za Glock 17. Ta 15 lb. plo\u0161\u010data \u017ei\u010dna vzmet je izdelana iz krom-vanadijeve zlitine, zasnovana za tovarni\u0161ki vodilni drog premera .250&#8243; ali manj.<\/p>\n<ul>\n<li>Zasnovana s CAD in izdelana po letalskih specifikacijah<\/li>\n<li>Toplotno obdelana, peskana in popolnoma spro\u0161\u010dena napetosti<\/li>\n<li>Zagotavlja dosledno in zanesljivo delovanje<\/li>\n<li>Zdru\u017eljiva z Glock 17, 17L, 20, 21, 22, 24, 31, 35<\/li>\n<li>Izdelano v ZDA<\/li>\n<\/ul>\n<p>Nadgradite svoj Glock z ISMI-jevo povratno vzmetjo za izbolj\u0161ano zanesljivost in delovanje. Izbolj\u0161a udobje pri streljanju in natan\u010dnost.<\/p>\n<\/div>\n","protected":false},"excerpt":{"rendered":"<p>Precizna 15-funtna ravna \u017ei\u010dna povratna vzmet za Glock 17. Izdelana v ZDA, izbolj\u0161a delovanje.<\/p>\n","protected":false},"featured_media":470582,"template":"","meta":{"_acf_changed":false},"product_brand":[11415],"product_cat":[13433,13451],"product_tag":[],"class_list":{"0":"post-526442","1":"product","2":"type-product","3":"status-publish","4":"has-post-thumbnail","6":"product_brand-glock","7":"product_cat-kmr-deli","8":"product_cat-vzmeti","10":"first","11":"outofstock","12":"taxable","13":"shipping-taxable","14":"purchasable","15":"product-type-simple"},"acf":[],"_links":{"self":[{"href":"https:\/\/nbg.eu\/sl\/wp-json\/wp\/v2\/product\/526442","targetHints":{"allow":["GET"]}}],"collection":[{"href":"https:\/\/nbg.eu\/sl\/wp-json\/wp\/v2\/product"}],"about":[{"href":"https:\/\/nbg.eu\/sl\/wp-json\/wp\/v2\/types\/product"}],"wp:featuredmedia":[{"embeddable":true,"href":"https:\/\/nbg.eu\/sl\/wp-json\/wp\/v2\/media\/470582"}],"wp:attachment":[{"href":"https:\/\/nbg.eu\/sl\/wp-json\/wp\/v2\/media?parent=526442"}],"wp:term":[{"taxonomy":"product_brand","embeddable":true,"href":"https:\/\/nbg.eu\/sl\/wp-json\/wp\/v2\/product_brand?post=526442"},{"taxonomy":"product_cat","embeddable":true,"href":"https:\/\/nbg.eu\/sl\/wp-json\/wp\/v2\/product_cat?post=526442"},{"taxonomy":"product_tag","embeddable":true,"href":"https:\/\/nbg.eu\/sl\/wp-json\/wp\/v2\/product_tag?post=526442"}],"curies":[{"name":"wp","href":"https:\/\/api.w.org\/{rel}","templated":true}]}}