{"id":527533,"date":"2025-09-02T20:13:23","date_gmt":"2025-09-02T17:13:23","guid":{"rendered":"https:\/\/nbg.eu\/product\/general-nano-protection-super-nano-grease-synthetic-761034\/"},"modified":"2026-01-21T11:44:39","modified_gmt":"2026-01-21T08:44:39","slug":"general-nano-protection-super-nano-grease-synthetic-761034","status":"publish","type":"product","link":"https:\/\/nbg.eu\/sl\/izdelek\/general-nano-protection-super-nano-grease-synthetic-761034\/","title":{"rendered":"General Nano Protection &#8211; Super Nano Grease &#8211; Synthetic &#8211; 761034"},"content":{"rendered":"<h1>General Nano Protection &#8211; Super Nano mast &#8211; Sinteti\u010dna &#8211; 761034<\/h1>\n<p>Sinteti\u010dno olje za oro\u017eje. Ta 200ml steklenica Super Nano masti nudi za\u0161\u010dito in u\u010dinkovitost za va\u0161e oro\u017eje.<\/p>\n<ul>\n<li>\u010cisti prah, ogljik in ma\u0161\u010dobo<\/li>\n<li>Odstranjuje vlago in \u0161\u010diti pred korozijo<\/li>\n<li>Zmanj\u0161uje trenje in obrabo razli\u010dnih materialov<\/li>\n<li>Podalj\u0161uje \u017eivljenjsko dobo oro\u017eja<\/li>\n<li>Tehnologija nanodelcev za bolj\u0161e prodiranje<\/li>\n<li>Hidrofobni premaz odbija vodo<\/li>\n<li>Odporno na temperature od -60\u00b0C do +250\u00b0C<\/li>\n<li>Varno za uporabo na kovini, lesu, barvi, gumi in plastiki<\/li>\n<\/ul>\n<p>Primerno za uporabo na operativnih palicah, pokrovih cevi, zati\u010dih in drugih gibljivih delih.<\/p>\n","protected":false},"excerpt":{"rendered":"<p>Napredno nano olje za oro\u017eje: \u010disti, ma\u017ee in \u0161\u010diti strelno oro\u017eje.<\/p>\n","protected":false},"featured_media":490529,"template":"","meta":{"_acf_changed":false},"product_brand":[],"product_cat":[13499],"product_tag":[],"class_list":{"0":"post-527533","1":"product","2":"type-product","3":"status-publish","4":"has-post-thumbnail","6":"product_cat-nekategorizirano","8":"first","9":"instock","10":"taxable","11":"shipping-taxable","12":"purchasable","13":"product-type-simple"},"acf":[],"_links":{"self":[{"href":"https:\/\/nbg.eu\/sl\/wp-json\/wp\/v2\/product\/527533","targetHints":{"allow":["GET"]}}],"collection":[{"href":"https:\/\/nbg.eu\/sl\/wp-json\/wp\/v2\/product"}],"about":[{"href":"https:\/\/nbg.eu\/sl\/wp-json\/wp\/v2\/types\/product"}],"wp:featuredmedia":[{"embeddable":true,"href":"https:\/\/nbg.eu\/sl\/wp-json\/wp\/v2\/media\/490529"}],"wp:attachment":[{"href":"https:\/\/nbg.eu\/sl\/wp-json\/wp\/v2\/media?parent=527533"}],"wp:term":[{"taxonomy":"product_brand","embeddable":true,"href":"https:\/\/nbg.eu\/sl\/wp-json\/wp\/v2\/product_brand?post=527533"},{"taxonomy":"product_cat","embeddable":true,"href":"https:\/\/nbg.eu\/sl\/wp-json\/wp\/v2\/product_cat?post=527533"},{"taxonomy":"product_tag","embeddable":true,"href":"https:\/\/nbg.eu\/sl\/wp-json\/wp\/v2\/product_tag?post=527533"}],"curies":[{"name":"wp","href":"https:\/\/api.w.org\/{rel}","templated":true}]}}