{"id":533995,"date":"2025-09-04T18:48:31","date_gmt":"2025-09-04T15:48:31","guid":{"rendered":"https:\/\/nbg.eu\/product\/ftcs-buttstock-mounting-adapter-picatinny-for-saiga-cerakote-h-146-nr-28\/"},"modified":"2026-01-21T11:40:09","modified_gmt":"2026-01-21T08:40:09","slug":"ftcs-buttstock-mounting-adapter-picatinny-for-saiga-cerakote-h-146-nr-28","status":"publish","type":"product","link":"https:\/\/nbg.eu\/sl\/izdelek\/ftcs-buttstock-mounting-adapter-picatinny-for-saiga-cerakote-h-146-nr-28\/","title":{"rendered":"FTCS &#8211; Buttstock Mounting Adapter Picatinny for Saiga &#8211; Cerakote &#8211; H-146 &#8211; Nr. 28"},"content":{"rendered":"<div class=\"product-description\">\n<h2>FTCS &#8211; Adapter za monta\u017eo kopita Picatinny za Saiga &#8211; Cerakote H-146<\/h2>\n<p>Adapter za kopito za Saiga ali podobne platforme. Izdelan iz aluminija in prevle\u010den s Cerakote premazom Graphite Black H-146.<\/p>\n<ul>\n<li>Zdru\u017eljiv s Saiga in sorodnimi platformami<\/li>\n<li>Omogo\u010da monta\u017eo kopit ali stabilizatorjev, zdru\u017eljivih s Picatinny<\/li>\n<li>Za namestitev niso potrebni dodatni deli<\/li>\n<li>Vgraviran logotip proizvajalca<\/li>\n<li>Dimenzije: 35 x 31 x 30 mm<\/li>\n<li>Te\u017ea: 49 g<\/li>\n<\/ul>\n<p>Primeren za uporabo s kopiti Strike Industries, kot so SI-FSA-DUAL, SI-FSA-DUAL-STOCK ali SI-FSA-DUAL-STAB. Adapter za izbolj\u0161anje prilagodljivosti in udobja strelnega oro\u017eja.<\/p>\n<\/div>\n","protected":false},"excerpt":{"rendered":"<p>Prilagodilnik kopita za pu\u0161ko Saiga. Picatinny vodilo. Cerakote H-146. FTCS \u0161t. 28.<\/p>\n","protected":false},"featured_media":494457,"template":"","meta":{"_acf_changed":false},"product_brand":[],"product_cat":[13421,13483,13444],"product_tag":[],"class_list":{"0":"post-533995","1":"product","2":"type-product","3":"status-publish","4":"has-post-thumbnail","6":"product_cat-ak-tuning","7":"product_cat-puska","8":"product_cat-tuning-za-puske","10":"first","11":"instock","12":"taxable","13":"shipping-taxable","14":"purchasable","15":"product-type-simple"},"acf":[],"_links":{"self":[{"href":"https:\/\/nbg.eu\/sl\/wp-json\/wp\/v2\/product\/533995","targetHints":{"allow":["GET"]}}],"collection":[{"href":"https:\/\/nbg.eu\/sl\/wp-json\/wp\/v2\/product"}],"about":[{"href":"https:\/\/nbg.eu\/sl\/wp-json\/wp\/v2\/types\/product"}],"wp:featuredmedia":[{"embeddable":true,"href":"https:\/\/nbg.eu\/sl\/wp-json\/wp\/v2\/media\/494457"}],"wp:attachment":[{"href":"https:\/\/nbg.eu\/sl\/wp-json\/wp\/v2\/media?parent=533995"}],"wp:term":[{"taxonomy":"product_brand","embeddable":true,"href":"https:\/\/nbg.eu\/sl\/wp-json\/wp\/v2\/product_brand?post=533995"},{"taxonomy":"product_cat","embeddable":true,"href":"https:\/\/nbg.eu\/sl\/wp-json\/wp\/v2\/product_cat?post=533995"},{"taxonomy":"product_tag","embeddable":true,"href":"https:\/\/nbg.eu\/sl\/wp-json\/wp\/v2\/product_tag?post=533995"}],"curies":[{"name":"wp","href":"https:\/\/api.w.org\/{rel}","templated":true}]}}