{"id":534434,"date":"2025-09-04T20:13:16","date_gmt":"2025-09-04T17:13:16","guid":{"rendered":"https:\/\/nbg.eu\/product\/garmin-gps-navigator-gpsmap-67i\/"},"modified":"2026-01-21T11:34:27","modified_gmt":"2026-01-21T08:34:27","slug":"garmin-gps-navigator-gpsmap-67i","status":"publish","type":"product","link":"https:\/\/nbg.eu\/sl\/izdelek\/garmin-gps-navigator-gpsmap-67i\/","title":{"rendered":"Garmin GPS navigator GPSMAP 67i"},"content":{"rendered":"<p>    <title>Garmin GPSMAP 67i &#8211; Napredni GPS navigator in satelitski komunikator<\/title><\/p>\n<h1>Garmin GPSMAP 67i<\/h1>\n<h2>Napredni GPS navigator in satelitski komunikator<\/h2>\n<p>Garmin GPSMAP 67i je GPS ro\u010dna naprava, ki zdru\u017euje napredne navigacijske zmogljivosti s satelitsko komunikacijo. Ta re\u0161itev zagotavlja povezanost in varnost ne glede na to, kako dale\u010d od uhojenih poti se odpravite.<\/p>\n<h3>Klju\u010dne lastnosti:<\/h3>\n<ul>\n<li><strong>Podpora za ve\u010d pasovni GNSS:<\/strong> Dostop do ve\u010d globalnih navigacijskih satelitskih sistemov za izbolj\u0161ano natan\u010dnost polo\u017eaja.<\/li>\n<li><strong>Tehnologija inReach\u00ae:<\/strong> Dvosmerno sporo\u010danje, interaktivna SOS opozorila in zmo\u017enosti deljenja lokacije.<\/li>\n<li><strong>\u017divljenjska doba baterije:<\/strong> Do 165 ur v na\u010dinu sledenja in 425 ur v ekspedicijskem na\u010dinu.<\/li>\n<li><strong>Predhodno nalo\u017eeni TopoActive zemljevidi:<\/strong> Podrobni zemljevidi za ZDA, Mehiko in Kanado, z dostopom do globalnega kartiranja.<\/li>\n<li><strong>ABC senzorji:<\/strong> Vgrajen vi\u0161inomer, barometer in 3-osni elektronski kompas.<\/li>\n<li><strong>Satelitske slike:<\/strong> Prenos visoko lo\u010dljivih, fotorealisti\u010dnih zemljevidov neposredno na napravo prek Wi-Fi\u00ae.<\/li>\n<\/ul>\n<h3>Vzdr\u017eljivost in dizajn:<\/h3>\n<p>Izdelan po voja\u0161kih standardih (MIL-STD-810) za toplotno, udarno in vodno zmogljivost. Ima IPX7 vodno oceno.<\/p>\n<h3>Navigacija in kartiranje:<\/h3>\n<p>3-pal\u010dni transflektivni barvni TFT zaslon (240 x 400 pikslov). Naprava ponuja 16 GB notranjega pomnilnika in podpira microSD kartice do 32 GB.<\/p>\n<h3>Komunikacija in varnost:<\/h3>\n<p>Uporablja globalno satelitsko omre\u017eje Iridium\u00ae za dvosmerno sporo\u010danje in SOS zmogljivosti po vsem svetu. Aplikacija Garmin Messenger\u2122 izbolj\u0161a mo\u017enosti komunikacije, funkcija LiveTrack\u2122 pa omogo\u010da deljenje lokacije v realnem \u010dasu.<\/p>\n<h3>Dodatne funkcije:<\/h3>\n<ul>\n<li>LED svetilka za signalizacijo v sili<\/li>\n<li>Podpora za Geocaching Live<\/li>\n<li>Zdru\u017eljivost z aplikacijo Garmin Explore\u2122 za na\u010drtovanje potovanj in sinhronizacijo<\/li>\n<li>Izbirne vremenske napovedi inReach<\/li>\n<li>Posodobitve aktivnega vremena ob povezavi z aplikacijo Garmin Explore za pametne telefone<\/li>\n<\/ul>\n<p>Garmin GPSMAP 67i je naprava za pohodnike, lovce in ljubitelje narave. Zdru\u017euje napredno navigacijo, zanesljivo komunikacijo in robustno zasnovo za raziskovanje narave.<\/p>\n","protected":false},"excerpt":{"rendered":"<p>Robustna ro\u010dna GPS naprava s satelitsko komunikacijo, zemljevidi in 425-urno \u017eivljenjsko dobo baterije za pustolov\u0161\u010dine na prostem.<\/p>\n","protected":false},"featured_media":495082,"template":"","meta":{"_acf_changed":false},"product_brand":[],"product_cat":[13499],"product_tag":[],"class_list":{"0":"post-534434","1":"product","2":"type-product","3":"status-publish","4":"has-post-thumbnail","6":"product_cat-nekategorizirano","8":"first","9":"outofstock","10":"taxable","11":"shipping-taxable","12":"purchasable","13":"product-type-simple"},"acf":[],"_links":{"self":[{"href":"https:\/\/nbg.eu\/sl\/wp-json\/wp\/v2\/product\/534434","targetHints":{"allow":["GET"]}}],"collection":[{"href":"https:\/\/nbg.eu\/sl\/wp-json\/wp\/v2\/product"}],"about":[{"href":"https:\/\/nbg.eu\/sl\/wp-json\/wp\/v2\/types\/product"}],"wp:featuredmedia":[{"embeddable":true,"href":"https:\/\/nbg.eu\/sl\/wp-json\/wp\/v2\/media\/495082"}],"wp:attachment":[{"href":"https:\/\/nbg.eu\/sl\/wp-json\/wp\/v2\/media?parent=534434"}],"wp:term":[{"taxonomy":"product_brand","embeddable":true,"href":"https:\/\/nbg.eu\/sl\/wp-json\/wp\/v2\/product_brand?post=534434"},{"taxonomy":"product_cat","embeddable":true,"href":"https:\/\/nbg.eu\/sl\/wp-json\/wp\/v2\/product_cat?post=534434"},{"taxonomy":"product_tag","embeddable":true,"href":"https:\/\/nbg.eu\/sl\/wp-json\/wp\/v2\/product_tag?post=534434"}],"curies":[{"name":"wp","href":"https:\/\/api.w.org\/{rel}","templated":true}]}}