{"id":534540,"date":"2025-09-04T20:13:16","date_gmt":"2025-09-04T17:13:16","guid":{"rendered":"https:\/\/nbg.eu\/product\/ismi-17-lb-pruzhina-za-glock-17-gl17\/"},"modified":"2026-02-27T15:51:50","modified_gmt":"2026-02-27T12:51:50","slug":"ismi-17-lb-pruzhina-za-glock-17-gl17","status":"publish","type":"product","link":"https:\/\/nbg.eu\/sl\/izdelek\/ismi-17-lb-pruzhina-za-glock-17-gl17\/","title":{"rendered":"ISMI 17 lb. \u041f\u0440\u0443\u0436\u0438\u043d\u0430 \u0437\u0430 Glock 17 (GL17)"},"content":{"rendered":"<div class=\"product-description\">\n<h2>ISMI 17 lb. Vzmet za Glock 17 (GL17)<\/h2>\n<p>Ta 17 lb povratna vzmet za Glock 17 je izdelana v ZDA po letalskih specifikacijah in ponuja:<\/p>\n<ul>\n<li>CAD-oblikovana za natan\u010dno prileganje<\/li>\n<li>Izdelana iz krom-silicija, nerjave\u010dega jekla ali krom-vanadija<\/li>\n<li>Toplotno obdelana, peskana in razbremenjena za vzdr\u017eljivost<\/li>\n<li>Plo\u0161\u010data \u017ei\u010dna zasnova za gladko delovanje<\/li>\n<li>Se prilega tovarni\u0161ki vodilni palici (.250&#8243; ali manj)<\/li>\n<li>Zdru\u017eljiva z Glock 17, 17L, 20, 21, 22, 24, 31, 35<\/li>\n<\/ul>\n<p>Ta vzmet, odporna proti koroziji, je zasnovana za izpolnjevanje zahtev va\u0161ega Glock 17.<\/p>\n<\/div>\n","protected":false},"excerpt":{"rendered":"<p>17 funtna povratna vzmet za Glock 17. Izdelano v ZDA, trpe\u017eno, zanesljivo.<\/p>\n","protected":false},"featured_media":495358,"template":"","meta":{"_acf_changed":false},"product_brand":[],"product_cat":[13429,13451],"product_tag":[],"class_list":{"0":"post-534540","1":"product","2":"type-product","3":"status-publish","4":"has-post-thumbnail","6":"product_cat-deli-za-pistole","7":"product_cat-vzmeti","9":"first","10":"outofstock","11":"taxable","12":"shipping-taxable","13":"purchasable","14":"product-type-simple"},"acf":[],"_links":{"self":[{"href":"https:\/\/nbg.eu\/sl\/wp-json\/wp\/v2\/product\/534540","targetHints":{"allow":["GET"]}}],"collection":[{"href":"https:\/\/nbg.eu\/sl\/wp-json\/wp\/v2\/product"}],"about":[{"href":"https:\/\/nbg.eu\/sl\/wp-json\/wp\/v2\/types\/product"}],"wp:featuredmedia":[{"embeddable":true,"href":"https:\/\/nbg.eu\/sl\/wp-json\/wp\/v2\/media\/495358"}],"wp:attachment":[{"href":"https:\/\/nbg.eu\/sl\/wp-json\/wp\/v2\/media?parent=534540"}],"wp:term":[{"taxonomy":"product_brand","embeddable":true,"href":"https:\/\/nbg.eu\/sl\/wp-json\/wp\/v2\/product_brand?post=534540"},{"taxonomy":"product_cat","embeddable":true,"href":"https:\/\/nbg.eu\/sl\/wp-json\/wp\/v2\/product_cat?post=534540"},{"taxonomy":"product_tag","embeddable":true,"href":"https:\/\/nbg.eu\/sl\/wp-json\/wp\/v2\/product_tag?post=534540"}],"curies":[{"name":"wp","href":"https:\/\/api.w.org\/{rel}","templated":true}]}}