{"id":535212,"date":"2025-09-04T23:53:22","date_gmt":"2025-09-04T20:53:22","guid":{"rendered":"https:\/\/nbg.eu\/product\/law-tactical-llc-armorers-flange-tool-2019aft\/"},"modified":"2026-01-21T11:58:40","modified_gmt":"2026-01-21T08:58:40","slug":"law-tactical-llc-armorers-flange-tool-2019aft","status":"publish","type":"product","link":"https:\/\/nbg.eu\/sl\/izdelek\/law-tactical-llc-armorers-flange-tool-2019aft\/","title":{"rendered":"LAW TACTICAL LLC Armorer&#8217;s Flange Tool (2019AFT)"},"content":{"rendered":"<div class=\"product-description\">\n<h2>LAW TACTICAL LLC Orodje za prirobnico (2019AFT)<\/h2>\n<p>Orodje za vzdr\u017eevanje Law Tactical zlo\u017eljivega adapterja za kopito. To orodje za namestitev in odstranjevanje prirobnice je izdelano iz toplotno obdelanega ogljikovega jekla.<\/p>\n<ul>\n<li>Strojno obdelano iz toplotno obdelanega ogljikovega jekla<\/li>\n<li>Zasnovano za dolgo \u017eivljenjsko dobo<\/li>\n<li>Ima 3\/8-pal\u010dni kvadratni pogon za uporabo z momentnim klju\u010dem<\/li>\n<li>Posami\u010dno pregledano za zagotavljanje kakovosti<\/li>\n<li>Prevle\u010deno s \u010drnim melonitom za za\u0161\u010dito<\/li>\n<\/ul>\n<p>Orodje za oro\u017earje, primerno za ljubitelje in strokovnjake.<\/p>\n<\/div>\n","protected":false},"excerpt":{"rendered":"<p>Trpe\u017eno jekleno orodje za prirobnice Law Tactical zlo\u017eljivega nastavka za kopito.<\/p>\n","protected":false},"featured_media":495833,"template":"","meta":{"_acf_changed":false},"product_brand":[14382],"product_cat":[13499],"product_tag":[],"class_list":{"0":"post-535212","1":"product","2":"type-product","3":"status-publish","4":"has-post-thumbnail","6":"product_brand-law-tactical-llc","7":"product_cat-nekategorizirano","9":"first","10":"outofstock","11":"taxable","12":"shipping-taxable","13":"purchasable","14":"product-type-simple"},"acf":[],"_links":{"self":[{"href":"https:\/\/nbg.eu\/sl\/wp-json\/wp\/v2\/product\/535212","targetHints":{"allow":["GET"]}}],"collection":[{"href":"https:\/\/nbg.eu\/sl\/wp-json\/wp\/v2\/product"}],"about":[{"href":"https:\/\/nbg.eu\/sl\/wp-json\/wp\/v2\/types\/product"}],"wp:featuredmedia":[{"embeddable":true,"href":"https:\/\/nbg.eu\/sl\/wp-json\/wp\/v2\/media\/495833"}],"wp:attachment":[{"href":"https:\/\/nbg.eu\/sl\/wp-json\/wp\/v2\/media?parent=535212"}],"wp:term":[{"taxonomy":"product_brand","embeddable":true,"href":"https:\/\/nbg.eu\/sl\/wp-json\/wp\/v2\/product_brand?post=535212"},{"taxonomy":"product_cat","embeddable":true,"href":"https:\/\/nbg.eu\/sl\/wp-json\/wp\/v2\/product_cat?post=535212"},{"taxonomy":"product_tag","embeddable":true,"href":"https:\/\/nbg.eu\/sl\/wp-json\/wp\/v2\/product_tag?post=535212"}],"curies":[{"name":"wp","href":"https:\/\/api.w.org\/{rel}","templated":true}]}}