{"id":535534,"date":"2025-09-05T00:00:24","date_gmt":"2025-09-04T21:00:24","guid":{"rendered":"https:\/\/nbg.eu\/product\/rh-504-2-screws-iwb\/"},"modified":"2026-01-21T11:34:53","modified_gmt":"2026-01-21T08:34:53","slug":"rh-504-2-screws-iwb","status":"publish","type":"product","link":"https:\/\/nbg.eu\/sl\/izdelek\/rh-504-2-screws-iwb\/","title":{"rendered":"RH 504-2 Screws IWB"},"content":{"rendered":"<h1>RH 504-2 Vijaki IWB &#8211; Nadomestni komplet za IWB toke<\/h1>\n<p>RH 504-2 Vijaki IWB nadomestni komplet je zasnovan za na\u0161e Black Trident IWB toke, zagotavlja ustrezno prileganje in zanesljivo delovanje.<\/p>\n<h2>Vsebina kompleta:<\/h2>\n<ul>\n<li>4 x 9mm vijaki z ovojnicami in distan\u010dniki<\/li>\n<li>4 x 3mm distan\u010dniki<\/li>\n<li>4 x 6mm vijaki<\/li>\n<li>4 x 4,7mm ovojnice<\/li>\n<\/ul>\n<p>Zdru\u017eljivo z modeli tok Viking, Quasimodo in Guardian.<\/p>\n<p><strong>Nasvet:<\/strong> Za najve\u010djo varnost priporo\u010damo uporabo lepila za vijake (naprodaj lo\u010deno) za trdno pritrditev opreme.<\/p>\n<p>Naro\u010dite svoj komplet RH 504-2 Vijaki IWB za vzdr\u017eevanje toke v dobrem stanju.<\/p>\n","protected":false},"excerpt":{"rendered":"<p>Nadomestni komplet vijakov za Black Trident IWB toke. Vklju\u010denih 16 kosov.<\/p>\n","protected":false},"featured_media":0,"template":"","meta":{"_acf_changed":false},"product_brand":[11648],"product_cat":[13464],"product_tag":[],"class_list":{"0":"post-535534","1":"product","2":"type-product","3":"status-publish","5":"product_brand-rh-holsters","6":"product_cat-dodatki-za-toke","8":"first","9":"instock","10":"taxable","11":"shipping-taxable","12":"purchasable","13":"product-type-simple"},"acf":[],"_links":{"self":[{"href":"https:\/\/nbg.eu\/sl\/wp-json\/wp\/v2\/product\/535534","targetHints":{"allow":["GET"]}}],"collection":[{"href":"https:\/\/nbg.eu\/sl\/wp-json\/wp\/v2\/product"}],"about":[{"href":"https:\/\/nbg.eu\/sl\/wp-json\/wp\/v2\/types\/product"}],"wp:attachment":[{"href":"https:\/\/nbg.eu\/sl\/wp-json\/wp\/v2\/media?parent=535534"}],"wp:term":[{"taxonomy":"product_brand","embeddable":true,"href":"https:\/\/nbg.eu\/sl\/wp-json\/wp\/v2\/product_brand?post=535534"},{"taxonomy":"product_cat","embeddable":true,"href":"https:\/\/nbg.eu\/sl\/wp-json\/wp\/v2\/product_cat?post=535534"},{"taxonomy":"product_tag","embeddable":true,"href":"https:\/\/nbg.eu\/sl\/wp-json\/wp\/v2\/product_tag?post=535534"}],"curies":[{"name":"wp","href":"https:\/\/api.w.org\/{rel}","templated":true}]}}