{"id":536289,"date":"2025-09-05T00:15:54","date_gmt":"2025-09-04T21:15:54","guid":{"rendered":"https:\/\/nbg.eu\/product\/dillon-aluminum-roller-handle\/"},"modified":"2026-01-21T11:59:38","modified_gmt":"2026-01-21T08:59:38","slug":"dillon-aluminum-roller-handle","status":"publish","type":"product","link":"https:\/\/nbg.eu\/sl\/izdelek\/dillon-aluminum-roller-handle\/","title":{"rendered":"Dillon Aluminum Roller Handle"},"content":{"rendered":"<div class=\"product-description\">\n<h2>Dillonov aluminijasti valj\u010dni ro\u010daj<\/h2>\n<p>Dillonov precizijski dodatni ro\u010daj. Ta lahek aluminijasti valj\u010dni ro\u010daj je zasnovan za izbolj\u0161anje udobja in u\u010dinkovitosti med dolgimi sejami ponovnega polnjenja.<\/p>\n<ul>\n<li>Zdru\u017eljiv z napravo za ponovno polnjenje RL550, XL750 in 650<\/li>\n<li>Zmanj\u0161uje utrujenost uporabnika<\/li>\n<li>Izbolj\u0161a enostavnost name\u0161\u010danja v\u017eigalnikov<\/li>\n<li>Mo\u010dna in trpe\u017ena aluminijasta konstrukcija<\/li>\n<li>Na voljo v zna\u010dilni Dillonovi modri barvi<\/li>\n<\/ul>\n<p>Ta dodatek omogo\u010da bolj teko\u010d in udoben proces ponovnega polnjenja.<\/p>\n<\/div>\n","protected":false},"excerpt":{"rendered":"<p>Ergonomsko aluminijasto vrtljivo ro\u010dico za bolj gladko polnjenje. Primerno za RL550\/XL750\/650.<\/p>\n","protected":false},"featured_media":496399,"template":"","meta":{"_acf_changed":false},"product_brand":[14336],"product_cat":[13458,13469],"product_tag":[],"class_list":{"0":"post-536289","1":"product","2":"type-product","3":"status-publish","4":"has-post-thumbnail","6":"product_brand-dillon-precision","7":"product_cat-dodatki-za-polnjenje","8":"product_cat-polnjenje-nabojev","10":"first","11":"outofstock","12":"taxable","13":"shipping-taxable","14":"purchasable","15":"product-type-simple"},"acf":[],"_links":{"self":[{"href":"https:\/\/nbg.eu\/sl\/wp-json\/wp\/v2\/product\/536289","targetHints":{"allow":["GET"]}}],"collection":[{"href":"https:\/\/nbg.eu\/sl\/wp-json\/wp\/v2\/product"}],"about":[{"href":"https:\/\/nbg.eu\/sl\/wp-json\/wp\/v2\/types\/product"}],"wp:featuredmedia":[{"embeddable":true,"href":"https:\/\/nbg.eu\/sl\/wp-json\/wp\/v2\/media\/496399"}],"wp:attachment":[{"href":"https:\/\/nbg.eu\/sl\/wp-json\/wp\/v2\/media?parent=536289"}],"wp:term":[{"taxonomy":"product_brand","embeddable":true,"href":"https:\/\/nbg.eu\/sl\/wp-json\/wp\/v2\/product_brand?post=536289"},{"taxonomy":"product_cat","embeddable":true,"href":"https:\/\/nbg.eu\/sl\/wp-json\/wp\/v2\/product_cat?post=536289"},{"taxonomy":"product_tag","embeddable":true,"href":"https:\/\/nbg.eu\/sl\/wp-json\/wp\/v2\/product_tag?post=536289"}],"curies":[{"name":"wp","href":"https:\/\/api.w.org\/{rel}","templated":true}]}}