{"id":536401,"date":"2025-09-05T00:16:15","date_gmt":"2025-09-04T21:16:15","guid":{"rendered":"https:\/\/nbg.eu\/product\/ar-15-a2-pistol-grip\/"},"modified":"2026-01-21T11:34:07","modified_gmt":"2026-01-21T08:34:07","slug":"ar-15-a2-pistol-grip","status":"publish","type":"product","link":"https:\/\/nbg.eu\/sl\/izdelek\/ar-15-a2-pistol-grip\/","title":{"rendered":"AR-15 A2 PISTOL GRIP"},"content":{"rendered":"<h1>CZ Shadow 2 Orange &#8211; Tekmovalna pi\u0161tola<\/h1>\n<p>CZ Shadow 2 Orange vklju\u010duje:<\/p>\n<ul>\n<li>Tovarni\u0161ko vgrajena pu\u0161a cevi<\/li>\n<li>Prilagojen spro\u017eilec s kratkim hodom<\/li>\n<li>Ro\u010dno prilagojen zaklep in okvir<\/li>\n<li>Posebni ro\u010daji in podalj\u0161an gumb za izmet nabojnika<\/li>\n<li>Nastavljiv gumb za izmet nabojnika s tremi nastavitvami<\/li>\n<li>Nitridna povr\u0161inska obdelava z dodatnim premazom na okvirju<\/li>\n<li>Tanki aluminijasti ro\u010daji s teksturo<\/li>\n<li>Sprednji merek iz opti\u010dnih vlaken in nastavljiv zadnji merek HAJO<\/li>\n<li>Obojestranska ro\u010dna varovalka<\/li>\n<\/ul>\n<p>Kaliber 9mm Luger, kapaciteta 17+1 nabojev, te\u017ea 46,5 un\u010d, jekleni okvir, namenjena tekmovalnim strelcem.<\/p>\n","protected":false},"excerpt":{"rendered":"<p>Klasi\u010den AR-15 ro\u010daj. Ergonomska zasnova. Trpe\u017ena polimerna konstrukcija.<\/p>\n","protected":false},"featured_media":496422,"template":"","meta":{"_acf_changed":false},"product_brand":[],"product_cat":[13483,13444],"product_tag":[],"class_list":{"0":"post-536401","1":"product","2":"type-product","3":"status-publish","4":"has-post-thumbnail","6":"product_cat-puska","7":"product_cat-tuning-za-puske","9":"first","10":"outofstock","11":"taxable","12":"shipping-taxable","13":"purchasable","14":"product-type-simple"},"acf":[],"_links":{"self":[{"href":"https:\/\/nbg.eu\/sl\/wp-json\/wp\/v2\/product\/536401","targetHints":{"allow":["GET"]}}],"collection":[{"href":"https:\/\/nbg.eu\/sl\/wp-json\/wp\/v2\/product"}],"about":[{"href":"https:\/\/nbg.eu\/sl\/wp-json\/wp\/v2\/types\/product"}],"wp:featuredmedia":[{"embeddable":true,"href":"https:\/\/nbg.eu\/sl\/wp-json\/wp\/v2\/media\/496422"}],"wp:attachment":[{"href":"https:\/\/nbg.eu\/sl\/wp-json\/wp\/v2\/media?parent=536401"}],"wp:term":[{"taxonomy":"product_brand","embeddable":true,"href":"https:\/\/nbg.eu\/sl\/wp-json\/wp\/v2\/product_brand?post=536401"},{"taxonomy":"product_cat","embeddable":true,"href":"https:\/\/nbg.eu\/sl\/wp-json\/wp\/v2\/product_cat?post=536401"},{"taxonomy":"product_tag","embeddable":true,"href":"https:\/\/nbg.eu\/sl\/wp-json\/wp\/v2\/product_tag?post=536401"}],"curies":[{"name":"wp","href":"https:\/\/api.w.org\/{rel}","templated":true}]}}