{"id":538115,"date":"2025-09-05T17:27:03","date_gmt":"2025-09-05T14:27:03","guid":{"rendered":"https:\/\/nbg.eu\/product\/colt-ar-15-stock-assy-collapsible-oem-blk\/"},"modified":"2026-01-21T11:34:53","modified_gmt":"2026-01-21T08:34:53","slug":"colt-ar-15-stock-assy-collapsible-oem-blk","status":"publish","type":"product","link":"https:\/\/nbg.eu\/sl\/izdelek\/colt-ar-15-stock-assy-collapsible-oem-blk\/","title":{"rendered":"COLT AR-15 Stock Assy Collapsible OEM BLK"},"content":{"rendered":"<h1>COLT AR-15 zlo\u017eljivi zadnji del kopita OEM \u010drni<\/h1>\n<p>COLT AR-15 zlo\u017eljivi zadnji del kopita OEM \u010drni. Ta komponenta ponuja:<\/p>\n<ul>\n<li>Zdru\u017eljivost z modeli AR-15, M16 in AR-15\/M4<\/li>\n<li>Zlo\u017eljiva zasnova za shranjevanje in transport<\/li>\n<li>\u010crna mat povr\u0161ina<\/li>\n<li>Konstrukcija iz kompozitnih materialov<\/li>\n<li>OEM kakovost<\/li>\n<\/ul>\n<p>Ta zadnji del kopita omogo\u010da prilagodljivost in udobje. Prilagodite dol\u017eino po \u017eelji za izbolj\u0161ano rokovanje v razli\u010dnih situacijah.<\/p>\n<p>Specifikacije:<\/p>\n<ul>\n<li>Te\u017ea: 0,181 kg<\/li>\n<li>Dimenzije: 157 mm x 130 mm x 28 mm<\/li>\n<li>Izdelano v ZDA<\/li>\n<li>Izvozna klasifikacija ZDA: 0A501.y.1<\/li>\n<\/ul>\n<p>Nadgradite svoj AR-15 s COLT-ovim zadnjim delom kopita.<\/p>\n","protected":false},"excerpt":{"rendered":"<p>Zlo\u017eljivo kopito za AR-15. Originalna \u010drna, mat kon\u010dna obdelava.<\/p>\n","protected":false},"featured_media":496990,"template":"","meta":{"_acf_changed":false},"product_brand":[],"product_cat":[13479,13444],"product_tag":[],"class_list":{"0":"post-538115","1":"product","2":"type-product","3":"status-publish","4":"has-post-thumbnail","6":"product_cat-kopita-za-puske","7":"product_cat-tuning-za-puske","9":"first","10":"outofstock","11":"taxable","12":"shipping-taxable","13":"purchasable","14":"product-type-simple"},"acf":[],"_links":{"self":[{"href":"https:\/\/nbg.eu\/sl\/wp-json\/wp\/v2\/product\/538115","targetHints":{"allow":["GET"]}}],"collection":[{"href":"https:\/\/nbg.eu\/sl\/wp-json\/wp\/v2\/product"}],"about":[{"href":"https:\/\/nbg.eu\/sl\/wp-json\/wp\/v2\/types\/product"}],"wp:featuredmedia":[{"embeddable":true,"href":"https:\/\/nbg.eu\/sl\/wp-json\/wp\/v2\/media\/496990"}],"wp:attachment":[{"href":"https:\/\/nbg.eu\/sl\/wp-json\/wp\/v2\/media?parent=538115"}],"wp:term":[{"taxonomy":"product_brand","embeddable":true,"href":"https:\/\/nbg.eu\/sl\/wp-json\/wp\/v2\/product_brand?post=538115"},{"taxonomy":"product_cat","embeddable":true,"href":"https:\/\/nbg.eu\/sl\/wp-json\/wp\/v2\/product_cat?post=538115"},{"taxonomy":"product_tag","embeddable":true,"href":"https:\/\/nbg.eu\/sl\/wp-json\/wp\/v2\/product_tag?post=538115"}],"curies":[{"name":"wp","href":"https:\/\/api.w.org\/{rel}","templated":true}]}}