{"id":538224,"date":"2025-09-05T17:27:04","date_gmt":"2025-09-05T14:27:04","guid":{"rendered":"https:\/\/nbg.eu\/product\/b5-systems-ar-15-precision-stock\/"},"modified":"2026-02-27T15:51:18","modified_gmt":"2026-02-27T12:51:18","slug":"b5-systems-ar-15-precision-stock","status":"publish","type":"product","link":"https:\/\/nbg.eu\/sl\/izdelek\/b5-systems-ar-15-precision-stock\/","title":{"rendered":"B5 SYSTEMS AR-15 PRECISION STOCK"},"content":{"rendered":"<div class=\"product-description\">\n<h2>B5 SYSTEMS AR-15 NATAN\u010cNA KOPITA<\/h2>\n<p>B5 Systems zlo\u017eljiva natan\u010dna kopita za AR-15. Ta kopita zdru\u017eujejo stabilnost fiksnih kopit s prilagodljivostjo nastavljivih karabinskih kopit.<\/p>\n<ul>\n<li>Trpe\u017ena \u010drna oja\u010dana polimerna konstrukcija<\/li>\n<li>Zdru\u017eljiva z Mil-Spec karabinskimi cevmi puferja<\/li>\n<li>Notranji napenja\u010di prepre\u010dujejo ropotanje<\/li>\n<li>Nastavljiva blazinica in li\u010dnica za udobje<\/li>\n<li>Dvojne re\u017ee za hitro snemljiv jermen in fiksne zanke za jermen<\/li>\n<li>M-LOK re\u017ee za pritrditev dodatkov<\/li>\n<\/ul>\n<p>Zasnovana za resne konfiguracije pu\u0161k, ta kopita ponujajo funkcionalnost in zanesljivost. B5 Systems izdeluje komponente, ki dajejo prednost zmogljivosti.<\/p>\n<\/div>\n","protected":false},"excerpt":{"rendered":"<p>Nastavljiva, stabilna kopita za AR-15 z naslonko za lice in ve\u010d pritrdi\u0161\u010di za jermen.<\/p>\n","protected":false},"featured_media":497082,"template":"","meta":{"_acf_changed":false},"product_brand":[],"product_cat":[13479,13444],"product_tag":[],"class_list":{"0":"post-538224","1":"product","2":"type-product","3":"status-publish","4":"has-post-thumbnail","6":"product_cat-kopita-za-puske","7":"product_cat-tuning-za-puske","9":"first","10":"outofstock","11":"taxable","12":"shipping-taxable","13":"purchasable","14":"product-type-simple"},"acf":[],"_links":{"self":[{"href":"https:\/\/nbg.eu\/sl\/wp-json\/wp\/v2\/product\/538224","targetHints":{"allow":["GET"]}}],"collection":[{"href":"https:\/\/nbg.eu\/sl\/wp-json\/wp\/v2\/product"}],"about":[{"href":"https:\/\/nbg.eu\/sl\/wp-json\/wp\/v2\/types\/product"}],"wp:featuredmedia":[{"embeddable":true,"href":"https:\/\/nbg.eu\/sl\/wp-json\/wp\/v2\/media\/497082"}],"wp:attachment":[{"href":"https:\/\/nbg.eu\/sl\/wp-json\/wp\/v2\/media?parent=538224"}],"wp:term":[{"taxonomy":"product_brand","embeddable":true,"href":"https:\/\/nbg.eu\/sl\/wp-json\/wp\/v2\/product_brand?post=538224"},{"taxonomy":"product_cat","embeddable":true,"href":"https:\/\/nbg.eu\/sl\/wp-json\/wp\/v2\/product_cat?post=538224"},{"taxonomy":"product_tag","embeddable":true,"href":"https:\/\/nbg.eu\/sl\/wp-json\/wp\/v2\/product_tag?post=538224"}],"curies":[{"name":"wp","href":"https:\/\/api.w.org\/{rel}","templated":true}]}}