{"id":538460,"date":"2025-09-05T17:36:50","date_gmt":"2025-09-05T14:36:50","guid":{"rendered":"https:\/\/nbg.eu\/product\/ar-15-m16-quick-detach-receiver-end-plate\/"},"modified":"2026-01-21T12:35:08","modified_gmt":"2026-01-21T09:35:08","slug":"ar-15-m16-quick-detach-receiver-end-plate","status":"publish","type":"product","link":"https:\/\/nbg.eu\/sl\/izdelek\/ar-15-m16-quick-detach-receiver-end-plate\/","title":{"rendered":"AR-15\/M16 QUICK DETACH RECEIVER END PLATE"},"content":{"rendered":"<div class=\"product-description\">\n<h2>AR-15\/M16 BCMGUNFIGHTER QD KON\u010cNA PLO\u0160\u010cA<\/h2>\n<p>AR-15 ali M16 nadgradite z BCMGUNFIGHTER hitro snemljivo (QD) kon\u010dno plo\u0161\u010do. Ta dodatek je zasnovan za pove\u010danje prilagodljivosti in vzdr\u017eljivosti va\u0161ega oro\u017eja.<\/p>\n<ul>\n<li>Izdelana iz jekla za dolgotrajno uporabo<\/li>\n<li>Vgrajena to\u010dka za hitro snemljivo (QD) vrtljivo zaponko<\/li>\n<li>Zdru\u017eljiva s platformami AR-15 in AR-308<\/li>\n<li>Omogo\u010da zakovi\u010denje za varno namestitev<\/li>\n<li>Izdelano v ZDA<\/li>\n<li>Na voljo v \u010drni barvi<\/li>\n<\/ul>\n<p>BCMGUNFIGHTER QD kon\u010dna plo\u0161\u010da omogo\u010da hitro pritrditev in odstranitev pasov, kar izbolj\u0161a rokovanje s pu\u0161ko v razli\u010dnih situacijah. Nadgradite svoj AR-15 ali M16 s to komponento.<\/p>\n<\/div>\n","protected":false},"excerpt":{"rendered":"<p>Jeklena QD kon\u010dna plo\u0161\u010da za AR-15\/M16. Izdelano v ZDA, zakovi\u010dna zasnova.<\/p>\n","protected":false},"featured_media":497168,"template":"","meta":{"_acf_changed":false},"product_brand":[],"product_cat":[13444],"product_tag":[],"class_list":{"0":"post-538460","1":"product","2":"type-product","3":"status-publish","4":"has-post-thumbnail","6":"product_cat-tuning-za-puske","8":"first","9":"instock","10":"taxable","11":"shipping-taxable","12":"purchasable","13":"product-type-simple"},"acf":[],"_links":{"self":[{"href":"https:\/\/nbg.eu\/sl\/wp-json\/wp\/v2\/product\/538460","targetHints":{"allow":["GET"]}}],"collection":[{"href":"https:\/\/nbg.eu\/sl\/wp-json\/wp\/v2\/product"}],"about":[{"href":"https:\/\/nbg.eu\/sl\/wp-json\/wp\/v2\/types\/product"}],"wp:featuredmedia":[{"embeddable":true,"href":"https:\/\/nbg.eu\/sl\/wp-json\/wp\/v2\/media\/497168"}],"wp:attachment":[{"href":"https:\/\/nbg.eu\/sl\/wp-json\/wp\/v2\/media?parent=538460"}],"wp:term":[{"taxonomy":"product_brand","embeddable":true,"href":"https:\/\/nbg.eu\/sl\/wp-json\/wp\/v2\/product_brand?post=538460"},{"taxonomy":"product_cat","embeddable":true,"href":"https:\/\/nbg.eu\/sl\/wp-json\/wp\/v2\/product_cat?post=538460"},{"taxonomy":"product_tag","embeddable":true,"href":"https:\/\/nbg.eu\/sl\/wp-json\/wp\/v2\/product_tag?post=538460"}],"curies":[{"name":"wp","href":"https:\/\/api.w.org\/{rel}","templated":true}]}}