{"id":539148,"date":"2025-09-05T17:38:06","date_gmt":"2025-09-05T14:38:06","guid":{"rendered":"https:\/\/nbg.eu\/product\/ar-15-extractor-pin\/"},"modified":"2026-01-21T11:33:27","modified_gmt":"2026-01-21T08:33:27","slug":"ar-15-extractor-pin","status":"publish","type":"product","link":"https:\/\/nbg.eu\/sl\/izdelek\/ar-15-extractor-pin\/","title":{"rendered":"AR-15 EXTRACTOR PIN"},"content":{"rendered":"<h1>BRN AR-15 Zati\u010d izvle\u010dnika, \u010crn<\/h1>\n<p>BRN AR-15 zati\u010d izvle\u010dnika. Ta komponenta je narejena po OEM specifikacijah za AR-15\/M16 pu\u0161ke.<\/p>\n<h2>Lastnosti:<\/h2>\n<ul>\n<li>Izdelano v ZDA<\/li>\n<li>Do\u017eivljenjska garancija<\/li>\n<li>Fosfatna povr\u0161inska obdelava<\/li>\n<li>\u010crna barva<\/li>\n<li>Izdelano iz jekla<\/li>\n<li>Primerno za AR-15 platforme<\/li>\n<\/ul>\n<p>Nadomestni del za vzdr\u017eevanje ali nadgradnjo AR-15. Izdelano v Ameriki z Brownellsovo do\u017eivljenjsko garancijo.<\/p>\n<p><strong>Specifikacije izdelka:<\/strong> Brownells #100040958 | MFR #AZT-M4-556ST016 | UPC 050806029637<\/p>\n","protected":false},"excerpt":{"rendered":"<p>Originalni nadomestni izvle\u010dni zati\u010d za AR-15\/M16. \u010crn, izdelan v ZDA, do\u017eivljenjska garancija.<\/p>\n","protected":false},"featured_media":497352,"template":"","meta":{"_acf_changed":false},"product_brand":[],"product_cat":[13444],"product_tag":[],"class_list":{"0":"post-539148","1":"product","2":"type-product","3":"status-publish","4":"has-post-thumbnail","6":"product_cat-tuning-za-puske","8":"first","9":"instock","10":"taxable","11":"shipping-taxable","12":"purchasable","13":"product-type-simple"},"acf":[],"_links":{"self":[{"href":"https:\/\/nbg.eu\/sl\/wp-json\/wp\/v2\/product\/539148","targetHints":{"allow":["GET"]}}],"collection":[{"href":"https:\/\/nbg.eu\/sl\/wp-json\/wp\/v2\/product"}],"about":[{"href":"https:\/\/nbg.eu\/sl\/wp-json\/wp\/v2\/types\/product"}],"wp:featuredmedia":[{"embeddable":true,"href":"https:\/\/nbg.eu\/sl\/wp-json\/wp\/v2\/media\/497352"}],"wp:attachment":[{"href":"https:\/\/nbg.eu\/sl\/wp-json\/wp\/v2\/media?parent=539148"}],"wp:term":[{"taxonomy":"product_brand","embeddable":true,"href":"https:\/\/nbg.eu\/sl\/wp-json\/wp\/v2\/product_brand?post=539148"},{"taxonomy":"product_cat","embeddable":true,"href":"https:\/\/nbg.eu\/sl\/wp-json\/wp\/v2\/product_cat?post=539148"},{"taxonomy":"product_tag","embeddable":true,"href":"https:\/\/nbg.eu\/sl\/wp-json\/wp\/v2\/product_tag?post=539148"}],"curies":[{"name":"wp","href":"https:\/\/api.w.org\/{rel}","templated":true}]}}