{"id":539417,"date":"2025-09-05T17:38:17","date_gmt":"2025-09-05T14:38:17","guid":{"rendered":"https:\/\/nbg.eu\/product\/zco-mount\/"},"modified":"2026-01-21T11:38:41","modified_gmt":"2026-01-21T08:38:41","slug":"zco-mount","status":"publish","type":"product","link":"https:\/\/nbg.eu\/sl\/izdelek\/zco-mount\/","title":{"rendered":"ZCO Mount"},"content":{"rendered":"<div class=\"product-description\">\n<h1>ZCO Block-Mount: Natan\u010dno izdelan za profesionalne strelne daljnoglede<\/h1>\n<p>ZCO blok nosilec, z mo\u017enostmi naklona 0Mil \/ 6Mil. Izdelan v Avstriji z uporabo CNC tehnologije rezkanja, ta nosilec nudi natan\u010dnost in trpe\u017enost za ZCO strelne daljnoglede.<\/p>\n<ul>\n<li>Izdelan iz aluminija EN AW-7075 z anodiziranim premazom<\/li>\n<li>Zlo\u017eljiva vodna tehtnica (monta\u017ea levo ali desno)<\/li>\n<li>Vgrajena pu\u0161a za trak proti mira\u017eu<\/li>\n<li>Vklju\u010duje nivelirni klin za popolno poravnavo daljnogleda<\/li>\n<li>Prilo\u017eeni so vsi potrebni Torx nastavki<\/li>\n<\/ul>\n<p>Profesionalna re\u0161itev za monta\u017eo, zasnovana za optimizacijo zmogljivosti pu\u0161ke. ZCO blok nosilec zdru\u017euje mo\u010d, natan\u010dnost in vsestranskost za optimalno delovanje v vseh strelskih situacijah.<\/p>\n<\/div>\n","protected":false},"excerpt":{"rendered":"<p>Precizni ZCO nosilec: Profesionalne kakovosti, CNC-rezkano, z vgrajeno vodno tehtnico.<\/p>\n","protected":false},"featured_media":497536,"template":"","meta":{"_acf_changed":false},"product_brand":[15200],"product_cat":[14903,13434],"product_tag":[],"class_list":{"0":"post-539417","1":"product","2":"type-product","3":"status-publish","4":"has-post-thumbnail","6":"product_brand-zero-compromise-optics","7":"product_cat-mounts-sl","8":"product_cat-nisanjenje","10":"first","11":"outofstock","12":"taxable","13":"shipping-taxable","14":"purchasable","15":"product-type-simple"},"acf":[],"_links":{"self":[{"href":"https:\/\/nbg.eu\/sl\/wp-json\/wp\/v2\/product\/539417","targetHints":{"allow":["GET"]}}],"collection":[{"href":"https:\/\/nbg.eu\/sl\/wp-json\/wp\/v2\/product"}],"about":[{"href":"https:\/\/nbg.eu\/sl\/wp-json\/wp\/v2\/types\/product"}],"wp:featuredmedia":[{"embeddable":true,"href":"https:\/\/nbg.eu\/sl\/wp-json\/wp\/v2\/media\/497536"}],"wp:attachment":[{"href":"https:\/\/nbg.eu\/sl\/wp-json\/wp\/v2\/media?parent=539417"}],"wp:term":[{"taxonomy":"product_brand","embeddable":true,"href":"https:\/\/nbg.eu\/sl\/wp-json\/wp\/v2\/product_brand?post=539417"},{"taxonomy":"product_cat","embeddable":true,"href":"https:\/\/nbg.eu\/sl\/wp-json\/wp\/v2\/product_cat?post=539417"},{"taxonomy":"product_tag","embeddable":true,"href":"https:\/\/nbg.eu\/sl\/wp-json\/wp\/v2\/product_tag?post=539417"}],"curies":[{"name":"wp","href":"https:\/\/api.w.org\/{rel}","templated":true}]}}