{"id":539797,"date":"2025-09-05T17:40:49","date_gmt":"2025-09-05T14:40:49","guid":{"rendered":"https:\/\/nbg.eu\/product\/scope-mount-30mm-vortex-pro-series-low-pr30-l\/"},"modified":"2026-01-21T12:26:40","modified_gmt":"2026-01-21T09:26:40","slug":"scope-mount-30mm-vortex-pro-series-low-pr30-l","status":"publish","type":"product","link":"https:\/\/nbg.eu\/sl\/izdelek\/scope-mount-30mm-vortex-pro-series-low-pr30-l\/","title":{"rendered":"Scope mount 30mm Vortex Pro Series LOW PR30-l"},"content":{"rendered":"<h1>Vortex Pro 30mm nizki (0,90&#8243;) obro\u010dki za daljnogled PR30-L<\/h1>\n<p>Vortex Pro Series 30mm nizki obro\u010dki za monta\u017eo daljnogleda. Izdelani iz aluminija 6061, ki se uporablja v letalski industriji, ti obro\u010dki zagotavljajo zanesljivost in trdnost pri monta\u017ei daljnogleda.<\/p>\n<h2>Klju\u010dne lastnosti:<\/h2>\n<ul>\n<li>Trda mat \u010drna anodizirana povr\u0161ina<\/li>\n<li>Lasersko vgravirane specifikacije navora<\/li>\n<li>Robustni pritrdilni elementi #8 za varno monta\u017eo<\/li>\n<li>Vgrajen nastavek proti povratnemu udarcu za dodatno stabilnost<\/li>\n<li>Zdru\u017eljivi z Weaver ali Picatinny vodili<\/li>\n<li>Lahka zasnova s te\u017eo 44,8 g<\/li>\n<\/ul>\n<p>Vortex Pro PR30-L obro\u010dki zagotavljajo, da daljnogled ostane trdno na mestu. Namenjeni so za lovce, ki zahtevajo kakovost in vrednost.<\/p>\n","protected":false},"excerpt":{"rendered":"<p>Trpe\u017eni 30-milimetrski nizki obro\u010dki za daljnogled, primerni za Weaver\/Picatinny tirnice. Natan\u010dno strojno obdelani.<\/p>\n","protected":false},"featured_media":497582,"template":"","meta":{"_acf_changed":false},"product_brand":[11962],"product_cat":[13459,13434],"product_tag":[],"class_list":{"0":"post-539797","1":"product","2":"type-product","3":"status-publish","4":"has-post-thumbnail","6":"product_brand-vortex","7":"product_cat-dodatki-za-nisanjenje","8":"product_cat-nisanjenje","10":"first","11":"outofstock","12":"taxable","13":"shipping-taxable","14":"purchasable","15":"product-type-simple"},"acf":[],"_links":{"self":[{"href":"https:\/\/nbg.eu\/sl\/wp-json\/wp\/v2\/product\/539797","targetHints":{"allow":["GET"]}}],"collection":[{"href":"https:\/\/nbg.eu\/sl\/wp-json\/wp\/v2\/product"}],"about":[{"href":"https:\/\/nbg.eu\/sl\/wp-json\/wp\/v2\/types\/product"}],"wp:featuredmedia":[{"embeddable":true,"href":"https:\/\/nbg.eu\/sl\/wp-json\/wp\/v2\/media\/497582"}],"wp:attachment":[{"href":"https:\/\/nbg.eu\/sl\/wp-json\/wp\/v2\/media?parent=539797"}],"wp:term":[{"taxonomy":"product_brand","embeddable":true,"href":"https:\/\/nbg.eu\/sl\/wp-json\/wp\/v2\/product_brand?post=539797"},{"taxonomy":"product_cat","embeddable":true,"href":"https:\/\/nbg.eu\/sl\/wp-json\/wp\/v2\/product_cat?post=539797"},{"taxonomy":"product_tag","embeddable":true,"href":"https:\/\/nbg.eu\/sl\/wp-json\/wp\/v2\/product_tag?post=539797"}],"curies":[{"name":"wp","href":"https:\/\/api.w.org\/{rel}","templated":true}]}}