{"id":539909,"date":"2025-09-05T17:40:49","date_gmt":"2025-09-05T14:40:49","guid":{"rendered":"https:\/\/nbg.eu\/product\/badger-ordnance-c1-coaxial-laser-integration-fixture-9-slot-rail-black-700-20b\/"},"modified":"2026-01-21T12:07:04","modified_gmt":"2026-01-21T09:07:04","slug":"badger-ordnance-c1-coaxial-laser-integration-fixture-9-slot-rail-black-700-20b","status":"publish","type":"product","link":"https:\/\/nbg.eu\/sl\/izdelek\/badger-ordnance-c1-coaxial-laser-integration-fixture-9-slot-rail-black-700-20b\/","title":{"rendered":"BADGER ORDNANCE C1 COAXIAL LASER INTEGRATION FIXTURE 9 SLOT RAIL BLACK (700-20B)"},"content":{"rendered":"<div class=\"product-description\">\n<h2>BADGER ORDNANCE C1 KOAKSIALNA LASERSKA INTEGRACIJSKA NAPRAVA 9 RE\u017dI \u010cRNA (700-20B)<\/h2>\n<p>Badger Ordnance 9-re\u017ena CLIF (Koaksialna laserska integracijska naprava) je dodatek za uporabo z Badgerjevimi nosilci Condition One, ki omogo\u010da integracijo laserskih merilnikov razdalje, name\u0161\u010denih na oro\u017eje.<\/p>\n<ul>\n<li>Zdru\u017eljiv z ARC za namestitev laserjev in merilnikov razdalje nad optiko<\/li>\n<li>Pritrdi se brez odstranjevanja pokrov\u010dka C1 dodatnega obro\u010da, ohranjujo\u010d prvotno ni\u010dliranje primarne optike<\/li>\n<li>9-re\u017eni dizajn za razli\u010dne mo\u017enosti namestitve<\/li>\n<li>\u010crna povr\u0161ina<\/li>\n<li>\u0160tevilka dela: 700-20B<\/li>\n<\/ul>\n<p>Na zalogi in pripravljeno za po\u0161iljanje.<\/p>\n<\/div>\n","protected":false},"excerpt":{"rendered":"<p>BADGER ORDNANCE C1 CLIF: 9-re\u017ena tirnica za integracijo laserja na optiko.<\/p>\n","protected":false},"featured_media":497605,"template":"","meta":{"_acf_changed":false},"product_brand":[11092],"product_cat":[13459,14903,13434],"product_tag":[],"class_list":{"0":"post-539909","1":"product","2":"type-product","3":"status-publish","4":"has-post-thumbnail","6":"product_brand-badger-ordnance","7":"product_cat-dodatki-za-nisanjenje","8":"product_cat-mounts-sl","9":"product_cat-nisanjenje","11":"first","12":"instock","13":"taxable","14":"shipping-taxable","15":"purchasable","16":"product-type-simple"},"acf":[],"_links":{"self":[{"href":"https:\/\/nbg.eu\/sl\/wp-json\/wp\/v2\/product\/539909","targetHints":{"allow":["GET"]}}],"collection":[{"href":"https:\/\/nbg.eu\/sl\/wp-json\/wp\/v2\/product"}],"about":[{"href":"https:\/\/nbg.eu\/sl\/wp-json\/wp\/v2\/types\/product"}],"wp:featuredmedia":[{"embeddable":true,"href":"https:\/\/nbg.eu\/sl\/wp-json\/wp\/v2\/media\/497605"}],"wp:attachment":[{"href":"https:\/\/nbg.eu\/sl\/wp-json\/wp\/v2\/media?parent=539909"}],"wp:term":[{"taxonomy":"product_brand","embeddable":true,"href":"https:\/\/nbg.eu\/sl\/wp-json\/wp\/v2\/product_brand?post=539909"},{"taxonomy":"product_cat","embeddable":true,"href":"https:\/\/nbg.eu\/sl\/wp-json\/wp\/v2\/product_cat?post=539909"},{"taxonomy":"product_tag","embeddable":true,"href":"https:\/\/nbg.eu\/sl\/wp-json\/wp\/v2\/product_tag?post=539909"}],"curies":[{"name":"wp","href":"https:\/\/api.w.org\/{rel}","templated":true}]}}