{"id":540292,"date":"2025-09-05T17:42:22","date_gmt":"2025-09-05T14:42:22","guid":{"rendered":"https:\/\/nbg.eu\/product\/ameriglo-range-fo-sight-set-for-glock\/"},"modified":"2026-01-21T12:29:16","modified_gmt":"2026-01-21T09:29:16","slug":"ameriglo-range-fo-sight-set-for-glock","status":"publish","type":"product","link":"https:\/\/nbg.eu\/sl\/izdelek\/ameriglo-range-fo-sight-set-for-glock\/","title":{"rendered":"AMERIGLO RANGE FO SIGHT SET FOR GLOCK"},"content":{"rendered":"<div class=\"product-description\">\n<h2>AMERIGLO MERILNI KOMPLET ZA GLOCK<\/h2>\n<p>Nadgradite svoj Glock G5 9mm\/.40 kaliber z AMERIGLO merilnim kompletom z nazob\u010danim robom. Ta merilni komplet je zasnovan za izbolj\u0161anje natan\u010dnosti streljanja in pridobivanja tar\u010de.<\/p>\n<ul>\n<li>Zdru\u017eljiv z Glock 19 Gen 5 in Glock 23 Gen 5<\/li>\n<li>Jeklena konstrukcija<\/li>\n<li>\u010crna povr\u0161ina<\/li>\n<li>Kvadratni zarezni stil za bolj\u0161o sliko<\/li>\n<li>Nazob\u010dana povr\u0161ina zmanj\u0161uje ble\u0161\u010danje<\/li>\n<li>Lahka zasnova s te\u017eo 0,313 funtov<\/li>\n<\/ul>\n<p>Ti merki zagotavljajo zanesljivost in u\u010dinkovitost na streli\u0161\u010du ali v takti\u010dnih situacijah. AMERIGLO merilni komplet je enostaven za namestitev in dolgotrajen.<\/p>\n<\/div>\n","protected":false},"excerpt":{"rendered":"<p>\u010crni nazob\u010dani set merilcev za Glock G5 9mm\/.40, jeklena konstrukcija.<\/p>\n","protected":false},"featured_media":497814,"template":"","meta":{"_acf_changed":false},"product_brand":[],"product_cat":[13429,13459,13434,13453],"product_tag":[],"class_list":{"0":"post-540292","1":"product","2":"type-product","3":"status-publish","4":"has-post-thumbnail","6":"product_cat-deli-za-pistole","7":"product_cat-dodatki-za-nisanjenje","8":"product_cat-nisanjenje","9":"product_cat-pistola","11":"first","12":"outofstock","13":"taxable","14":"shipping-taxable","15":"purchasable","16":"product-type-simple"},"acf":[],"_links":{"self":[{"href":"https:\/\/nbg.eu\/sl\/wp-json\/wp\/v2\/product\/540292","targetHints":{"allow":["GET"]}}],"collection":[{"href":"https:\/\/nbg.eu\/sl\/wp-json\/wp\/v2\/product"}],"about":[{"href":"https:\/\/nbg.eu\/sl\/wp-json\/wp\/v2\/types\/product"}],"wp:featuredmedia":[{"embeddable":true,"href":"https:\/\/nbg.eu\/sl\/wp-json\/wp\/v2\/media\/497814"}],"wp:attachment":[{"href":"https:\/\/nbg.eu\/sl\/wp-json\/wp\/v2\/media?parent=540292"}],"wp:term":[{"taxonomy":"product_brand","embeddable":true,"href":"https:\/\/nbg.eu\/sl\/wp-json\/wp\/v2\/product_brand?post=540292"},{"taxonomy":"product_cat","embeddable":true,"href":"https:\/\/nbg.eu\/sl\/wp-json\/wp\/v2\/product_cat?post=540292"},{"taxonomy":"product_tag","embeddable":true,"href":"https:\/\/nbg.eu\/sl\/wp-json\/wp\/v2\/product_tag?post=540292"}],"curies":[{"name":"wp","href":"https:\/\/api.w.org\/{rel}","templated":true}]}}