{"id":540640,"date":"2025-09-05T17:42:22","date_gmt":"2025-09-05T14:42:22","guid":{"rendered":"https:\/\/nbg.eu\/product\/lyman-pro-trim-die\/"},"modified":"2026-01-21T11:45:39","modified_gmt":"2026-01-21T08:45:39","slug":"lyman-pro-trim-die","status":"publish","type":"product","link":"https:\/\/nbg.eu\/sl\/izdelek\/lyman-pro-trim-die\/","title":{"rendered":"Lyman Pro Trim Die"},"content":{"rendered":"<div class=\"product-description\">\n<h2>Lyman Pro Trim matrice<\/h2>\n<p>Lyman Pro Trim matrice, izdelane v ZDA, imajo naslednje lastnosti:<\/p>\n<ul>\n<li>Konstrukcija iz nerjave\u010dega jekla za trajnost<\/li>\n<li>7\/8-14 spodnji navoj, zdru\u017eljiv z vsemi Lyman, Mark 7 in drugimi priljubljenimi stiskalnicami za ponovno polnjenje<\/li>\n<li>13\/16-20 zgornji navoj, zasnovan za Lymanov prirezovalnik, name\u0161\u010den na stiskalnico, in druge vodilne mo\u017enosti na trgu<\/li>\n<li>Garancija za \u017eivljenjsko dobo zaradi kakovostnih materialov in izdelave<\/li>\n<\/ul>\n<p>Lyman Pro Trim matrice so primerne za natan\u010dno in vsestransko ponovno polnjenje. Te matrice ponujajo kakovost in zdru\u017eljivost za dosledne in natan\u010dne rezultate.<\/p>\n<\/div>\n","protected":false},"excerpt":{"rendered":"<p>Precizno izdelana matrica iz nerjave\u010dega jekla iz ZDA za obrezovanje tulcev. Zdru\u017eljiva s stiskalnico.<\/p>\n","protected":false},"featured_media":497838,"template":"","meta":{"_acf_changed":false},"product_brand":[11274],"product_cat":[13458,13469],"product_tag":[],"class_list":{"0":"post-540640","1":"product","2":"type-product","3":"status-publish","4":"has-post-thumbnail","6":"product_brand-doublealpha","7":"product_cat-dodatki-za-polnjenje","8":"product_cat-polnjenje-nabojev","10":"first","11":"outofstock","12":"taxable","13":"shipping-taxable","14":"purchasable","15":"product-type-simple"},"acf":[],"_links":{"self":[{"href":"https:\/\/nbg.eu\/sl\/wp-json\/wp\/v2\/product\/540640","targetHints":{"allow":["GET"]}}],"collection":[{"href":"https:\/\/nbg.eu\/sl\/wp-json\/wp\/v2\/product"}],"about":[{"href":"https:\/\/nbg.eu\/sl\/wp-json\/wp\/v2\/types\/product"}],"wp:featuredmedia":[{"embeddable":true,"href":"https:\/\/nbg.eu\/sl\/wp-json\/wp\/v2\/media\/497838"}],"wp:attachment":[{"href":"https:\/\/nbg.eu\/sl\/wp-json\/wp\/v2\/media?parent=540640"}],"wp:term":[{"taxonomy":"product_brand","embeddable":true,"href":"https:\/\/nbg.eu\/sl\/wp-json\/wp\/v2\/product_brand?post=540640"},{"taxonomy":"product_cat","embeddable":true,"href":"https:\/\/nbg.eu\/sl\/wp-json\/wp\/v2\/product_cat?post=540640"},{"taxonomy":"product_tag","embeddable":true,"href":"https:\/\/nbg.eu\/sl\/wp-json\/wp\/v2\/product_tag?post=540640"}],"curies":[{"name":"wp","href":"https:\/\/api.w.org\/{rel}","templated":true}]}}