{"id":540747,"date":"2025-09-05T17:42:23","date_gmt":"2025-09-05T14:42:23","guid":{"rendered":"https:\/\/nbg.eu\/product\/zco-throw-lever\/"},"modified":"2026-01-21T11:39:59","modified_gmt":"2026-01-21T08:39:59","slug":"zco-throw-lever","status":"publish","type":"product","link":"https:\/\/nbg.eu\/sl\/izdelek\/zco-throw-lever\/","title":{"rendered":"ZCO &#8211; Throw Lever"},"content":{"rendered":"<h1>ZCO &#8211; Vzvod za pove\u010davo<\/h1>\n<p>ZCO vzvod za pove\u010davo je zasnovan posebej za precizne strelne daljnoglede Zero Compromise Optic. Ta dodatek se integrira z ohi\u0161jem okularja daljnogleda in omogo\u010da nadzor za hitre prilagoditve pove\u010dave med ciljanjem.<\/p>\n<h2>Klju\u010dne lastnosti:<\/h2>\n<ul>\n<li>Precizno izdelan iz enega kosa aluminija 7075-T6<\/li>\n<li>Peskano in trdo anodizirano za vzdr\u017eljivost v ekstremnih pogojih<\/li>\n<li>Enostavna zasnova za preprosto namestitev<\/li>\n<li>Prilagodljivo pozicioniranje na nastavitvenem obro\u010du daljnogleda<\/li>\n<li>Skladen z estetiko ZCO \u0161portnih daljnogledov<\/li>\n<\/ul>\n<p>ZCO vzvod za pove\u010davo omogo\u010da hitrej\u0161e prehode med pove\u010davami in izbolj\u0161an nadzor, kar je uporabno za strelce, ki i\u0161\u010dejo optimalno zmogljivost na terenu.<\/p>\n","protected":false},"excerpt":{"rendered":"<p>ZCO ro\u010dica za hitro nastavitev: Hitra prilagoditev pove\u010dave za precizijske daljnoglede.<\/p>\n","protected":false},"featured_media":497861,"template":"","meta":{"_acf_changed":false},"product_brand":[15200],"product_cat":[13459,13434,13447],"product_tag":[],"class_list":{"0":"post-540747","1":"product","2":"type-product","3":"status-publish","4":"has-post-thumbnail","6":"product_brand-zero-compromise-optics","7":"product_cat-dodatki-za-nisanjenje","8":"product_cat-nisanjenje","9":"product_cat-optika-s-povecavo","11":"first","12":"instock","13":"taxable","14":"shipping-taxable","15":"purchasable","16":"product-type-simple"},"acf":[],"_links":{"self":[{"href":"https:\/\/nbg.eu\/sl\/wp-json\/wp\/v2\/product\/540747","targetHints":{"allow":["GET"]}}],"collection":[{"href":"https:\/\/nbg.eu\/sl\/wp-json\/wp\/v2\/product"}],"about":[{"href":"https:\/\/nbg.eu\/sl\/wp-json\/wp\/v2\/types\/product"}],"wp:featuredmedia":[{"embeddable":true,"href":"https:\/\/nbg.eu\/sl\/wp-json\/wp\/v2\/media\/497861"}],"wp:attachment":[{"href":"https:\/\/nbg.eu\/sl\/wp-json\/wp\/v2\/media?parent=540747"}],"wp:term":[{"taxonomy":"product_brand","embeddable":true,"href":"https:\/\/nbg.eu\/sl\/wp-json\/wp\/v2\/product_brand?post=540747"},{"taxonomy":"product_cat","embeddable":true,"href":"https:\/\/nbg.eu\/sl\/wp-json\/wp\/v2\/product_cat?post=540747"},{"taxonomy":"product_tag","embeddable":true,"href":"https:\/\/nbg.eu\/sl\/wp-json\/wp\/v2\/product_tag?post=540747"}],"curies":[{"name":"wp","href":"https:\/\/api.w.org\/{rel}","templated":true}]}}