{"id":541253,"date":"2025-09-05T18:09:57","date_gmt":"2025-09-05T15:09:57","guid":{"rendered":"https:\/\/nbg.eu\/product\/ase-utra-borelock-30-338-muzzle-brake-5-8x24-unef\/"},"modified":"2026-05-13T16:03:24","modified_gmt":"2026-05-13T13:03:24","slug":"ase-utra-borelock-30338-zavorna-ustja-58x24-unef","status":"publish","type":"product","link":"https:\/\/nbg.eu\/sl\/izdelek\/ase-utra-borelock-30338-zavorna-ustja-58x24-unef\/","title":{"rendered":"ASE UTRA BoreLock .30\/.338 zavorna ustja 5\/8&#8243;x24 UNEF"},"content":{"rendered":"<h2>ASE UTRA BoreLock .30\/.338 Ustna zavora 5\/8&#8243;x24 UNEF<\/h2>\n<p>ASE UTRA BoreLock .30\/.338 Ustna zavora (Koda: 365P-AU761). Dvodelna zasnova omogo\u010da varno, enostavno in hitro namestitev brez potrebe po podlo\u017ekah ali distan\u010dnikih, kar omogo\u010da natan\u010dno poravnavo.<\/p>\n<h2>Klju\u010dne lastnosti:<\/h2>\n<ul>\n<li>Zdru\u017eljivo s pu\u0161kami kalibra .30 in .338<\/li>\n<li>5\/8&#8243;x24 UNEF navoj<\/li>\n<li>Dvodelna zasnova BoreLock za enostavno namestitev<\/li>\n<li>Brez potrebe po podlo\u017ekah ali distan\u010dnikih<\/li>\n<li>Natan\u010dna poravnava za izbolj\u0161ano to\u010dnost<\/li>\n<li>Zmanj\u0161uje odsun in dvig cevi<\/li>\n<\/ul>\n<p>ASE UTRA BoreLock Ustna zavora je zasnovana za optimalno delovanje in enostavno uporabo.<\/p>\n","protected":false},"excerpt":{"rendered":"<p>ASE UTRA BoreLock .30\/.338 ustna zavora: Hitra in varna namestitev brez potrebe po podlo\u017ekah.<\/p>\n","protected":false},"featured_media":498930,"template":"","meta":{"_acf_changed":false},"product_brand":[14279],"product_cat":[514],"product_tag":[],"class_list":{"0":"post-541253","1":"product","2":"type-product","3":"status-publish","4":"has-post-thumbnail","6":"product_brand-ase-utra-oy","7":"product_cat-rifle-grips","9":"first","10":"outofstock","11":"taxable","12":"shipping-taxable","13":"purchasable","14":"product-type-simple"},"acf":[],"_links":{"self":[{"href":"https:\/\/nbg.eu\/sl\/wp-json\/wp\/v2\/product\/541253","targetHints":{"allow":["GET"]}}],"collection":[{"href":"https:\/\/nbg.eu\/sl\/wp-json\/wp\/v2\/product"}],"about":[{"href":"https:\/\/nbg.eu\/sl\/wp-json\/wp\/v2\/types\/product"}],"wp:featuredmedia":[{"embeddable":true,"href":"https:\/\/nbg.eu\/sl\/wp-json\/wp\/v2\/media\/498930"}],"wp:attachment":[{"href":"https:\/\/nbg.eu\/sl\/wp-json\/wp\/v2\/media?parent=541253"}],"wp:term":[{"taxonomy":"product_brand","embeddable":true,"href":"https:\/\/nbg.eu\/sl\/wp-json\/wp\/v2\/product_brand?post=541253"},{"taxonomy":"product_cat","embeddable":true,"href":"https:\/\/nbg.eu\/sl\/wp-json\/wp\/v2\/product_cat?post=541253"},{"taxonomy":"product_tag","embeddable":true,"href":"https:\/\/nbg.eu\/sl\/wp-json\/wp\/v2\/product_tag?post=541253"}],"curies":[{"name":"wp","href":"https:\/\/api.w.org\/{rel}","templated":true}]}}