{"id":555084,"date":"2025-09-06T16:22:33","date_gmt":"2025-09-06T13:22:33","guid":{"rendered":"https:\/\/nbg.eu\/product\/magnetospeed-llc-barrel-cooler\/"},"modified":"2026-01-21T12:05:22","modified_gmt":"2026-01-21T09:05:22","slug":"magnetospeed-llc-hladilnik-cevi","status":"publish","type":"product","link":"https:\/\/nbg.eu\/sl\/izdelek\/magnetospeed-llc-hladilnik-cevi\/","title":{"rendered":"MAGNETOSPEED LLC hladilnik cevi"},"content":{"rendered":"<div class=\"product-description\">\n<h2>MAGNETOSPEED LLC Hladilnik cevi<\/h2>\n<p>Ohranite cev va\u0161ega strelnega oro\u017eja hladno in podalj\u0161ajte svoje strelske seje s hladilnikom cevi MAGNETOSPEED LLC. Ta naprava se varno pritrdi na va\u0161o cev in zagotavlja hitro odvajanje toplote za izbolj\u0161ano natan\u010dnost in \u017eivljenjsko dobo.<\/p>\n<ul>\n<li>Zdru\u017eljiv z ve\u010dino pu\u0161k in pi\u0161tol<\/li>\n<li>Aluminijasta konstrukcija<\/li>\n<li>Magnetni sistem pritrditve<\/li>\n<li>Zmanj\u0161a temperaturo cevi do 50%<\/li>\n<li>Kompaktna in lahka zasnova za prenosljivost<\/li>\n<\/ul>\n<p>Na streli\u0161\u010du ali v tekmovanju hladilnik cevi MAGNETOSPEED LLC zagotavlja, da va\u0161e strelno oro\u017eje ohranja optimalno delovanje. Prepre\u010dite, da bi pregrevanje omejevalo va\u0161o strelsko izku\u0161njo.<\/p>\n<\/div>\n","protected":false},"excerpt":{"rendered":"<p>Naprava za hitro hlajenje cevi strelnega oro\u017eja. Podalj\u0161uje natan\u010dnost in \u017eivljenjsko dobo.<\/p>\n","protected":false},"featured_media":499615,"template":"","meta":{"_acf_changed":false},"product_brand":[14426],"product_cat":[13483,13444],"product_tag":[],"class_list":{"0":"post-555084","1":"product","2":"type-product","3":"status-publish","4":"has-post-thumbnail","6":"product_brand-magnetospeed-llc","7":"product_cat-puska","8":"product_cat-tuning-za-puske","10":"first","11":"instock","12":"taxable","13":"shipping-taxable","14":"purchasable","15":"product-type-simple"},"acf":[],"_links":{"self":[{"href":"https:\/\/nbg.eu\/sl\/wp-json\/wp\/v2\/product\/555084","targetHints":{"allow":["GET"]}}],"collection":[{"href":"https:\/\/nbg.eu\/sl\/wp-json\/wp\/v2\/product"}],"about":[{"href":"https:\/\/nbg.eu\/sl\/wp-json\/wp\/v2\/types\/product"}],"wp:featuredmedia":[{"embeddable":true,"href":"https:\/\/nbg.eu\/sl\/wp-json\/wp\/v2\/media\/499615"}],"wp:attachment":[{"href":"https:\/\/nbg.eu\/sl\/wp-json\/wp\/v2\/media?parent=555084"}],"wp:term":[{"taxonomy":"product_brand","embeddable":true,"href":"https:\/\/nbg.eu\/sl\/wp-json\/wp\/v2\/product_brand?post=555084"},{"taxonomy":"product_cat","embeddable":true,"href":"https:\/\/nbg.eu\/sl\/wp-json\/wp\/v2\/product_cat?post=555084"},{"taxonomy":"product_tag","embeddable":true,"href":"https:\/\/nbg.eu\/sl\/wp-json\/wp\/v2\/product_tag?post=555084"}],"curies":[{"name":"wp","href":"https:\/\/api.w.org\/{rel}","templated":true}]}}