{"id":575921,"date":"2025-10-10T12:35:14","date_gmt":"2025-10-10T09:35:14","guid":{"rendered":"https:\/\/nbg.eu\/product\/safety-set-kmr-lw-rf\/"},"modified":"2026-04-16T18:56:19","modified_gmt":"2026-04-16T15:56:19","slug":"safety-set-kmr-lw-rf","status":"publish","type":"product","link":"https:\/\/nbg.eu\/sl\/izdelek\/safety-set-kmr-lw-rf\/","title":{"rendered":"KMR Komplet Varovalke LW-RF"},"content":{"rendered":"<h2>VARNOSTNI KOMPLET KMR LW-RF<\/h2>\n<p><strong>Referenca:<\/strong> 0671-03002-0000<\/p>\n<p>Izbolj\u0161ajte varnost va\u0161ega oro\u017eja KMR z na\u0161im celovitim VARNOSTNIM KOMPLETOM KMR LW-RF. Ta bistveni komplet je zasnovan za zagotavljanje optimalne za\u0161\u010dite in funkcionalnosti za \u0161irok obseg modelov KMR, vklju\u010dno z:<\/p>\n<ul>\n<li>KMR L-02 ORCA (2024 in novej\u0161i)<\/li>\n<li>KMR L-02 ORCA (2023 in starej\u0161i)<\/li>\n<li>KMR L-02 SPECTRA (2023 in starej\u0161i)<\/li>\n<li>KMR W-02 CUDA (2024 in novej\u0161i)<\/li>\n<li>KMR W-02 CUDA (2023 in starej\u0161i)<\/li>\n<li>KMR W-02 UMBRA<\/li>\n<li>KMR W-02 UMBRA (OR)<\/li>\n<\/ul>\n<p>Na\u0161 VARNOSTNI KOMPLET KMR LW-RF je zasnovan za izpolnjevanje najvi\u0161jih standardov zanesljivosti in u\u010dinkovitosti. Ne glede na to, ali uporabljate najnovej\u0161i model ORCA ali klasi\u010dnega UMBRA, ta ve\u010dnamenski varnostni komplet zagotavlja, da va\u0161e oro\u017eje deluje varno in u\u010dinkovito. Nadgradite svoje oro\u017eje KMR \u0161e danes s to nujno potrebno varnostno dodatno opremo.<\/p>\n","protected":false},"excerpt":{"rendered":"<p>Bistvena varnostna garnitura za KMR oro\u017eje, zdru\u017eljiva z ve\u010d modeli<\/p>\n","protected":false},"featured_media":575929,"template":"","meta":{"_acf_changed":false},"product_brand":[],"product_cat":[13433],"product_tag":[],"class_list":{"0":"post-575921","1":"product","2":"type-product","3":"status-publish","4":"has-post-thumbnail","6":"product_cat-kmr-deli","8":"first","9":"outofstock","10":"taxable","11":"shipping-taxable","12":"purchasable","13":"product-type-simple"},"acf":[],"_links":{"self":[{"href":"https:\/\/nbg.eu\/sl\/wp-json\/wp\/v2\/product\/575921","targetHints":{"allow":["GET"]}}],"collection":[{"href":"https:\/\/nbg.eu\/sl\/wp-json\/wp\/v2\/product"}],"about":[{"href":"https:\/\/nbg.eu\/sl\/wp-json\/wp\/v2\/types\/product"}],"wp:featuredmedia":[{"embeddable":true,"href":"https:\/\/nbg.eu\/sl\/wp-json\/wp\/v2\/media\/575929"}],"wp:attachment":[{"href":"https:\/\/nbg.eu\/sl\/wp-json\/wp\/v2\/media?parent=575921"}],"wp:term":[{"taxonomy":"product_brand","embeddable":true,"href":"https:\/\/nbg.eu\/sl\/wp-json\/wp\/v2\/product_brand?post=575921"},{"taxonomy":"product_cat","embeddable":true,"href":"https:\/\/nbg.eu\/sl\/wp-json\/wp\/v2\/product_cat?post=575921"},{"taxonomy":"product_tag","embeddable":true,"href":"https:\/\/nbg.eu\/sl\/wp-json\/wp\/v2\/product_tag?post=575921"}],"curies":[{"name":"wp","href":"https:\/\/api.w.org\/{rel}","templated":true}]}}