{"id":581588,"date":"2025-10-10T18:09:59","date_gmt":"2025-10-10T15:09:59","guid":{"rendered":"https:\/\/nbg.eu\/product\/daa-x-ray-polymer-pouch-black\/"},"modified":"2026-01-21T11:42:33","modified_gmt":"2026-01-21T08:42:33","slug":"daa-x-ray-polimerna-torbica-crna","status":"publish","type":"product","link":"https:\/\/nbg.eu\/sl\/izdelek\/daa-x-ray-polimerna-torbica-crna\/","title":{"rendered":"DAA X-Ray polimerna torbica &#8211; \u010drna"},"content":{"rendered":"<h2>DAA X-Ray polimerna torbica &#8211; \u010drna<\/h2>\n<p>DAA X-Ray polimerna torbica za tekmovalne nabojnike ima naslednje lastnosti:<\/p>\n<ul>\n<li>Izrezani videz za zmanj\u0161ano te\u017eo<\/li>\n<li>8 pritrdilnih to\u010dk za uporabo z obema rokama in raznovrstno namestitev<\/li>\n<li>3 kompleti distan\u010dnikov, zdru\u017eljivi z ve\u010dino nabojnikov z dvojnim skladom<\/li>\n<li>Konstrukcija iz polimera, oja\u010danega z vlakni<\/li>\n<li>Optimiziran zgornji rob za la\u017eje vstavljanje nabojnika<\/li>\n<li>Vijak za prepre\u010devanje nenamernega odklepanja<\/li>\n<li>Pove\u010dan 13 mm krogli\u010dni sklep za stabilnost<\/li>\n<li>Nastavitev napetosti brez orodja z velikim kolesom<\/li>\n<\/ul>\n<p>DAA X-Ray polimerna torbica je namenjena uporabi na streli\u0161\u010du.<\/p>\n","protected":false},"excerpt":{"rendered":"<p>DAA X-Ray polimerna torbica: Eleganten, vsestranski, varen nosilec za nabojnike, namenjen tekmovalcem.<\/p>\n","protected":false},"featured_media":581804,"template":"","meta":{"_acf_changed":false},"product_brand":[11274],"product_cat":[13474,13481],"product_tag":[],"class_list":{"0":"post-581588","1":"product","2":"type-product","3":"status-publish","4":"has-post-thumbnail","6":"product_brand-doublealpha","7":"product_cat-drzala-za-nabojnike","8":"product_cat-torbice","10":"first","11":"instock","12":"taxable","13":"shipping-taxable","14":"purchasable","15":"product-type-simple"},"acf":[],"_links":{"self":[{"href":"https:\/\/nbg.eu\/sl\/wp-json\/wp\/v2\/product\/581588","targetHints":{"allow":["GET"]}}],"collection":[{"href":"https:\/\/nbg.eu\/sl\/wp-json\/wp\/v2\/product"}],"about":[{"href":"https:\/\/nbg.eu\/sl\/wp-json\/wp\/v2\/types\/product"}],"wp:featuredmedia":[{"embeddable":true,"href":"https:\/\/nbg.eu\/sl\/wp-json\/wp\/v2\/media\/581804"}],"wp:attachment":[{"href":"https:\/\/nbg.eu\/sl\/wp-json\/wp\/v2\/media?parent=581588"}],"wp:term":[{"taxonomy":"product_brand","embeddable":true,"href":"https:\/\/nbg.eu\/sl\/wp-json\/wp\/v2\/product_brand?post=581588"},{"taxonomy":"product_cat","embeddable":true,"href":"https:\/\/nbg.eu\/sl\/wp-json\/wp\/v2\/product_cat?post=581588"},{"taxonomy":"product_tag","embeddable":true,"href":"https:\/\/nbg.eu\/sl\/wp-json\/wp\/v2\/product_tag?post=581588"}],"curies":[{"name":"wp","href":"https:\/\/api.w.org\/{rel}","templated":true}]}}