{"id":583017,"date":"2025-10-08T23:36:42","date_gmt":"2025-10-08T20:36:42","guid":{"rendered":"https:\/\/nbg.eu\/product\/utg-pro-m-lok-light-mount-for-mp5\/"},"modified":"2026-02-27T15:51:17","modified_gmt":"2026-02-27T12:51:17","slug":"utg-pro-m-lok-light-mount-for-mp5","status":"publish","type":"product","link":"https:\/\/nbg.eu\/sl\/izdelek\/utg-pro-m-lok-light-mount-for-mp5\/","title":{"rendered":"UTG PRO\u00ae M-LOK\u00ae Light Mount, for MP5\u00ae"},"content":{"rendered":"<div class=\"product-description\">\n<h1>UTG PRO\u00ae M-LOK\u00ae nosilec za svetilko, za MP5\u00ae<\/h1>\n<p><strong>\u0160ifra:<\/strong> MTU058SSM<\/p>\n<p>UTG PRO\u00ae M-LOK\u00ae nosilec za svetilko za MP5\u00ae pi\u0161tole ali pu\u0161ke. Ta dodatek se pritrdi na sprednji merek brez oviranja ro\u010daja ali kopita ter zagotavlja stabilno platformo za svetilke, tla\u010dna stikala in druge dodatke.<\/p>\n<h2>Klju\u010dne lastnosti:<\/h2>\n<ul>\n<li>Zasnovan in izdelan v ZDA<\/li>\n<li>Lahka aluminijasta konstrukcija s \u010drno matirano anodizacijo<\/li>\n<li>M-LOK\u00ae re\u017ee na polo\u017eajih 11, 12 in 1 ure<\/li>\n<li>Zdru\u017eljiv z MP5 pi\u0161tolami in pu\u0161kami (ne s K vzorci sprejemnikov)<\/li>\n<li>Varna pritrditev na sprednji merek<\/li>\n<\/ul>\n<p>Nosilec za svetilko za MP5\u00ae.<\/p>\n<\/div>\n","protected":false},"excerpt":{"rendered":"<p>Dr\u017ealo za lu\u010d MP5\u00ae, izdelano v ZDA. Re\u017ee M-LOK\u00ae, varno prileganje, vsestranska uporaba.<\/p>\n","protected":false},"featured_media":583200,"template":"","meta":{"_acf_changed":false},"product_brand":[14408],"product_cat":[14961,369],"product_tag":[],"class_list":{"0":"post-583017","1":"product","2":"type-product","3":"status-publish","4":"has-post-thumbnail","6":"product_brand-leapers-inc","7":"product_cat-m-lok-rail-systems-sl","8":"product_cat-uncategorized","10":"first","11":"instock","12":"taxable","13":"shipping-taxable","14":"purchasable","15":"product-type-simple"},"acf":[],"_links":{"self":[{"href":"https:\/\/nbg.eu\/sl\/wp-json\/wp\/v2\/product\/583017","targetHints":{"allow":["GET"]}}],"collection":[{"href":"https:\/\/nbg.eu\/sl\/wp-json\/wp\/v2\/product"}],"about":[{"href":"https:\/\/nbg.eu\/sl\/wp-json\/wp\/v2\/types\/product"}],"wp:featuredmedia":[{"embeddable":true,"href":"https:\/\/nbg.eu\/sl\/wp-json\/wp\/v2\/media\/583200"}],"wp:attachment":[{"href":"https:\/\/nbg.eu\/sl\/wp-json\/wp\/v2\/media?parent=583017"}],"wp:term":[{"taxonomy":"product_brand","embeddable":true,"href":"https:\/\/nbg.eu\/sl\/wp-json\/wp\/v2\/product_brand?post=583017"},{"taxonomy":"product_cat","embeddable":true,"href":"https:\/\/nbg.eu\/sl\/wp-json\/wp\/v2\/product_cat?post=583017"},{"taxonomy":"product_tag","embeddable":true,"href":"https:\/\/nbg.eu\/sl\/wp-json\/wp\/v2\/product_tag?post=583017"}],"curies":[{"name":"wp","href":"https:\/\/api.w.org\/{rel}","templated":true}]}}