{"id":58309,"date":"2024-02-20T19:05:47","date_gmt":"2024-02-20T19:05:47","guid":{"rendered":"https:\/\/nbg.eu\/product\/grovtec-heavy-duty-push-button-qd-sling-swivel\/"},"modified":"2026-04-22T11:40:57","modified_gmt":"2026-04-22T08:40:57","slug":"grovtec-heavy-duty-hitro-snemljivi-vrtljivi-obrocni-adapter-qd","status":"publish","type":"product","link":"https:\/\/nbg.eu\/sl\/izdelek\/grovtec-heavy-duty-hitro-snemljivi-vrtljivi-obrocni-adapter-qd\/","title":{"rendered":"Geissele QD Nosilec Jermena GROVTEC Heavy Duty"},"content":{"rendered":"<p>GROVTEC te\u017eki potisni gumb QD sling vrtljivi obro\u010dek je dodatek za 1-1\/4&#8243; pasove. Ta posamezno pakiran vrtljivi obro\u010dek ima:<\/p>\n<ul>\n<li>Preizku\u0161eno do 450 funtov obremenitve<\/li>\n<li>Mangansko fosfatno kon\u010dno obdelavo brez sijaja<\/li>\n<li>Mehanizem s potisnim gumbom za hitro odstranitev<\/li>\n<li>Trpe\u017eno konstrukcijo za dolgotrajno uporabo<\/li>\n<\/ul>\n<p>Nadgradite svoje strelno oro\u017eje s tem vrtljivim obro\u010dkom.<\/p>\n","protected":false},"excerpt":{"rendered":"<p>Trpe\u017een 1,25-pal\u010dni jermen za pu\u0161ko, preizku\u0161en do 450 funtov, s potisnim gumbom za hitro odstranitev, mat zaklju\u010dek.<\/p>\n","protected":false},"featured_media":58310,"template":"","meta":{"_acf_changed":false},"product_brand":[11389],"product_cat":[13419,14937,13444],"product_tag":[],"class_list":{"0":"post-58309","1":"product","2":"type-product","3":"status-publish","4":"has-post-thumbnail","6":"product_brand-geissele","7":"product_cat-jermenice","8":"product_cat-sling-swivels-sl","9":"product_cat-tuning-za-puske","11":"first","12":"instock","13":"taxable","14":"shipping-taxable","15":"product-type-simple"},"acf":[],"_links":{"self":[{"href":"https:\/\/nbg.eu\/sl\/wp-json\/wp\/v2\/product\/58309","targetHints":{"allow":["GET"]}}],"collection":[{"href":"https:\/\/nbg.eu\/sl\/wp-json\/wp\/v2\/product"}],"about":[{"href":"https:\/\/nbg.eu\/sl\/wp-json\/wp\/v2\/types\/product"}],"wp:featuredmedia":[{"embeddable":true,"href":"https:\/\/nbg.eu\/sl\/wp-json\/wp\/v2\/media\/58310"}],"wp:attachment":[{"href":"https:\/\/nbg.eu\/sl\/wp-json\/wp\/v2\/media?parent=58309"}],"wp:term":[{"taxonomy":"product_brand","embeddable":true,"href":"https:\/\/nbg.eu\/sl\/wp-json\/wp\/v2\/product_brand?post=58309"},{"taxonomy":"product_cat","embeddable":true,"href":"https:\/\/nbg.eu\/sl\/wp-json\/wp\/v2\/product_cat?post=58309"},{"taxonomy":"product_tag","embeddable":true,"href":"https:\/\/nbg.eu\/sl\/wp-json\/wp\/v2\/product_tag?post=58309"}],"curies":[{"name":"wp","href":"https:\/\/api.w.org\/{rel}","templated":true}]}}