{"id":595899,"date":"2025-10-17T16:20:30","date_gmt":"2025-10-17T13:20:30","guid":{"rendered":"https:\/\/nbg.eu\/product\/holster-rhh-190-ho-aiwb-crocy\/"},"modified":"2026-01-21T12:31:23","modified_gmt":"2026-01-21T09:31:23","slug":"holster-rhh-190-ho-aiwb-crocy","status":"publish","type":"product","link":"https:\/\/nbg.eu\/sl\/izdelek\/holster-rhh-190-ho-aiwb-crocy\/","title":{"rendered":"Holster RHH 190-HO AIWB Crocy"},"content":{"rendered":"<div class=\"product-description\">\n<h2>Tok RHH 190-HO AIWB Crocy<\/h2>\n<p>Tok RHH 190-HO AIWB Crocy je re\u0161itev za prikrito no\u0161enje oro\u017eja. Zasnovan je za no\u0161enje znotraj pasu na sprednji strani (AIWB) in nudi udobje in varnost.<\/p>\n<ul>\n<li>Izdelan iz Kydex materiala za trajnost<\/li>\n<li>Oblikovan po meri za dolo\u010den model strelnega oro\u017eja<\/li>\n<li>Nastavljivo zadr\u017eevanje za prilagojeno napetost izvleka<\/li>\n<li>\u0160\u010ditnik pred znojem \u0161\u010diti oro\u017eje pred vlago in ko\u017eo pred dra\u017eenjem<\/li>\n<li>Sponka omogo\u010da globoko prikrivanje pod majicami<\/li>\n<li>Na voljo v konfiguraciji za desni\u010darje<\/li>\n<\/ul>\n<p>Tok RHH 190-HO AIWB Crocy zdru\u017euje udobje, prikritost in hiter dostop.<\/p>\n<\/div>\n","protected":false},"excerpt":{"rendered":"<p>Varen AIWB tok za prikrito no\u0161enje. Trpe\u017een, udobno prileganje.<\/p>\n","protected":false},"featured_media":595981,"template":"","meta":{"_acf_changed":false},"product_brand":[11648],"product_cat":[13456,13489],"product_tag":[],"class_list":{"0":"post-595899","1":"product","2":"type-product","3":"status-publish","4":"has-post-thumbnail","6":"product_brand-rh-holsters","7":"product_cat-takticne-kabure","8":"product_cat-tok","10":"first","11":"instock","12":"taxable","13":"shipping-taxable","14":"purchasable","15":"product-type-variable","16":"wvs-archive-product-wrapper"},"acf":[],"_links":{"self":[{"href":"https:\/\/nbg.eu\/sl\/wp-json\/wp\/v2\/product\/595899","targetHints":{"allow":["GET"]}}],"collection":[{"href":"https:\/\/nbg.eu\/sl\/wp-json\/wp\/v2\/product"}],"about":[{"href":"https:\/\/nbg.eu\/sl\/wp-json\/wp\/v2\/types\/product"}],"wp:featuredmedia":[{"embeddable":true,"href":"https:\/\/nbg.eu\/sl\/wp-json\/wp\/v2\/media\/595981"}],"wp:attachment":[{"href":"https:\/\/nbg.eu\/sl\/wp-json\/wp\/v2\/media?parent=595899"}],"wp:term":[{"taxonomy":"product_brand","embeddable":true,"href":"https:\/\/nbg.eu\/sl\/wp-json\/wp\/v2\/product_brand?post=595899"},{"taxonomy":"product_cat","embeddable":true,"href":"https:\/\/nbg.eu\/sl\/wp-json\/wp\/v2\/product_cat?post=595899"},{"taxonomy":"product_tag","embeddable":true,"href":"https:\/\/nbg.eu\/sl\/wp-json\/wp\/v2\/product_tag?post=595899"}],"curies":[{"name":"wp","href":"https:\/\/api.w.org\/{rel}","templated":true}]}}