{"id":59618,"date":"2024-02-15T11:08:39","date_gmt":"2024-02-15T11:08:39","guid":{"rendered":"https:\/\/nbg.eu\/product\/geissele-picatinny-rail-for-m-lok-7-slots\/"},"modified":"2026-04-22T11:46:39","modified_gmt":"2026-04-22T08:46:39","slug":"geissele-picatinny-tirnica-za-m-lok-7-rez","status":"publish","type":"product","link":"https:\/\/nbg.eu\/sl\/izdelek\/geissele-picatinny-tirnica-za-m-lok-7-rez\/","title":{"rendered":"Geissele Picatinny Tirnica M-LOK"},"content":{"rendered":"<div class=\"product-description\">\n<h2>Geissele Picatinny vodilo za M-LOK, 7 re\u017e<\/h2>\n<p>Izbolj\u0161ajte prilagodljivost va\u0161ega AR-15 z Geissele Picatinny dodatnim vodilom. To 7-re\u017eno vodilo je izdelano iz aluminija 7075-T6 s trdo anodizirano povr\u0161ino, ki omogo\u010da varno pritrditev razli\u010dnih dodatkov. Zasnovano je po natan\u010dnih specifikacijah in zagotavlja zanesljivo prileganje ter stabilno platformo za va\u0161 M-LOK ro\u010daj.<\/p>\n<\/div>\n","protected":false},"excerpt":{"rendered":"<p>Natan\u010dna 7-re\u017ena Picatinny letev za M-LOK. Varna namestitev dodatkov za AR-15.<\/p>\n","protected":false},"featured_media":59619,"template":"","meta":{"_acf_changed":false},"product_brand":[11389],"product_cat":[16226,13462,15845,13483],"product_tag":[],"class_list":{"0":"post-59618","1":"product","2":"type-product","3":"status-publish","4":"has-post-thumbnail","6":"product_brand-geissele","7":"product_cat-bipod-mounts-sl","8":"product_cat-dvonozniki","9":"product_cat-picatinny-rails-sl","10":"product_cat-puska","12":"first","13":"instock","14":"taxable","15":"shipping-taxable","16":"product-type-variable","17":"wvs-archive-product-wrapper"},"acf":[],"_links":{"self":[{"href":"https:\/\/nbg.eu\/sl\/wp-json\/wp\/v2\/product\/59618","targetHints":{"allow":["GET"]}}],"collection":[{"href":"https:\/\/nbg.eu\/sl\/wp-json\/wp\/v2\/product"}],"about":[{"href":"https:\/\/nbg.eu\/sl\/wp-json\/wp\/v2\/types\/product"}],"wp:featuredmedia":[{"embeddable":true,"href":"https:\/\/nbg.eu\/sl\/wp-json\/wp\/v2\/media\/59619"}],"wp:attachment":[{"href":"https:\/\/nbg.eu\/sl\/wp-json\/wp\/v2\/media?parent=59618"}],"wp:term":[{"taxonomy":"product_brand","embeddable":true,"href":"https:\/\/nbg.eu\/sl\/wp-json\/wp\/v2\/product_brand?post=59618"},{"taxonomy":"product_cat","embeddable":true,"href":"https:\/\/nbg.eu\/sl\/wp-json\/wp\/v2\/product_cat?post=59618"},{"taxonomy":"product_tag","embeddable":true,"href":"https:\/\/nbg.eu\/sl\/wp-json\/wp\/v2\/product_tag?post=59618"}],"curies":[{"name":"wp","href":"https:\/\/api.w.org\/{rel}","templated":true}]}}