{"id":60125,"date":"2024-02-15T10:54:43","date_gmt":"2024-02-15T07:54:43","guid":{"rendered":"https:\/\/nbg.eu\/product\/geissele-super-charging-handle-sch-7-62\/"},"modified":"2026-04-22T11:48:06","modified_gmt":"2026-04-22T08:48:06","slug":"geissele-super-rocica-za-polnjenje-sch-762","status":"publish","type":"product","link":"https:\/\/nbg.eu\/sl\/izdelek\/geissele-super-rocica-za-polnjenje-sch-762\/","title":{"rendered":"Geissele Polnilna Ro\u010dica (SCH) 7.62"},"content":{"rendered":"<div class=\"product-description\">\n<h2>Geissele ro\u010dica za polnjenje (SCH\u00ae) 7.62<\/h2>\n<p>SCH\u00ae 7.62 je obojestranska ro\u010dica za polnjenje, izdelana iz aluminija 7075-T6. Ima oblikovane ro\u010dice z nazob\u010danimi povr\u0161inami za oprijem. Povi\u0161an zadnji rob zmanj\u0161uje povratni plin, primeren za sisteme s kratko cevjo in du\u0161ilci. Anodiziran tip 3, na voljo v \u010drni in pu\u0161\u010davski barvi.<\/p>\n<p>Zdru\u017eljiv z ve\u010dino SR25, DPMS\/LR308 in AR10 oro\u017eij. Pred namestitvijo preverite zdru\u017eljivost pri proizvajalcu va\u0161ega oro\u017eja.<\/p>\n<p><strong>Ni zdru\u017eljiv z:<\/strong> HK 762, Colt 901, DPMS GII, Adams Arms .308 Patrol Rifle, Daniel Defense DD5, Sig 716, BPM Long Range Marksman .308, Smith &amp; Wesson MP-10, Bushmaster BAR-10, Rock River Arms LAR-8.<\/p>\n<\/div>\n","protected":false},"excerpt":{"rendered":"<p>Obojestranska ro\u010dica za polnjenje iz aluminija 7075-T6 za pu\u0161ke kalibra 7,62.<\/p>\n","protected":false},"featured_media":60126,"template":"","meta":{"_acf_changed":false},"product_brand":[11389],"product_cat":[13483,13478,13444],"product_tag":[],"class_list":{"0":"post-60125","1":"product","2":"type-product","3":"status-publish","4":"has-post-thumbnail","6":"product_brand-geissele","7":"product_cat-puska","8":"product_cat-rocice-za-polnjenje","9":"product_cat-tuning-za-puske","11":"first","12":"instock","13":"taxable","14":"shipping-taxable","15":"product-type-variable","16":"wvs-archive-product-wrapper"},"acf":[],"_links":{"self":[{"href":"https:\/\/nbg.eu\/sl\/wp-json\/wp\/v2\/product\/60125","targetHints":{"allow":["GET"]}}],"collection":[{"href":"https:\/\/nbg.eu\/sl\/wp-json\/wp\/v2\/product"}],"about":[{"href":"https:\/\/nbg.eu\/sl\/wp-json\/wp\/v2\/types\/product"}],"wp:featuredmedia":[{"embeddable":true,"href":"https:\/\/nbg.eu\/sl\/wp-json\/wp\/v2\/media\/60126"}],"wp:attachment":[{"href":"https:\/\/nbg.eu\/sl\/wp-json\/wp\/v2\/media?parent=60125"}],"wp:term":[{"taxonomy":"product_brand","embeddable":true,"href":"https:\/\/nbg.eu\/sl\/wp-json\/wp\/v2\/product_brand?post=60125"},{"taxonomy":"product_cat","embeddable":true,"href":"https:\/\/nbg.eu\/sl\/wp-json\/wp\/v2\/product_cat?post=60125"},{"taxonomy":"product_tag","embeddable":true,"href":"https:\/\/nbg.eu\/sl\/wp-json\/wp\/v2\/product_tag?post=60125"}],"curies":[{"name":"wp","href":"https:\/\/api.w.org\/{rel}","templated":true}]}}