{"id":62006,"date":"2024-02-14T11:11:36","date_gmt":"2024-02-14T11:11:36","guid":{"rendered":"https:\/\/nbg.eu\/product\/geissele-super-dynamic-enhanced-sd-e-trigger\/"},"modified":"2026-04-22T12:05:09","modified_gmt":"2026-04-22T09:05:09","slug":"geissele-super-dinamicni-izboljsani-sd-e-sprozilec","status":"publish","type":"product","link":"https:\/\/nbg.eu\/sl\/izdelek\/geissele-super-dinamicni-izboljsani-sd-e-sprozilec\/","title":{"rendered":"Geissele Spro\u017eilec Super Dynamic Enhanced (SD-E)"},"content":{"rendered":"<div class=\"product-description\">\n<h2>Geissele Super Dynamic Enhanced (SD-E) spro\u017eilec<\/h2>\n<p>Geissele SD-E spro\u017eilec je dvostopenjski spro\u017eilec z naslednjimi lastnostmi:<\/p>\n<ul>\n<li>Raven spro\u017eilni lok<\/li>\n<li>Mehanizem za bolj\u0161i nadzor<\/li>\n<li>Izbolj\u0161ana natan\u010dnost oro\u017eja<\/li>\n<li>Zanesljivost<\/li>\n<\/ul>\n<p>SD-E je razli\u010dica SSA-E z ravnim lokom. Ponuja:<\/p>\n<ul>\n<li>Jasen prelom<\/li>\n<li>Konsistentno te\u017eo potega<\/li>\n<li>Hitrej\u0161e ponovne strele<\/li>\n<\/ul>\n<p>Geissele SD-E spro\u017eilec zdru\u017euje natan\u010dnost in zmogljivost.<\/p>\n<\/div>\n","protected":false},"excerpt":{"rendered":"<p>Natan\u010den plo\u0161\u010dat lok s spro\u017eilcem v dveh stopnjah za bolj\u0161i nadzor in natan\u010dnost.<\/p>\n","protected":false},"featured_media":62007,"template":"","meta":{"_acf_changed":false},"product_brand":[11389],"product_cat":[13483,13495,13444],"product_tag":[],"class_list":{"0":"post-62006","1":"product","2":"type-product","3":"status-publish","4":"has-post-thumbnail","6":"product_brand-geissele","7":"product_cat-puska","8":"product_cat-sprozilci","9":"product_cat-tuning-za-puske","11":"first","12":"instock","13":"taxable","14":"shipping-taxable","15":"product-type-simple"},"acf":[],"_links":{"self":[{"href":"https:\/\/nbg.eu\/sl\/wp-json\/wp\/v2\/product\/62006","targetHints":{"allow":["GET"]}}],"collection":[{"href":"https:\/\/nbg.eu\/sl\/wp-json\/wp\/v2\/product"}],"about":[{"href":"https:\/\/nbg.eu\/sl\/wp-json\/wp\/v2\/types\/product"}],"wp:featuredmedia":[{"embeddable":true,"href":"https:\/\/nbg.eu\/sl\/wp-json\/wp\/v2\/media\/62007"}],"wp:attachment":[{"href":"https:\/\/nbg.eu\/sl\/wp-json\/wp\/v2\/media?parent=62006"}],"wp:term":[{"taxonomy":"product_brand","embeddable":true,"href":"https:\/\/nbg.eu\/sl\/wp-json\/wp\/v2\/product_brand?post=62006"},{"taxonomy":"product_cat","embeddable":true,"href":"https:\/\/nbg.eu\/sl\/wp-json\/wp\/v2\/product_cat?post=62006"},{"taxonomy":"product_tag","embeddable":true,"href":"https:\/\/nbg.eu\/sl\/wp-json\/wp\/v2\/product_tag?post=62006"}],"curies":[{"name":"wp","href":"https:\/\/api.w.org\/{rel}","templated":true}]}}