{"id":62344,"date":"2024-02-14T10:09:17","date_gmt":"2024-02-14T07:09:17","guid":{"rendered":"https:\/\/nbg.eu\/product\/geissele-super-semi-automatic-ssa-trigger\/"},"modified":"2026-04-22T12:07:53","modified_gmt":"2026-04-22T09:07:53","slug":"geissele-super-polavtomatski-ssa-sprozilec","status":"publish","type":"product","link":"https:\/\/nbg.eu\/sl\/izdelek\/geissele-super-polavtomatski-ssa-sprozilec\/","title":{"rendered":"Geissele Spro\u017eilec Super Semi-Automatic (SSA)"},"content":{"rendered":"<h2>Geissele Super Semi-Avtomatski (SSA\u00ae) Spro\u017eilec<\/h2>\n<p>Geissele SSA\u00ae spro\u017eilec je polavtomatska prilagoditev Super Select-Fire spro\u017eilca. Ta nenastavljivI dvostopenjski spro\u017eilec ponuja:<\/p>\n<ul>\n<li>Natan\u010dnost za precizne strele<\/li>\n<li>Prilagodljivost za boj na kratke razdalje<\/li>\n<li>Varnostno potrdilo Crane Naval Surface Warfare Center<\/li>\n<li>Primeren za organe pregona in dinami\u010dna okolja<\/li>\n<\/ul>\n<p>Zasnova SSA\u00ae omogo\u010da lahek dotik za natan\u010dnost na dolge razdalje, hkrati pa ohranja odpu\u0161\u010danje, potrebno za situacije hitre streljanja. SSA\u00ae spro\u017eilec zagotavlja dosledno delovanje pri delu s karabinkami srednje razdalje ali v stresnih situacijah.<\/p>\n<p>Ta spro\u017eilni sistem je preizku\u0161en v boju.<\/p>\n","protected":false},"excerpt":{"rendered":"<p>Natan\u010den dvostopenjski spro\u017eilec za vsestranski in natan\u010den strel.<\/p>\n","protected":false},"featured_media":62276,"template":"","meta":{"_acf_changed":false},"product_brand":[11389],"product_cat":[13483,13495,13444],"product_tag":[],"class_list":{"0":"post-62344","1":"product","2":"type-product","3":"status-publish","4":"has-post-thumbnail","6":"product_brand-geissele","7":"product_cat-puska","8":"product_cat-sprozilci","9":"product_cat-tuning-za-puske","11":"first","12":"instock","13":"taxable","14":"shipping-taxable","15":"product-type-simple"},"acf":[],"_links":{"self":[{"href":"https:\/\/nbg.eu\/sl\/wp-json\/wp\/v2\/product\/62344","targetHints":{"allow":["GET"]}}],"collection":[{"href":"https:\/\/nbg.eu\/sl\/wp-json\/wp\/v2\/product"}],"about":[{"href":"https:\/\/nbg.eu\/sl\/wp-json\/wp\/v2\/types\/product"}],"wp:featuredmedia":[{"embeddable":true,"href":"https:\/\/nbg.eu\/sl\/wp-json\/wp\/v2\/media\/62276"}],"wp:attachment":[{"href":"https:\/\/nbg.eu\/sl\/wp-json\/wp\/v2\/media?parent=62344"}],"wp:term":[{"taxonomy":"product_brand","embeddable":true,"href":"https:\/\/nbg.eu\/sl\/wp-json\/wp\/v2\/product_brand?post=62344"},{"taxonomy":"product_cat","embeddable":true,"href":"https:\/\/nbg.eu\/sl\/wp-json\/wp\/v2\/product_cat?post=62344"},{"taxonomy":"product_tag","embeddable":true,"href":"https:\/\/nbg.eu\/sl\/wp-json\/wp\/v2\/product_tag?post=62344"}],"curies":[{"name":"wp","href":"https:\/\/api.w.org\/{rel}","templated":true}]}}