{"id":63071,"date":"2024-01-24T18:50:37","date_gmt":"2024-01-24T18:50:37","guid":{"rendered":"https:\/\/nbg.eu\/product\/iosso-cleaning-brush-2-sided-2-pk\/"},"modified":"2026-01-21T11:40:20","modified_gmt":"2026-01-21T08:40:20","slug":"iosso-cistilna-scetka-2-stranska-2pak","status":"publish","type":"product","link":"https:\/\/nbg.eu\/sl\/izdelek\/iosso-cistilna-scetka-2-stranska-2pak\/","title":{"rendered":"Iosso \u010cistilna \u0160\u010detka 2-Stranska &#8211; 2\/pak."},"content":{"rendered":"<p>\nIosso \u010distilna krta\u010da z dvema stranema &#8211; 2 kosa v paketu ima trpe\u017ene najlonske \u0161\u010detine za \u010di\u0161\u010denje. Vsak paket vsebuje dve krta\u010di s \u0161iroko, dolgo stranjo in ozko stranjo. Primerno za uporabo z Iosso trojnim oljem, \u010distilom za cev ali polirnim sredstvom za kovine. Uporabno za odstranjevanje ogljikovega o\u017eiga in ostankov smodnika v strelnem oro\u017eju ali industrijskih aplikacijah.<\/p>\n","protected":false},"excerpt":{"rendered":"<p>Dvostrana najlonska krta\u010da za vsestransko \u010di\u0161\u010denje. Paket 2 kosov.<\/p>\n","protected":false},"featured_media":63072,"template":"","meta":{"_acf_changed":false},"product_brand":[11488],"product_cat":[13425,13442],"product_tag":[],"class_list":{"0":"post-63071","1":"product","2":"type-product","3":"status-publish","4":"has-post-thumbnail","6":"product_brand-iosso","7":"product_cat-ciscenje-orozja","8":"product_cat-krtace","10":"first","11":"instock","12":"taxable","13":"shipping-taxable","14":"purchasable","15":"product-type-simple"},"acf":[],"_links":{"self":[{"href":"https:\/\/nbg.eu\/sl\/wp-json\/wp\/v2\/product\/63071","targetHints":{"allow":["GET"]}}],"collection":[{"href":"https:\/\/nbg.eu\/sl\/wp-json\/wp\/v2\/product"}],"about":[{"href":"https:\/\/nbg.eu\/sl\/wp-json\/wp\/v2\/types\/product"}],"wp:featuredmedia":[{"embeddable":true,"href":"https:\/\/nbg.eu\/sl\/wp-json\/wp\/v2\/media\/63072"}],"wp:attachment":[{"href":"https:\/\/nbg.eu\/sl\/wp-json\/wp\/v2\/media?parent=63071"}],"wp:term":[{"taxonomy":"product_brand","embeddable":true,"href":"https:\/\/nbg.eu\/sl\/wp-json\/wp\/v2\/product_brand?post=63071"},{"taxonomy":"product_cat","embeddable":true,"href":"https:\/\/nbg.eu\/sl\/wp-json\/wp\/v2\/product_cat?post=63071"},{"taxonomy":"product_tag","embeddable":true,"href":"https:\/\/nbg.eu\/sl\/wp-json\/wp\/v2\/product_tag?post=63071"}],"curies":[{"name":"wp","href":"https:\/\/api.w.org\/{rel}","templated":true}]}}