{"id":63324,"date":"2024-01-23T22:46:33","date_gmt":"2024-01-23T19:46:33","guid":{"rendered":"https:\/\/nbg.eu\/product\/iosso-gunbrite\/"},"modified":"2026-01-21T11:50:32","modified_gmt":"2026-01-21T08:50:32","slug":"iosso-gunbrite","status":"publish","type":"product","link":"https:\/\/nbg.eu\/sl\/izdelek\/iosso-gunbrite\/","title":{"rendered":"Iosso GunBrite"},"content":{"rendered":"<p>\nIosso GunBrite: \u010cistilo za oro\u017eje<\/p>\n<ul>\n<li>Varno za vse povr\u0161ine oro\u017eja<\/li>\n<li>Odstranjuje ostanke, rjo, made\u017ee in razbarvanje<\/li>\n<li>\u010cisti obro\u010de na bobni\u010du<\/li>\n<li>Pu\u0161\u010da za\u0161\u010ditno prevleko brez olja<\/li>\n<li>Odporno na prstne odtise in vlago<\/li>\n<\/ul>\n<p>Iosso GunBrite za \u010di\u0161\u010denje strelnega oro\u017eja<\/p>\n","protected":false},"excerpt":{"rendered":"<p>Iosso GunBrite: Varno \u010disti, polira in \u0161\u010diti strelno oro\u017eje.<\/p>\n","protected":false},"featured_media":102613,"template":"","meta":{"_acf_changed":false},"product_brand":[11488],"product_cat":[13425,13498],"product_tag":[],"class_list":{"0":"post-63324","1":"product","2":"type-product","3":"status-publish","4":"has-post-thumbnail","6":"product_brand-iosso","7":"product_cat-ciscenje-orozja","8":"product_cat-cistila","10":"first","11":"instock","12":"taxable","13":"shipping-taxable","14":"purchasable","15":"product-type-variable","16":"wvs-archive-product-wrapper"},"acf":[],"_links":{"self":[{"href":"https:\/\/nbg.eu\/sl\/wp-json\/wp\/v2\/product\/63324","targetHints":{"allow":["GET"]}}],"collection":[{"href":"https:\/\/nbg.eu\/sl\/wp-json\/wp\/v2\/product"}],"about":[{"href":"https:\/\/nbg.eu\/sl\/wp-json\/wp\/v2\/types\/product"}],"wp:featuredmedia":[{"embeddable":true,"href":"https:\/\/nbg.eu\/sl\/wp-json\/wp\/v2\/media\/102613"}],"wp:attachment":[{"href":"https:\/\/nbg.eu\/sl\/wp-json\/wp\/v2\/media?parent=63324"}],"wp:term":[{"taxonomy":"product_brand","embeddable":true,"href":"https:\/\/nbg.eu\/sl\/wp-json\/wp\/v2\/product_brand?post=63324"},{"taxonomy":"product_cat","embeddable":true,"href":"https:\/\/nbg.eu\/sl\/wp-json\/wp\/v2\/product_cat?post=63324"},{"taxonomy":"product_tag","embeddable":true,"href":"https:\/\/nbg.eu\/sl\/wp-json\/wp\/v2\/product_tag?post=63324"}],"curies":[{"name":"wp","href":"https:\/\/api.w.org\/{rel}","templated":true}]}}