{"id":672187,"date":"2025-11-17T17:17:59","date_gmt":"2025-11-17T14:17:59","guid":{"rendered":"https:\/\/nbg.eu\/product\/termokazalnik-nocpix-vista-s50r-z-lrf-1280x1024-15mk-netd\/"},"modified":"2026-04-14T16:19:12","modified_gmt":"2026-04-14T13:19:12","slug":"termokazalnik-nocpix-vista-s50r-z-lrf-1280x1024-15mk-netd","status":"publish","type":"product","link":"https:\/\/nbg.eu\/sl\/izdelek\/termokazalnik-nocpix-vista-s50r-z-lrf-1280x1024-15mk-netd\/","title":{"rendered":"Nocpix Termi\u010dna Kamera VISTA S50R LRF"},"content":{"rendered":"<h2>Toplotna kamera Nocpix VISTA S50R z LRF 1280&#215;1024 \u226415mK NETD<\/h2>\n<p>Sistem Vista Vision+, z njegovim 2560\u00d72560 AMOLED zaslonom in 8mm premerom izhodne zenice, nudi potopno do\u017eivetje gledanja. Opremljen s superior senzorjem in integriranim LRF-om, Vista zagotavlja najvi\u0161jo zmogljivost v industriji. Njegova uporabniku prijazna zasnova in izbolj\u0161ana re\u0161itev za baterijo jo delajo kot idealno spremljanje za premagovanje izzivov na prostem.<\/p>\n<h2>Vision+ sistem: potopno gledanje<\/h2>\n<p>Kro\u017eni AMOLED 2560\u00d72560 zaslon optimizira prostorsko u\u010dinkovitost in zagotavlja \u017eive vizualne u\u010dinke. Z 8 mm premerom izhodne zenice in na\u010dinom Pure Vision Vista nudi udobno in potopno do\u017eivetje gledanja.<\/p>\n<h2>Superior senzor: vrhunska kakovost slike<\/h2>\n<p>Na\u0161 samorazviti NETD \u226415mk 1280\u00d71024@12\u03bcm senzor zagotavlja visoko kakovost slike in stabilno zmogljivost. Obrise \u017eivali, anatomijo in vedenjske zna\u010dilnosti je mogo\u010de zlahka razlikovati.<\/p>\n<h2>Integrirani LRF: natan\u010dnost in prenosljivost<\/h2>\n<p>Na\u0161 2-v-1 integrirani razdaljemer (LRF 1200m) elegantno zdru\u017euje estetiko s popolnim opti\u010dnim poravnanjem osi. Ta lahka, kompaktna zasnova zagotavlja minimalno uporabo le\u010d, hkrati pa ohranja neopore\u010dno kakovost slike.<\/p>\n<h2>Hitrost osve\u017eevanja 60Hz: Gladko zajemanje gibanja<\/h2>\n<p>Opremljen s 60Hz detektorjem, Vista ponuja superiorno gladkost, kar omogo\u010da natan\u010dno zajemanje gibajo\u010dih se \u017eivali in prizorov z visoko hitrostjo. Ta pomembna nadgradnja s 50Hz zagotavlja gladkej\u0161e in natan\u010dnej\u0161e vizualizacije.<\/p>\n<h2>Objektiv F0.9: Izbolj\u0161an zajem svetlobe<\/h2>\n<p>Objektiv F0.9 je zasnovan za izbolj\u0161anje sprejema svetlobe za 20%, kar ob\u010dutno izbolj\u0161a svetlost in kakovost slike v primerjavi s tradicionalnimi objektivi F1.0. Ta napredek zagotavlja, da je vsaka podrobnost sijo\u010do jasna, kar Vista dela kot idealno spremljanje za opazovanje pono\u010di.<\/p>\n<h2>Prilagodljivo polnjenje: Zamenljive baterije za podalj\u0161ano delovanje<\/h2>\n<p>Vista ponuja dve mo\u017enosti polnjenja: zamenljive baterije IBP-7\/4400mAh, ki jih je mogo\u010de enostavno zamenjati, ali neposredno polnjenje prek vgrajenih vrat. To zagotavlja neprekinjeno delovanje, da se lahko osredoto\u010dite na lov brez te\u017eav z baterijo.<\/p>\n<h2>\u0160iroko vidno polje: Izbolj\u0161ana ozave\u0161\u010denost prizora<\/h2>\n<p>Z njegovo superior 2X osnovno pove\u010davo in \u0161irokim vidnim poljem, Vista S50R nudi izjemno perspektivo svojega okolja. To vam omogo\u010da, da brez truda opazite in spremljate ve\u010d tar\u010d prek obse\u017enih krajin, tako da vsak gib ujamete z jasnostjo.<\/p>\n<h2>Razli\u010dne barvne palete<\/h2>\n<p>Vista ponuja 7 razli\u010dnih barvnih palet, vklju\u010dno z rde\u010de-belimi in \u010disto zelenimi monokromatskimi na\u010dini. Te okolju prijazne mo\u017enosti pomagajo zmanj\u0161ati naprezanje o\u010di in zagotavljajo uporabo brez napora za dalj\u0161a \u010dasovna obdobja.<\/p>\n<h2>Uporabniku prijazna zasnova<\/h2>\n<p>Tiha Vista tipke zagotavljajo tiho uporabo v temi, medtem ko vrte\u010di se o\u010desni \u0161\u010dit prepre\u010duje uhajanje svetlobe in ohranja va\u0161o prisotnost skrito pred \u017eivalmi. Popolnoma ovita TPU usnjata tekstura zagotavlja udoben oprijem, kar podalj\u0161ano uporabo naredi brezskrbno.<\/p>\n","protected":false},"excerpt":{"rendered":"<p>Nocpix VISTA S50R \u0441 LRF 1280&#215;1024 &lt;15mK NETD: vgleden zaslon AMOLED 2560&#215;2560, vrhunski senzor 1280&#215;1024, vgrajen LRF, objektiv F0.9, hitrost osve\u017eevanja 60 Hz, prilagodljivo polnjenje, \u0161iroko vidno polje in uporabniku prijazen dizajn.<\/p>\n<p>\u010ce artikla ni na voljo, vas prosimo, da se obrnete na nas: shop@nbg.eu ali +359896147790<\/p>\n","protected":false},"featured_media":673184,"template":"","meta":{"_acf_changed":false},"product_brand":[14462],"product_cat":[13454,16100],"product_tag":[],"class_list":{"0":"post-672187","1":"product","2":"type-product","3":"status-publish","4":"has-post-thumbnail","6":"product_brand-nocpix","7":"product_cat-termovizija","8":"product_cat-thermal-cameras-sl","10":"first","11":"instock","12":"taxable","13":"shipping-taxable","14":"purchasable","15":"product-type-simple"},"acf":[],"_links":{"self":[{"href":"https:\/\/nbg.eu\/sl\/wp-json\/wp\/v2\/product\/672187","targetHints":{"allow":["GET"]}}],"collection":[{"href":"https:\/\/nbg.eu\/sl\/wp-json\/wp\/v2\/product"}],"about":[{"href":"https:\/\/nbg.eu\/sl\/wp-json\/wp\/v2\/types\/product"}],"wp:featuredmedia":[{"embeddable":true,"href":"https:\/\/nbg.eu\/sl\/wp-json\/wp\/v2\/media\/673184"}],"wp:attachment":[{"href":"https:\/\/nbg.eu\/sl\/wp-json\/wp\/v2\/media?parent=672187"}],"wp:term":[{"taxonomy":"product_brand","embeddable":true,"href":"https:\/\/nbg.eu\/sl\/wp-json\/wp\/v2\/product_brand?post=672187"},{"taxonomy":"product_cat","embeddable":true,"href":"https:\/\/nbg.eu\/sl\/wp-json\/wp\/v2\/product_cat?post=672187"},{"taxonomy":"product_tag","embeddable":true,"href":"https:\/\/nbg.eu\/sl\/wp-json\/wp\/v2\/product_tag?post=672187"}],"curies":[{"name":"wp","href":"https:\/\/api.w.org\/{rel}","templated":true}]}}