{"id":673431,"date":"2025-11-17T17:24:54","date_gmt":"2025-11-17T14:24:54","guid":{"rendered":"https:\/\/nbg.eu\/product\/termalna-kamera-nocpix-vista-h50r-s-lrf-50mm-12um-640x512-15mk-netd\/"},"modified":"2026-04-14T16:19:08","modified_gmt":"2026-04-14T13:19:08","slug":"termalna-kamera-nocpix-vista-h50r-s-lrf-50mm-12um-640x512-15mk-netd","status":"publish","type":"product","link":"https:\/\/nbg.eu\/sl\/izdelek\/termalna-kamera-nocpix-vista-h50r-s-lrf-50mm-12um-640x512-15mk-netd\/","title":{"rendered":"Nocpix Termi\u010dna Kamera VISTA H50R LRF"},"content":{"rendered":"<h2>Nocpix VISTA H50R &#8211; Sodobna termovizijska kamera z laserskim razdaljemerom<\/h2>\n<p>Nocpix VISTA H50R je sodobna termovizijska kamera z vgrajenim laserskim razdaljemerom, ki je zasnovana za uporabo podnevi in pono\u010di. Zagotavlja odli\u010dno kakovost slike tudi v te\u017ekih vremenskih razmerah, kot so megla, smog in de\u017e, in lahko zaznava cilje skozi ovire, kot so veje, visoka trava in gosta podrast, ki obi\u010dajno ovirajo vidljivost.<\/p>\n<p>VISTA H50R je ve\u010dnamenski in primeren za vrsto aplikacij, vklju\u010dno z lovom, varnostjo, nadzorom, navigacijo v terenu in iskalno-re\u0161evalnimi operacijami. Njuna napredna termalna tehnologija zagotavlja zanesljivo delovanje in jasne slike ter natan\u010dne meritve v zahtevnih okoljih.<\/p>\n<h2>Specifikacije:<\/h2>\n<p>Lo\u010dljivost: 640 x 512<br \/>\nVelikost slikovnega elementa: 12<br \/>\nNETD, mK: \u226415<br \/>\nHitrost sli\u010dic: 50<br \/>\nObjektiv: 50 mm F0.9<br \/>\nVidno polje: 8,8 x 7,0<br \/>\nVidno polje (linearno): 15 x 12<br \/>\nPove\u010dava: 4~40<br \/>\nDoseg zaznave: 2600<br \/>\nRazdalja od o\u010di: 25<br \/>\nPremer izhoda zenice: 8<br \/>\nDioptrija: -4 ~ +6<br \/>\nTip zaslona: AMOLED<br \/>\nLo\u010dljivost zaslona: 2560 x 2560<br \/>\nBaterija: Zamenljiva litij-ionska baterija IBP-7 \/ 4400 mAh<br \/>\nMaksimalni \u010das delovanja: 5,5<br \/>\nRazdalja merjenja razdalje: 1200<br \/>\nLaser: Razred 1<br \/>\nWi-Fi\/Aplikacija: DA<br \/>\nMikrofon: DA<br \/>\nZmogljivost pomnilnika: 64 GB<br \/>\nStopnja za\u0161\u010dite IP: IP67<br \/>\nMaksimalna delovna temperatura: -20 ~ +50<br \/>\nTe\u017ea (un\u010de): 22,93<br \/>\nTe\u017ea (g): 650<br \/>\nDimenzije (palci): 7,64 x 2,76 x 3,23<br \/>\nDimenzije (mm): 194 x 70 x 82<\/p>\n<p>Detektor 640\u00d7512 z 12 \u03bcm pikslom<br \/>\nNETD\u226415 mK<br \/>\nHitrost sli\u010dic 60 Hz<br \/>\nObjektiv F0.9<br \/>\nAMOLED zaslon 2560\u00d72560 okrogle oblike<br \/>\nZamenljiva akumulatorska baterija IBP-7<br \/>\nGladko digitalno pove\u010devanje: 1\u00d7~8\u00d7<br \/>\nUltra \u010disti na\u010din<br \/>\nZa\u0161\u010dita o\u010di z nizko svetlostjo, paleto barv in toplo barvo<br \/>\nElektronska stabilizacija slike<\/p>\n","protected":false},"excerpt":{"rendered":"<p>Nocpix VISTA H50R je 640\u00d7512 12um toplotna kamera z \u226415mK NETD, 50mm F0.9 objektivom in vgrajenim laserskim razdaljemerom, primerna za lov, varnost in ve\u010d.<\/p>\n<p>\u010ce izdelek ni na voljo, nas prosimo kontaktirajte: shop@nbg.eu ali +359896147790<\/p>\n","protected":false},"featured_media":673782,"template":"","meta":{"_acf_changed":false},"product_brand":[14462],"product_cat":[13454,16100],"product_tag":[],"class_list":{"0":"post-673431","1":"product","2":"type-product","3":"status-publish","4":"has-post-thumbnail","6":"product_brand-nocpix","7":"product_cat-termovizija","8":"product_cat-thermal-cameras-sl","10":"first","11":"instock","12":"taxable","13":"shipping-taxable","14":"purchasable","15":"product-type-simple"},"acf":[],"_links":{"self":[{"href":"https:\/\/nbg.eu\/sl\/wp-json\/wp\/v2\/product\/673431","targetHints":{"allow":["GET"]}}],"collection":[{"href":"https:\/\/nbg.eu\/sl\/wp-json\/wp\/v2\/product"}],"about":[{"href":"https:\/\/nbg.eu\/sl\/wp-json\/wp\/v2\/types\/product"}],"wp:featuredmedia":[{"embeddable":true,"href":"https:\/\/nbg.eu\/sl\/wp-json\/wp\/v2\/media\/673782"}],"wp:attachment":[{"href":"https:\/\/nbg.eu\/sl\/wp-json\/wp\/v2\/media?parent=673431"}],"wp:term":[{"taxonomy":"product_brand","embeddable":true,"href":"https:\/\/nbg.eu\/sl\/wp-json\/wp\/v2\/product_brand?post=673431"},{"taxonomy":"product_cat","embeddable":true,"href":"https:\/\/nbg.eu\/sl\/wp-json\/wp\/v2\/product_cat?post=673431"},{"taxonomy":"product_tag","embeddable":true,"href":"https:\/\/nbg.eu\/sl\/wp-json\/wp\/v2\/product_tag?post=673431"}],"curies":[{"name":"wp","href":"https:\/\/api.w.org\/{rel}","templated":true}]}}