{"id":673809,"date":"2025-11-17T17:24:57","date_gmt":"2025-11-17T14:24:57","guid":{"rendered":"https:\/\/nbg.eu\/product\/toplotna-kamera-nocpix-vista-h35r-z-lrf-35mm-12um-640x512-15mk-net\/"},"modified":"2026-04-14T16:19:06","modified_gmt":"2026-04-14T13:19:06","slug":"toplotna-kamera-nocpix-vista-h35r-z-lrf-35mm-12um-640x512-15mk-net","status":"publish","type":"product","link":"https:\/\/nbg.eu\/sl\/izdelek\/toplotna-kamera-nocpix-vista-h35r-z-lrf-35mm-12um-640x512-15mk-net\/","title":{"rendered":"Nocpix Termi\u010dna Kamera VISTA H35R LRF"},"content":{"rendered":"<h2>Nocpix VISTA H35R termalni monokular z laseskim razdaljemerom<\/h2>\n<p>Nocpix VISTA H35R je ve\u010dnamenski termalni monokular, opremljen z vgrajenim laserskim razdaljemerom (LRF), zasnovan za zanesljivo uporabo podnevi in pono\u010di. Ta napredna naprava ponuja izjemno toplotno slikovno zmogljivost, ki zagotavlja jasne in podrobne vizualne informacije celo v zahtevnih vremenskih razmerah, kot so megla, smog in de\u017e. Zmo\u017ena je zaznati cilje skozi ovire, kot so veje, visoka trava in gosta podrast, kar zagotavlja u\u010dinkovito delovanje v okoljih, kjer tradicionalne optike niso ustrezne.<\/p>\n<p>Primeren za vrsto aplikacij, je VISTA H35R popoln za lov, nadzor, varnost, navigacijo po terenu ter iskalne in re\u0161evalne akcije. S svojo vrhunsko tehnologijo in trdno konstrukcijo VISTA H35R zagotavlja natan\u010dno zaznavanje in merjenje v najte\u017ejih pogojih.<\/p>\n<h2>Specifikacije<\/h2>\n<p>Lo\u010dljivost: 640 x 512<br \/>\nVelikost piksla: 12<br \/>\nNETD, mK: \u226415<br \/>\nHitrost sli\u010dic: 50<br \/>\nObjektiv: 35 mm F0,9<br \/>\nVidno polje: 12,5 x 10,0<br \/>\nVidno polje (linearno): 22 x 18<br \/>\nPove\u010dava: 3~28<br \/>\nRazpon zaznavanja: 1800<br \/>\nRazdalja od o\u010di: 25<br \/>\nPremer izhodno ro\u010dnega okna: 8<br \/>\nDioptrin: -4 ~ +6<br \/>\nTip zaslona: AMOLED<br \/>\nLo\u010dljivost zaslona: 2560 x 2560<br \/>\nBaterija: Zamenljiva litij-ionska baterija IBP-7 \/ 4400mAh<br \/>\nMaks. \u010das delovanja: 5,5<br \/>\nRazdalja merjenja dosega: 1200<br \/>\nLaser: Razred 1<br \/>\nWi-Fi\/aplikacija: DA<br \/>\nMikrofon: DA<br \/>\nKapaciteta pomnilnika: 64GB<br \/>\nStopnja za\u0161\u010dite IP: IP67<br \/>\nMaks. delovna temperatura: -20 ~ +50<br \/>\nTe\u017ea (un\u010de): 22,58<br \/>\nTe\u017ea (g): 640<br \/>\nDimenzije (in): 7,48 x 2,64 x 3,11<br \/>\nDimenzije (mm): 190 x 67 x 79<\/p>\n<h2>Zna\u010dilnosti<\/h2>\n<p>640\u00d7512 12\u03bcm detektor<br \/>\nNETD\u226415mK<br \/>\nHitrost sli\u010dic 60Hz<br \/>\nF0,9 objektiv<br \/>\nAMOLED 2560\u00d72560 okrogel zaslon<br \/>\nHitro zamenljiva akumulatorska baterija IBP-7<br \/>\nGladko digitalno pove\u010devanje: 1\u00d7~8\u00d7<br \/>\nUltra \u010disti na\u010din<br \/>\nZa\u0161\u010dita o\u010di z nizko svetlostjo, paleto barv in toplo odtenkom<br \/>\nElektronska stabilizacija slike<\/p>\n","protected":false},"excerpt":{"rendered":"<p>Toplotna kamera Nocpix VISTA H35R s 35 mm 12um 640&#215;512 &lt;15mk NET in LRF, za zanesljivo uporabo podnevi\/pono\u010di v zahtevnih razmerah.<\/p>\n","protected":false},"featured_media":673973,"template":"","meta":{"_acf_changed":false},"product_brand":[14462],"product_cat":[13454,16100],"product_tag":[],"class_list":{"0":"post-673809","1":"product","2":"type-product","3":"status-publish","4":"has-post-thumbnail","6":"product_brand-nocpix","7":"product_cat-termovizija","8":"product_cat-thermal-cameras-sl","10":"first","11":"instock","12":"taxable","13":"shipping-taxable","14":"purchasable","15":"product-type-simple"},"acf":[],"_links":{"self":[{"href":"https:\/\/nbg.eu\/sl\/wp-json\/wp\/v2\/product\/673809","targetHints":{"allow":["GET"]}}],"collection":[{"href":"https:\/\/nbg.eu\/sl\/wp-json\/wp\/v2\/product"}],"about":[{"href":"https:\/\/nbg.eu\/sl\/wp-json\/wp\/v2\/types\/product"}],"wp:featuredmedia":[{"embeddable":true,"href":"https:\/\/nbg.eu\/sl\/wp-json\/wp\/v2\/media\/673973"}],"wp:attachment":[{"href":"https:\/\/nbg.eu\/sl\/wp-json\/wp\/v2\/media?parent=673809"}],"wp:term":[{"taxonomy":"product_brand","embeddable":true,"href":"https:\/\/nbg.eu\/sl\/wp-json\/wp\/v2\/product_brand?post=673809"},{"taxonomy":"product_cat","embeddable":true,"href":"https:\/\/nbg.eu\/sl\/wp-json\/wp\/v2\/product_cat?post=673809"},{"taxonomy":"product_tag","embeddable":true,"href":"https:\/\/nbg.eu\/sl\/wp-json\/wp\/v2\/product_tag?post=673809"}],"curies":[{"name":"wp","href":"https:\/\/api.w.org\/{rel}","templated":true}]}}