{"id":673994,"date":"2025-11-17T17:25:01","date_gmt":"2025-11-17T14:25:01","guid":{"rendered":"https:\/\/nbg.eu\/product\/termicni-vizir-nocpix-slim-l35\/"},"modified":"2026-04-14T16:19:02","modified_gmt":"2026-04-14T13:19:02","slug":"termicni-vizir-nocpix-slim-l35","status":"publish","type":"product","link":"https:\/\/nbg.eu\/sl\/izdelek\/termicni-vizir-nocpix-slim-l35\/","title":{"rendered":"Nocpix Termi\u010dni Namerilnik Slim L35"},"content":{"rendered":"<h2>Termovizijska naprava Nocpix Slim L35: Neprekosljiva lovska u\u010dinkovitost<\/h2>\n<p>Predstavljamo vam serijo SLIM daljnogledov: 2-v-1 ro\u010dni MONOCULAR ali 3,5x (L35) daljnogled. Izberite med dvema visoko zmogljivima jedroma, u\u017eivajte v zaslonu OLED z lo\u010dljivostjo 1024&#215;768 in koristite zamenljivo baterijo 18650 za 10 ur napajanja. Zajemite vsak trenutek z zapisovanjem u\u010dinka, da ne izpustite niti enega okvirja.<\/p>\n<p>Brezhibno preklapljajte med ro\u010dnim in opti\u010dnim pogledom brez potrebe po ponovnem umeritvi, zahvaljujo\u010d zasnovi 2-v-1 s hitro snemljivim nosilcem. U\u017eivajte v neutrujajo\u010dem gledanju z zaslonom AMOLED lo\u010dljivosti 1024&#215;768, novo zasnovo okularja in udobnim izstopnim o\u010desnim premerom 10 mm. S te\u017eo samo 500 g je ta ultralahka zasnova enostavna za podalj\u0161ano uporabo in ohranja va\u0161o gibljivost na terenu.<\/p>\n<p>Visoko zmogljive glavne mo\u017enosti &#8211; 384\u00d7288@12\u03bcm ali 640\u00d7512@12\u03bcm, NETD\u226418 mK zagotavljajo neprekosljivo kakovost slike, tako da je vsak detajl jasno viden ne glede na pogoje lova. S tehnologijo Reality+ Slim dose\u017ee kakovost slike, ki presega druge blagovne znamke s senzorji v isti razredu.<\/p>\n<p>Nikoli ne zgre\u0161ite strela z zna\u010dilnostjo RAV, ki vam omogo\u010da ponovno ogled in deljenje va\u0161ih najbolj vznemirljivih lovskih trenutkov. Lovite dlje z odstranljivo, temperaturno obstojno baterijo 18650, ki ponuja do 8 ur pripravljenosti tudi v ekstremnih pogojih. Z 3,5-kratno osnovno pove\u010davo je SLIM L35 va\u0161a izbira za lov na dolge razdalje, kar naredi lov na kojote natan\u010dnej\u0161i in u\u010dinkovitej\u0161i.<\/p>\n","protected":false},"excerpt":{"rendered":"<p>Daljnogled serije SLIM: 2-v-1 ro\u010dni MONOKUL\u0410\u0420 ali optika 3,5x (L35) z OLED lo\u010dljivostjo 1024 x 768, baterijo 18650, snemanjem udarca, toplotnim senzorjem in hitro zamenljivostjo.<\/p>\n<p>\u010ce izdelek ni na voljo, nas kontaktirajte na: shop@nbg.eu ali +359896147790<\/p>\n","protected":false},"featured_media":674752,"template":"","meta":{"_acf_changed":false},"product_brand":[14462],"product_cat":[16100],"product_tag":[],"class_list":{"0":"post-673994","1":"product","2":"type-product","3":"status-publish","4":"has-post-thumbnail","6":"product_brand-nocpix","7":"product_cat-thermal-cameras-sl","9":"first","10":"instock","11":"taxable","12":"shipping-taxable","13":"purchasable","14":"product-type-simple"},"acf":[],"_links":{"self":[{"href":"https:\/\/nbg.eu\/sl\/wp-json\/wp\/v2\/product\/673994","targetHints":{"allow":["GET"]}}],"collection":[{"href":"https:\/\/nbg.eu\/sl\/wp-json\/wp\/v2\/product"}],"about":[{"href":"https:\/\/nbg.eu\/sl\/wp-json\/wp\/v2\/types\/product"}],"wp:featuredmedia":[{"embeddable":true,"href":"https:\/\/nbg.eu\/sl\/wp-json\/wp\/v2\/media\/674752"}],"wp:attachment":[{"href":"https:\/\/nbg.eu\/sl\/wp-json\/wp\/v2\/media?parent=673994"}],"wp:term":[{"taxonomy":"product_brand","embeddable":true,"href":"https:\/\/nbg.eu\/sl\/wp-json\/wp\/v2\/product_brand?post=673994"},{"taxonomy":"product_cat","embeddable":true,"href":"https:\/\/nbg.eu\/sl\/wp-json\/wp\/v2\/product_cat?post=673994"},{"taxonomy":"product_tag","embeddable":true,"href":"https:\/\/nbg.eu\/sl\/wp-json\/wp\/v2\/product_tag?post=673994"}],"curies":[{"name":"wp","href":"https:\/\/api.w.org\/{rel}","templated":true}]}}