{"id":674774,"date":"2025-11-17T17:25:02","date_gmt":"2025-11-17T14:25:02","guid":{"rendered":"https:\/\/nbg.eu\/product\/thermal-sight-nocpix-slim-h35\/"},"modified":"2026-04-14T16:18:59","modified_gmt":"2026-04-14T13:18:59","slug":"thermal-sight-nocpix-slim-h35","status":"publish","type":"product","link":"https:\/\/nbg.eu\/sl\/izdelek\/thermal-sight-nocpix-slim-h35\/","title":{"rendered":"Nocpix Termi\u010dni Namerilnik Slim H35"},"content":{"rendered":"<h2>Termalna vizirka Nocpix Slim H35 &#8211; izredno lahka termalna vizualizacija z izjemno kakovostjo slike<\/h2>\n<p>Predstavljamo serijo SLIM daljnogledov: 2-v-1 ro\u010dni MONOCULAR ali 3,5x (L35) daljnogled. Izberite med dvema visokokakovostnima jedroma, u\u017eivajte v OLED zaslonu lo\u010dljivosti 1024&#215;768 in imejte korist od zamenljive litij-ionske baterije 18650 za 10 ur napajanja. Posnemite vsak trenutek z mo\u017enostjo snemanja, da ne bo nobena slika zamujala.<\/p>\n<p>U\u017eivajte v neobremenilnem gledanju z AMOLED zaslonom lo\u010dljivosti 1024&#215;768, novo zasnovo okularja in udobnim izstopnim premerom zenice 10 mm.<\/p>\n<p>Te\u017ea le 500 g omogo\u010da ultrarahlo zasnovo, ki omogo\u010da enostavno in dolgotrajno uporabo ter vam daje agilnost na terenu.<\/p>\n<p>Visokokakovostne glavne mo\u017enosti &#8211; 384&#215;288@12\u03bcm ali 640&#215;512@12\u03bcm, NETD\u226418 mK zagotavljajo neprimerljivo kakovost slike, ki zagotavlja, da bo vsak detajl zajet z osupljivo jasnostjo, ne glede na lovske razmere. Z dodatno mo\u010djo tehnologije Reality+ dose\u017ee Slim kakovost slike, ki presega druge znamke s senzorji v isti kategoriji.<\/p>\n<p>Nikoli ne zamudite strela z zna\u010dilnostjo RAV, ki vam omogo\u010da, da si ogledate in delite svoje najbolj vznemirljive lovske trenutke.<\/p>\n<p>Lovite naprej z odstranljivo, na nizke temperature odporno baterijo 18650, ki v ekstremnih pogojih nudi do 8 ur pripravljenosti. Ima tudi magnetni priklju\u010dek za polnjenje, ki omogo\u010da enostavno polnjenje, tudi v popolni temi.<\/p>\n","protected":false},"excerpt":{"rendered":"<p>Termovizija Nocpix Slim H35: 2-v-1 monokularna\/3,5x optika z 1024\u00d7768 OLED, 18650 baterija, snemanje ob trku.<\/p>\n","protected":false},"featured_media":676407,"template":"","meta":{"_acf_changed":false},"product_brand":[14462],"product_cat":[16100],"product_tag":[],"class_list":{"0":"post-674774","1":"product","2":"type-product","3":"status-publish","4":"has-post-thumbnail","6":"product_brand-nocpix","7":"product_cat-thermal-cameras-sl","9":"first","10":"instock","11":"taxable","12":"shipping-taxable","13":"purchasable","14":"product-type-simple"},"acf":[],"_links":{"self":[{"href":"https:\/\/nbg.eu\/sl\/wp-json\/wp\/v2\/product\/674774","targetHints":{"allow":["GET"]}}],"collection":[{"href":"https:\/\/nbg.eu\/sl\/wp-json\/wp\/v2\/product"}],"about":[{"href":"https:\/\/nbg.eu\/sl\/wp-json\/wp\/v2\/types\/product"}],"wp:featuredmedia":[{"embeddable":true,"href":"https:\/\/nbg.eu\/sl\/wp-json\/wp\/v2\/media\/676407"}],"wp:attachment":[{"href":"https:\/\/nbg.eu\/sl\/wp-json\/wp\/v2\/media?parent=674774"}],"wp:term":[{"taxonomy":"product_brand","embeddable":true,"href":"https:\/\/nbg.eu\/sl\/wp-json\/wp\/v2\/product_brand?post=674774"},{"taxonomy":"product_cat","embeddable":true,"href":"https:\/\/nbg.eu\/sl\/wp-json\/wp\/v2\/product_cat?post=674774"},{"taxonomy":"product_tag","embeddable":true,"href":"https:\/\/nbg.eu\/sl\/wp-json\/wp\/v2\/product_tag?post=674774"}],"curies":[{"name":"wp","href":"https:\/\/api.w.org\/{rel}","templated":true}]}}