{"id":676603,"date":"2025-11-17T17:25:14","date_gmt":"2025-11-17T14:25:14","guid":{"rendered":"https:\/\/nbg.eu\/product\/toplotni-pogled-nocpix-rico-2-s75r\/"},"modified":"2026-04-14T16:18:56","modified_gmt":"2026-04-14T13:18:56","slug":"toplotni-pogled-nocpix-rico-2-s75r","status":"publish","type":"product","link":"https:\/\/nbg.eu\/sl\/izdelek\/toplotni-pogled-nocpix-rico-2-s75r\/","title":{"rendered":"Nocpix Termi\u010dni Namerilnik Rico 2 S75R"},"content":{"rendered":"<h2>Nocpix Rico 2 S75R: Popolnost pri dolgometnih strelih<\/h2>\n<p>Serija termi\u010dnih opti\u010dnih ciljnikov Nocpix RICO 2 S75R je namenjena lovcem, ki zahtevajo najbolj\u0161o jasnost, domet in udobje. Zasnovan z vodilnim industrijskim termi\u010dnim senzorjem in visokim hitrostjo sli\u010dic, zagotavlja izjemno kakovost slike, ki olaj\u0161a prepoznavanje in sledenje tar\u010d. Njegov dolg gori\u0161\u010dna razdalja in vgrajen LRF zagotavljajo natan\u010dno merjenje oddaljenih tar\u010d, napredna opti\u010dna zasnova pa nuditra brezhibno do\u017eivetje gledanja brez popa\u010denj. S postopnim ro\u010dico za pove\u010davo in izjemnim o\u010desnim razmakom omogo\u010da lovcem Nocpix RICO 2 S75R serija enostaven nadzor pove\u010dave in udobno uporabo med dalj\u0161imi lovi. Z inovativnimi tehnologijami in uporabniku prijazno zasnovo vam serija Nocpix RICO 2 S75R resni\u010dno omogo\u010da lov onkraj meja tistega, kar je mogo\u010de.<\/p>\n<h2>Napredna zmogljivost<\/h2>\n<p>Odli\u010dni rezultati z naprednim termi\u010dnim senzorjem druge generacije 12\u03bcm@60Hz, z NETD \u226415mK, za ostre, visoko kontrastne slike in izbolj\u0161ano prepoznavanje tar\u010d. Nocpix RICO 2 S75R je opremljen z ve\u010djimi objektivnimi le\u010dami (75 mm\/F1.0, 50 mm\/F1.0, 42 mm\/F1.0), ki ponujajo izbolj\u0161ane svetlobne zmogljivosti za izjemno jasnost slike in podalj\u0161an zaznavni doseg. Serija RICO 2 vam omogo\u010da enostavno prilagajanje pove\u010dave z gladko LPVO-stilno ro\u010dico za pove\u010davo, kar zagotavlja hiter in enostaven nadzor, s katerim lahko samozavestno dose\u017eete cilje na vseh razdaljah z natan\u010dnostjo. Serija RICO 2 se pona\u0161a z izjemnim dosegom zaznavanja do 3896 m, kar vam zagotavlja pomembno prednost pri dolgometnih lovskih aktivnostih in natan\u010dnem ciljanju.<\/p>\n<h2>Pro\u017eno in natan\u010dno ciljanje<\/h2>\n<p>Nocpix RICO 2 S75R je opremljen z vgrajenim LRF-jem, ki omogo\u010da lasersko zaznavanje na razdaljah do 1200 m z natan\u010dnim poravnavo opti\u010dne osi, s \u010dimer zagotavlja natan\u010dne meritve razdalje, hkrati pa ohranja elegantno zasnovo. Poenostavite namestitev strela z avtomatskimi balisti\u010dni izra\u010duni z uporabo vgrajenega LRF-ja, s katerim lahko preprosto dose\u017eete natan\u010dne zadetke na dolgih razdaljah.<\/p>\n<h2>Izjemno jasno in udobno gledanje<\/h2>\n<p>1.03&#8243; 2560&#215;2560 OLED zaslon (S75R), objektiv brez popa\u010denj, 70 mm o\u010desni razmak in 23 mm izstopna zenica zagotavljajo ostro in udobno gledanje za dalj\u0161e uporabe. Model S75R je opremljen z neverjetnim 70 mm odmikom, ki zagotavlja maksimalno udobje za dolgotrajno uporabo brez utrujenosti o\u010di in zagotavlja varnost o\u010di.<\/p>\n","protected":false},"excerpt":{"rendered":"<p>Sodobni senzor druge generacije, lo\u010dljivost 1280&#215;1024, fleksibilen in natan\u010den integrirani LRF, izjemno jasna in udobna vizualna izku\u0161nja, varnost in udoben o\u010desni odmik. Nocpix Rico 2 S75R &#8211; strokovnjak za daljinske strele.<\/p>\n<p>\u010ce artikel ni na voljo, nas prosimo kontaktirajte: shop@nbg.eu ali +359896147790<\/p>\n","protected":false},"featured_media":676668,"template":"","meta":{"_acf_changed":false},"product_brand":[14462],"product_cat":[16100],"product_tag":[],"class_list":{"0":"post-676603","1":"product","2":"type-product","3":"status-publish","4":"has-post-thumbnail","6":"product_brand-nocpix","7":"product_cat-thermal-cameras-sl","9":"first","10":"instock","11":"taxable","12":"shipping-taxable","13":"purchasable","14":"product-type-simple"},"acf":[],"_links":{"self":[{"href":"https:\/\/nbg.eu\/sl\/wp-json\/wp\/v2\/product\/676603","targetHints":{"allow":["GET"]}}],"collection":[{"href":"https:\/\/nbg.eu\/sl\/wp-json\/wp\/v2\/product"}],"about":[{"href":"https:\/\/nbg.eu\/sl\/wp-json\/wp\/v2\/types\/product"}],"wp:featuredmedia":[{"embeddable":true,"href":"https:\/\/nbg.eu\/sl\/wp-json\/wp\/v2\/media\/676668"}],"wp:attachment":[{"href":"https:\/\/nbg.eu\/sl\/wp-json\/wp\/v2\/media?parent=676603"}],"wp:term":[{"taxonomy":"product_brand","embeddable":true,"href":"https:\/\/nbg.eu\/sl\/wp-json\/wp\/v2\/product_brand?post=676603"},{"taxonomy":"product_cat","embeddable":true,"href":"https:\/\/nbg.eu\/sl\/wp-json\/wp\/v2\/product_cat?post=676603"},{"taxonomy":"product_tag","embeddable":true,"href":"https:\/\/nbg.eu\/sl\/wp-json\/wp\/v2\/product_tag?post=676603"}],"curies":[{"name":"wp","href":"https:\/\/api.w.org\/{rel}","templated":true}]}}